{"id":788,"date":"2016-02-25T14:54:23","date_gmt":"2016-02-25T12:54:23","guid":{"rendered":"https:\/\/blog.edu.turku.fi\/nummenpakka\/?page_id=788"},"modified":"2023-10-10T15:12:34","modified_gmt":"2023-10-10T12:12:34","slug":"kouluruokailu","status":"publish","type":"page","link":"https:\/\/blog.edu.turku.fi\/nummenpakka\/yhteystiedot\/kouluruokailu\/","title":{"rendered":"Kouluruokailu"},"content":{"rendered":"<p><strong>Turun kaupungin koulujen ja p\u00e4iv\u00e4kotien ruokapalvelujen tarjoaja on 2023 vuoden alusta alkaen Kaarea. Toiminta siirtyy t\u00e4h\u00e4n asti palveluja tarjonneelta Arkealta. <\/strong><\/p>\n<p><strong>Yhteystiedot:<br \/>\n<\/strong>Keitti\u00f6 Aurajoki<br \/>\nvuorovastaava Veera Salmivaara 040- 661 4958 (Arkea- Aurajoen keitti\u00f6)<\/p>\n<p>Keitti\u00f6 Nummi-Halinen<br \/>\nvuorovastaava Sari Sirki\u00e4\u00a0 040- 512 6830 (Arkea- Aninkaisten keitti\u00f6)<\/p>\n<p>My\u00f6s s\u00e4hk\u00f6postia voi l\u00e4hett\u00e4\u00e4 (etunimi.sukunimi@kaarea.fi)<br \/>\n<strong>HUOM!<\/strong> <em>veera-maria.salmivaara@kaarea.fi<\/em><\/p>\n<p><strong>Ruokalistat:<\/strong><br \/>\nRuokalistat l\u00f6ytyv\u00e4t 1.1.2023 alkaen Kaarean verkkosivuilta osoitteesta https:\/\/menu.kaarea.fi <a href=\"https:\/\/menu.kaarea.fi\/KaareaAromieMenus\/FI\/Default\/Kaarea\/_\/Default.aspx\">Aromi (kaarea.fi)<\/a><br \/>\nAurajoen yksik\u00f6n <a href=\"https:\/\/menu.kaarea.fi\/KaareaAromieMenus\/FI\/Default\/Kaarea\/AURAJOKI\/Restaurant.aspx\" target=\"_blank\" rel=\"noopener\">ruokalista<\/a><br \/>\nHalisten ja Nummen yksik\u00f6iden <a href=\"https:\/\/menu.kaarea.fi\/KaareaAromieMenus\/FI\/Default\/Kaarea\/NUMMENKO\/Restaurant.aspx\" target=\"_blank\" rel=\"noopener\">ruokalista\u00a0<\/a><\/p>\n<p><strong>V\u00c4LIPALAMYYNTI AURAJOEN YKSIK\u00d6SS\u00c4 2023-24<br \/>\n<em><span style=\"color: #ff0000\">Nyt k\u00e4tev\u00e4sti saatavilla v\u00e4lipalakortti suoraan k\u00e4nnykk\u00e4\u00e4n:<br \/>\n<\/span><\/em><span style=\"color: #ff0000\"><a href=\"https:\/\/kaarea.fi\/koulu-ja-paivakotiruoka\" target=\"_blank\" rel=\"noopener\">Digitaalinen v\u00e4lipalakortti Mape-sovelluksessa<\/a><\/span><em><span style=\"color: #ff0000\"><br \/>\n<\/span><\/em> <\/strong><strong><a href=\"https:\/\/kaarea.fi\/sites\/default\/files\/2023-09\/MAPE-va%CC%88lipalakortti_saldon_ostaminen.pdf\" target=\"_blank\" rel=\"noopener\">MAPE-v\u00e4lipalakortti esitys (kaarea.fi)<\/a><br \/>\n<\/strong><br \/>\n<em>Aurajoen yksik\u00f6ss\u00e4 v\u00e4lipalamyynti v\u00e4lipalakortilla oppilaille ja opetushenkil\u00f6st\u00f6lle ma, ke-pe klo 14.00-14.15.<br \/>\n<strong><br \/>\nOhjeet v\u00e4lipalakortin hankkimiseksi, huoltajalle ja oppilaille 1.1.2023 alkaen<\/strong><br \/>\n1. Maksa v\u00e4lipalakortti Kaarean\u00a0tilille, tilinumero <strong>FI40 5716 9020 0778 43<\/strong><br \/>\n2.\u00a0Summa 20 \u20ac<br \/>\n3.\u00a0Viitteeksi viesti-kohtaan\u00a0<strong>v\u00e4lipalakortti, kortin k\u00e4ytt\u00e4j\u00e4n nimi (etunimi, sukunimi), luokka<\/strong><br \/>\n4. Ota talteen maksutapahtuman kuitti.<br \/>\n<\/em><\/p>\n<p><em><strong>Oppilaille ohjeeksi:<br \/>\n<\/strong><\/em><em>1. N\u00e4yt\u00e4 maksutapahtuman kuitin tai valokuvan kuitista keitti\u00f6n henkil\u00f6kunnalle v\u00e4lipalamyynnin aikana ja saat kortin keitti\u00f6st\u00e4.<br \/>\n<\/em><em>2. Ruokasaliin p\u00e4\u00e4set ostamaan v\u00e4lipalaa ainoastaan omalla henkil\u00f6kohtaisella v\u00e4lipalakortilla; kaverin ja<br \/>\nsisaruksen korttia ei voi k\u00e4ytt\u00e4\u00e4!<br \/>\n<\/em><em>3. Ruokasalissa on erikseen osoitettu p\u00f6yd\u00e4t v\u00e4lipalan sy\u00f6jille.<br \/>\n<\/em><em>4. V\u00e4lipalaa voi ostaa my\u00f6s mukaan kotiin viet\u00e4v\u00e4ksi koulup\u00e4iv\u00e4n p\u00e4\u00e4tytty\u00e4. HUOM! Huolehdithan, ett\u00e4 koulurakennukseen (k\u00e4yt\u00e4ville, luokkiin), koulupihalle tai muualle l\u00e4hiymp\u00e4rist\u00f6\u00f6n ei v\u00e4lipalaroskia ilmesty.<\/em><\/p>\n<p><em><strong>V\u00e4lipalalista ja hinnat<\/strong><br \/>\nV\u00e4lipalojen tuotteinden hinnat n\u00e4kyv\u00e4t ruokasalissa ja valikoima vaihtelee p\u00e4ivitt\u00e4in;\u00a0\u00a0joskus tarjolla saattaa olla ruokasalin henkil\u00f6kunnan itse leipomia tuotteita. P\u00e4\u00e4paino on kuitenkin terveellisiss\u00e4 ja sokerittomissa ruoissa.<br \/>\n<strong>V\u00e4lipalalista ja hinnat<\/strong><br \/>\nV\u00e4lipalalistan runko on sama koulusta riippumatta. Tarjolla on esimerkiksi erilaisia t\u00e4ytettyj\u00e4<br \/>\nleipi\u00e4, karjalanpiirakoita, v\u00e4lipalakeksej\u00e4, hedelmi\u00e4, jogurtteja, smoothieita ja mehuja. Valikoima vaihtelee p\u00e4ivitt\u00e4in ja joskus tarjolla saattaa olla ruokapalveluhenkil\u00f6kunnan itse leipomaa pizzaa, pullaa tai pannukakkuakin. P\u00e4\u00e4paino on kuitenkin terveellisiss\u00e4 ja sokerittomissa ruoissa.<br \/>\nV\u00e4lipalojen hinnat vaihtelevat 0,10\u20132 euron v\u00e4lill\u00e4.<br \/>\nLis\u00e4tiedot asiakaspalvelu@kaarea.fi<br \/>\n<\/em><\/p>\n","protected":false},"excerpt":{"rendered":"<p>Turun kaupungin koulujen ja p\u00e4iv\u00e4kotien ruokapalvelujen tarjoaja on 2023 vuoden alusta alkaen Kaarea. Toiminta siirtyy t\u00e4h\u00e4n asti palveluja tarjonneelta Arkealta. Yhteystiedot: Keitti\u00f6 Aurajoki vuorovastaava Veera Salmivaara 040- 661 4958 (Arkea- Aurajoen keitti\u00f6) Keitti\u00f6 Nummi-Halinen vuorovastaava Sari Sirki\u00e4\u00a0 040- 512 6830 (Arkea- Aninkaisten keitti\u00f6) My\u00f6s s\u00e4hk\u00f6postia voi l\u00e4hett\u00e4\u00e4 (etunimi.sukunimi@kaarea.fi) HUOM! veera-maria.salmivaara@kaarea.fi Ruokalistat: Ruokalistat l\u00f6ytyv\u00e4t 1.1.2023 alkaen &hellip; <a href=\"https:\/\/blog.edu.turku.fi\/nummenpakka\/yhteystiedot\/kouluruokailu\/\" class=\"more-link\">Jatka lukemista<span class=\"screen-reader-text\"> &#8221;Kouluruokailu&#8221;<\/span><\/a><\/p>\n","protected":false},"author":82,"featured_media":0,"parent":36,"menu_order":0,"comment_status":"closed","ping_status":"closed","template":"","meta":{"footnotes":""},"class_list":["post-788","page","type-page","status-publish","hentry"],"_links":{"self":[{"href":"https:\/\/blog.edu.turku.fi\/nummenpakka\/wp-json\/wp\/v2\/pages\/788","targetHints":{"allow":["GET"]}}],"collection":[{"href":"https:\/\/blog.edu.turku.fi\/nummenpakka\/wp-json\/wp\/v2\/pages"}],"about":[{"href":"https:\/\/blog.edu.turku.fi\/nummenpakka\/wp-json\/wp\/v2\/types\/page"}],"author":[{"embeddable":true,"href":"https:\/\/blog.edu.turku.fi\/nummenpakka\/wp-json\/wp\/v2\/users\/82"}],"replies":[{"embeddable":true,"href":"https:\/\/blog.edu.turku.fi\/nummenpakka\/wp-json\/wp\/v2\/comments?post=788"}],"version-history":[{"count":28,"href":"https:\/\/blog.edu.turku.fi\/nummenpakka\/wp-json\/wp\/v2\/pages\/788\/revisions"}],"predecessor-version":[{"id":3911,"href":"https:\/\/blog.edu.turku.fi\/nummenpakka\/wp-json\/wp\/v2\/pages\/788\/revisions\/3911"}],"up":[{"embeddable":true,"href":"https:\/\/blog.edu.turku.fi\/nummenpakka\/wp-json\/wp\/v2\/pages\/36"}],"wp:attachment":[{"href":"https:\/\/blog.edu.turku.fi\/nummenpakka\/wp-json\/wp\/v2\/media?parent=788"}],"curies":[{"name":"wp","href":"https:\/\/api.w.org\/{rel}","templated":true}]}}