{"id":36,"date":"2013-03-07T14:56:06","date_gmt":"2013-03-07T12:56:06","guid":{"rendered":"https:\/\/blog.edu.turku.fi\/nummenpakka\/?page_id=36"},"modified":"2025-08-27T21:38:45","modified_gmt":"2025-08-27T18:38:45","slug":"yhteystiedot","status":"publish","type":"page","link":"https:\/\/blog.edu.turku.fi\/nummenpakka\/yhteystiedot\/","title":{"rendered":"YHTEYSTIEDOT"},"content":{"rendered":"<p><b>Nummenpakan koulu<\/b>, Papinkatu 4, 20540 Turku, suomenkielinen yhten\u00e4iskoulu 1.-9.lk<\/p>\n<p><b><b>Aurajoen yksikk\u00f6<\/b>, <\/b>Papinkatu 4, 20540 Turku<br \/>\nrehtori Jukka Laine, puh. 050-432 3647<span style=\"color: #ffffff\"> <span class=\"baec5a81-e4d6-4674-97f3-e9220f0136c1\"><em><strong>vuosilomalla ke 18.6. &#8211; pe 1.8.2025 v\u00e4lisen ajan<\/strong><\/em><\/span><\/span><br \/>\nkoulusihteeri Tanja Virtanen, puh. 040-1798728 <span style=\"color: #ffffff\"><span class=\"baec5a81-e4d6-4674-97f3-e9220f0136c1\"><em><strong>vuosilomalla ke 18.6. &#8211; pe 1.8<\/strong><\/em><\/span><\/span><br \/>\nkoulusihteeri paikalla ma, ke ja pe<br \/>\n<span style=\"line-height: 1.7\">7.-9.lk<\/span><\/p>\n<p><b>Nummen yksikk\u00f6<\/b>, Kirkkotie 31, 20540 Turku<br \/>\nApulaisrehtori Katja Nousiainen,\u00a0puh. <span class=\"baec5a81-e4d6-4674-97f3-e9220f0136c1\">040-192 5441 <span style=\"color: #ffffff\"><em><strong>vuosilomalla ke 18.6. &#8211; pe 1.8.2025\u00a0<\/strong><\/em><\/span><span style=\"color: #ff0000\"><em><strong><br \/>\n<\/strong><\/em><\/span><\/span>koulusihteeeri Tanja Virtanen, puh. 040-1798728 <span style=\"color: #ffffff\"><span class=\"baec5a81-e4d6-4674-97f3-e9220f0136c1\"><em><strong>vuosilomalla<br \/>\n<\/strong><\/em><\/span><\/span>koulusihteeri paikalla ti ja to Nummen yksik\u00f6ss\u00e4<br \/>\n1.-6.lk<\/p>\n<p><b>Halisten yksikk\u00f6<\/b>, Paavinkatu 13, 20540 Turku<br \/>\nApulaisrehtori Katja Nousiainen,\u00a0puh. <span class=\"baec5a81-e4d6-4674-97f3-e9220f0136c1\">040-1925441 <span style=\"color: #ffffff\"><em><strong>vuosilomalla ke 18.6. &#8211; pe 1.8.20<\/strong><\/em><\/span><br \/>\n<\/span><span class=\"baec5a81-e4d6-4674-97f3-e9220f0136c1\">K<\/span>oulusihteeeri Tanja Virtanen, puh. 040-1798728 <span style=\"color: #ffffff\"><span class=\"baec5a81-e4d6-4674-97f3-e9220f0136c1\"><em><strong>vuosilomalla ke 18.6. &#8211; pe 1.8.2025 v\u00e4l<\/strong><\/em><\/span><\/span><span class=\"baec5a81-e4d6-4674-97f3-e9220f0136c1\"><br \/>\n<\/span>1.-2.lk, VALMO<\/p>\n<p>s\u00e4hk\u00f6postit muotoa <em>etunimi.sukunimi@edu.turku.fi<br \/>\n<\/em><\/p>\n<p><strong><br \/>\nYHTEYDENPIDOSTA JA TAPAAMISISTA HUOMIOITAVAA<\/strong><br \/>\nYhteydenpito opetushenkil\u00f6st\u00f6n kanssa hoidetaan ensisijaisesti puhelimella\u00a0<em>(soitttaminen ja tekstiviestit)<\/em>\u00a0ja Wilman v\u00e4lityksell\u00e4.<\/p>\n<p>Kaikki opetushenkil\u00f6st\u00f6n<em> (= opettajat, koulunk\u00e4ynninohjaajat, koulusihteeri ja rehtori)<\/em>\u00a0tapaamiset tulee sopia hyviss\u00e4 ajoin etuk\u00e4teen, jotta opetushenkil\u00f6st\u00f6 pystyy j\u00e4rjest\u00e4m\u00e4\u00e4n tarvittavat opetusj\u00e4rjestelyt <em>(mahdolliset sijaisj\u00e4rjestelyt<\/em>) eli oppilaiden opetus oppitunneilla ei h\u00e4iriinny.<\/p>\n<p>Koulun ulko-ovet ovat lukossa koulup\u00e4ivien aikana, joten vieraat noudetaan henkil\u00f6st\u00f6n toimesta sovitusti joko ulko-ovelta tai koulun portilla.<\/p>\n<p>Koulun opetushenkil\u00f6st\u00f6n tuntee <span style=\"color: #008000\"><strong>vihre\u00e4ss\u00e4 kaulanauhassa<\/strong><\/span> olevasta nimilapusta.<\/p>\n","protected":false},"excerpt":{"rendered":"<p>Nummenpakan koulu, Papinkatu 4, 20540 Turku, suomenkielinen yhten\u00e4iskoulu 1.-9.lk Aurajoen yksikk\u00f6, Papinkatu 4, 20540 Turku rehtori Jukka Laine, puh. 050-432 3647 vuosilomalla ke 18.6. &#8211; pe 1.8.2025 v\u00e4lisen ajan koulusihteeri Tanja Virtanen, puh. 040-1798728 vuosilomalla ke 18.6. &#8211; pe 1.8 koulusihteeri paikalla ma, ke ja pe 7.-9.lk Nummen yksikk\u00f6, Kirkkotie 31, 20540 Turku Apulaisrehtori Katja &hellip; <a href=\"https:\/\/blog.edu.turku.fi\/nummenpakka\/yhteystiedot\/\" class=\"more-link\">Jatka lukemista<span class=\"screen-reader-text\"> &#8221;YHTEYSTIEDOT&#8221;<\/span><\/a><\/p>\n","protected":false},"author":317,"featured_media":0,"parent":0,"menu_order":0,"comment_status":"closed","ping_status":"closed","template":"","meta":{"footnotes":""},"class_list":["post-36","page","type-page","status-publish","hentry"],"_links":{"self":[{"href":"https:\/\/blog.edu.turku.fi\/nummenpakka\/wp-json\/wp\/v2\/pages\/36","targetHints":{"allow":["GET"]}}],"collection":[{"href":"https:\/\/blog.edu.turku.fi\/nummenpakka\/wp-json\/wp\/v2\/pages"}],"about":[{"href":"https:\/\/blog.edu.turku.fi\/nummenpakka\/wp-json\/wp\/v2\/types\/page"}],"author":[{"embeddable":true,"href":"https:\/\/blog.edu.turku.fi\/nummenpakka\/wp-json\/wp\/v2\/users\/317"}],"replies":[{"embeddable":true,"href":"https:\/\/blog.edu.turku.fi\/nummenpakka\/wp-json\/wp\/v2\/comments?post=36"}],"version-history":[{"count":100,"href":"https:\/\/blog.edu.turku.fi\/nummenpakka\/wp-json\/wp\/v2\/pages\/36\/revisions"}],"predecessor-version":[{"id":4630,"href":"https:\/\/blog.edu.turku.fi\/nummenpakka\/wp-json\/wp\/v2\/pages\/36\/revisions\/4630"}],"wp:attachment":[{"href":"https:\/\/blog.edu.turku.fi\/nummenpakka\/wp-json\/wp\/v2\/media?parent=36"}],"curies":[{"name":"wp","href":"https:\/\/api.w.org\/{rel}","templated":true}]}}