{"id":3004,"date":"2022-02-04T14:25:55","date_gmt":"2022-02-04T12:25:55","guid":{"rendered":"https:\/\/blog.edu.turku.fi\/nummenpakka\/?page_id=3004"},"modified":"2026-04-08T10:41:31","modified_gmt":"2026-04-08T07:41:31","slug":"koulumatka","status":"publish","type":"page","link":"https:\/\/blog.edu.turku.fi\/nummenpakka\/oppilaille-ja-huoltajille\/koulumatka\/","title":{"rendered":"Koulumatka ja koululaiskortti"},"content":{"rendered":"<p><strong>KOULUMATKAT JA TURVALLISUUS<br \/>\n<\/strong>Koulumatkat ovat huoltajien vastuulla. Koulumatka tulee suorittaa lyhyint\u00e4 ja turvallisinta tiet\u00e4.<br \/>\nKoulussa opetetaan ja kerrataan liikennes\u00e4\u00e4nt\u00f6j\u00e4, mutta kotona huoltajien opastuksella kannattaa my\u00f6s k\u00e4yd\u00e4 s\u00e4\u00e4nn\u00f6llisesti l\u00e4pi lukuvuosittan ainakin\u00a0 seuraavia asioita:<br \/>\n\u2013 jalankulkija ja py\u00f6r\u00e4ilij\u00e4 liikenteess\u00e4<br \/>\n\u2013 linja-autossa matkustaminen<br \/>\n&#8211; yl\u00e4koulun oppilaiden kanssa tarvittaessa my\u00f6s moottoriajoneuvoilla kulkeminen (esim. mopot, mopoautot, m\u00f6nkij\u00e4t jne.)<\/p>\n<p><strong><em>Oppilaiden kulkeminen polkupy\u00f6r\u00e4ll\u00e4<\/em><br \/>\n<\/strong>Koulun suositus \u00a0on, ett\u00e4 koululaiset kulkisivat koulumatkansa py\u00f6r\u00e4illen vasta silloin kun py\u00f6rilytaidot ja liikennes\u00e4\u00e4nn\u00f6t ovat riitt\u00e4v\u00e4n hyvin hallussa. Lains\u00e4\u00e4d\u00e4nt\u00f6mme mukaan polkupy\u00f6r\u00e4ilij\u00e4n on k\u00e4ytett\u00e4v\u00e4 asianmukaista suojakyp\u00e4r\u00e4\u00e4.<br \/>\nOppilaiden tulee j\u00e4tt\u00e4\u00e4 polkupy\u00f6r\u00e4ns\u00e4 sovituille paikoille. Koulu suosittelee aina lukitsemaan polkupy\u00f6r\u00e4t huolellisesti koulup\u00e4ivien ajaksi.<\/p>\n<p><em><strong>Oppilaiden kuljetus omalla autolla<\/strong><\/em><br \/>\nKoulu edellytt\u00e4\u00e4, ett\u00e4 lapset j\u00e4tet\u00e4\u00e4n autosta sovituilla paikoilla koulupihan ja koulun parkkipaikkojen ulkopuolelle\u00a0 ilman, ett\u00e4 siit\u00e4 aiheutuu vaaraa kenellek\u00e4\u00e4n. <em><span style=\"color: #ff0000\">Koulun parkkipaikalle tai koulupihalle oppilaan tuominen tai noutaminen on kielletty pois lukien oppilaan sairaus-ja tapaturmakuljetukset.<\/span><br \/>\n<\/em>Koulun pihalla on pys\u00e4k\u00f6inti kielletty muilta kuin henkil\u00f6kuntaan kuuluvilta vuorokauden ymp\u00e4ri. Koulun juhlien ja vanhempainiltojen aikana saatetaan poiketa n\u00e4ist\u00e4 m\u00e4\u00e4r\u00e4yksist\u00e4.<\/p>\n<p><strong><br \/>\nKOULULAISKORTTI<\/strong><br \/>\nPaikallisliikenteen bussikortti on voimassa Turun sis\u00e4isen joukkoliikenteen linja-autoissa koulup\u00e4ivisin ja oikeuttaa kahteen matkaan p\u00e4iv\u00e4ss\u00e4. Vaihto-oikeus koulumatkoilla on 75 minuuttia. <em><span style=\"color: #ff0000\">HUOM! Korttiin on lukuvuosittain ladattu vain koulup\u00e4ivien m\u00e4\u00e4r\u00e4n mukaisesti matkoja eli korttiin ei voida ladata lukuvuoden aikana lis\u00e4\u00e4 matkoja, jos korttia on k\u00e4ytetty esim. lauantaisin, jolloin ei ole koulua.<\/span><\/em><\/p>\n<p><span style=\"color: #ff0000\"><em><strong>Koulaiskorttia ei saa koulusta<\/strong><\/em><\/span>. Kun p\u00e4\u00e4t\u00f6s koululaiskortin my\u00f6nt\u00e4misest\u00e4 on tullut Wilmaan, my\u00f6nnetty bussikortti haetaan henkil\u00f6tunnusta vastaan joukkoliikenteen palvelutoimistosta (Aurakatu 8, kauppatorin Monitori). Koulumatkan pituuden perusteella my\u00f6nnetty oikeus bussikorttiin s\u00e4ilyy tulevina lukuvuosina niin kauan kuin kotiosoite ja koulu pysyv\u00e4t samana. Uudet matkat latautuvat kortille ensimm\u00e4isen\u00e4 koulup\u00e4iv\u00e4n\u00e4.<\/p>\n<p>Kortin kadotessa oppilas voi noutaa uuden kortin palvelutoimistosta. Samalla vanha kortti suljetaan. Huoltaja maksaa uuden kortin lunastusmaksun 5 \u20ac. Kerran my\u00f6nnetty kortti tulee s\u00e4ilytt\u00e4\u00e4 koko oppivelvollisuuden ajan. Aikaisemmin my\u00f6nnetty\u00e4 korttia k\u00e4ytet\u00e4\u00e4n siin\u00e4 tapauksessa, ett\u00e4 kuljetus my\u00f6nnet\u00e4\u00e4n my\u00f6hemmin uudelleen (olosuhdemuutokset).<br \/>\nLis\u00e4tietoa l\u00f6yd\u00e4t <a href=\"https:\/\/www.turku.fi\/perusopetus\/koulukuljetukset\" target=\"_blank\" rel=\"noopener\"><em><strong>t\u00e4\u00e4lt\u00e4<\/strong><\/em><\/a><br \/>\nKatso my\u00f6s lis\u00e4tiedot F\u00f6lin sivulta <a href=\"https:\/\/www.foli.fi\/fi\/liput\/matkakortit\/koululaiset\" target=\"_blank\" rel=\"noopener\">t\u00e4\u00e4lt\u00e4<\/a><\/p>\n<p><strong>KULJETUSPERUSTEET<\/strong><br \/>\nKun koulumatka on yli 5 km, koululaiskortti voidaan my\u00f6nt\u00e4\u00e4 1.-9.luokan oppilaalle kun l\u00e4hikouluun on yli 5 km. Koulumatkan pituus mitataan lyhyint\u00e4 jalankulkukelpoista yleisess\u00e4 k\u00e4yt\u00f6ss\u00e4 olevaa tiet\u00e4 pitkin kodin pihalta koulun pihalle. Koulukuljetusetuutta my\u00f6nnet\u00e4\u00e4n Turun peruskoululaisille koulukuljetusperusteisiin perustuen.<br \/>\nKatso my\u00f6s tarkemmat lis\u00e4tiedot: <a href=\"https:\/\/www.turku.fi\/perusopetus\/koulukuljetukset\" target=\"_blank\" rel=\"noopener\">Kuljetusperusteet<\/a><\/p>\n<p><strong>KOULUKULJETUSETUUDEN HAKEMINEN<\/strong><br \/>\nKoulukuljetuksia haetaan erillisell\u00e4 lomakkeella: <a href=\"https:\/\/www.turku.fi\/sites\/default\/files\/document\/turun_kaupunki_koulukuljetushakemus_2_0.pdf\" target=\"_blank\" rel=\"noopener\">Koulukuljetushakemus<\/a><br \/>\nHakemus l\u00e4hetet\u00e4\u00e4n s\u00e4hk\u00f6isesti<br \/>\nSuomi.fi-palvelua hy\u00f6dynt\u00e4en osoitteeseen: <a href=\"https:\/\/www.suomi.fi\/viestit\/kirjoita\" target=\"_blank\" rel=\"noopener\">https:\/\/www.suomi.fi\/viestit\/kirjoita<\/a><br \/>\nPaperiversio, johon tarvitaan my\u00f6s allekirjoitus, l\u00e4hetet\u00e4\u00e4n osoitteeseen:<br \/>\nTurun kaupunki<br \/>\nKasvatus ja opetus\/Koulukuljetukset,<br \/>\nPL 355, 20101 Turku<br \/>\n<em>HUOM! Mahdolliset liitteet, kuten asiantuntijalausunnot, tulee toimittaa kuljetushakemuksen yhteydess\u00e4.<br \/>\nTiedustelut: 040 7751 731, 044 9075 705<\/em><\/p>\n<p><em><strong>Oppilaiden, jotka aloittavat 1. tai 7. luokan omassa l\u00e4hikoulussaan, ei tarvitse erikseen hakea koululaiskorttia. Heid\u00e4n koulumatkansa mitataan automaattisesti ja my\u00f6nteisest\u00e4 kuljetusp\u00e4\u00e4t\u00f6ksest\u00e4 ilmoitetaan Wilma-viestill\u00e4 ennen koulun alkua.\u00a0<\/strong><\/em><\/p>\n<p>Lasten ja nuorten palvelukokonaisuus tekee kuljetusp\u00e4\u00e4t\u00f6kset seuraavalle lukukaudelle kes\u00e4n aikana. Ajoissa saapuneet hakemukset k\u00e4sitell\u00e4\u00e4n lukukauden alkuun menness\u00e4. Mik\u00e4li hakemus on toimitettu m\u00e4\u00e4r\u00e4ajan jo umpeuduttua, kuljetusta ei voida taata lukuvuoden alusta alkaen. Koulukuljetusta voi my\u00f6s hakea muuna ajankohtana.<\/p>\n<p><strong>Hakijan tulee tutustua etuk\u00e4teen kuljetusperusteisiin ja t\u00e4ytt\u00e4\u00e4 hakemus huolellisesti. Virheelliset tai puutteelliset hakemukset pitkitt\u00e4v\u00e4t hakuprosessia ja voivat johtaa hakemuksen hylk\u00e4\u00e4miseen.<\/strong><\/p>\n","protected":false},"excerpt":{"rendered":"<p>KOULUMATKAT JA TURVALLISUUS Koulumatkat ovat huoltajien vastuulla. Koulumatka tulee suorittaa lyhyint\u00e4 ja turvallisinta tiet\u00e4. Koulussa opetetaan ja kerrataan liikennes\u00e4\u00e4nt\u00f6j\u00e4, mutta kotona huoltajien opastuksella kannattaa my\u00f6s k\u00e4yd\u00e4 s\u00e4\u00e4nn\u00f6llisesti l\u00e4pi lukuvuosittan ainakin\u00a0 seuraavia asioita: \u2013 jalankulkija ja py\u00f6r\u00e4ilij\u00e4 liikenteess\u00e4 \u2013 linja-autossa matkustaminen &#8211; yl\u00e4koulun oppilaiden kanssa tarvittaessa my\u00f6s moottoriajoneuvoilla kulkeminen (esim. mopot, mopoautot, m\u00f6nkij\u00e4t jne.) Oppilaiden kulkeminen &hellip; <a href=\"https:\/\/blog.edu.turku.fi\/nummenpakka\/oppilaille-ja-huoltajille\/koulumatka\/\" class=\"more-link\">Jatka lukemista<span class=\"screen-reader-text\"> &#8221;Koulumatka ja koululaiskortti&#8221;<\/span><\/a><\/p>\n","protected":false},"author":82,"featured_media":0,"parent":110,"menu_order":0,"comment_status":"closed","ping_status":"closed","template":"","meta":{"footnotes":""},"class_list":["post-3004","page","type-page","status-publish","hentry"],"_links":{"self":[{"href":"https:\/\/blog.edu.turku.fi\/nummenpakka\/wp-json\/wp\/v2\/pages\/3004","targetHints":{"allow":["GET"]}}],"collection":[{"href":"https:\/\/blog.edu.turku.fi\/nummenpakka\/wp-json\/wp\/v2\/pages"}],"about":[{"href":"https:\/\/blog.edu.turku.fi\/nummenpakka\/wp-json\/wp\/v2\/types\/page"}],"author":[{"embeddable":true,"href":"https:\/\/blog.edu.turku.fi\/nummenpakka\/wp-json\/wp\/v2\/users\/82"}],"replies":[{"embeddable":true,"href":"https:\/\/blog.edu.turku.fi\/nummenpakka\/wp-json\/wp\/v2\/comments?post=3004"}],"version-history":[{"count":25,"href":"https:\/\/blog.edu.turku.fi\/nummenpakka\/wp-json\/wp\/v2\/pages\/3004\/revisions"}],"predecessor-version":[{"id":4899,"href":"https:\/\/blog.edu.turku.fi\/nummenpakka\/wp-json\/wp\/v2\/pages\/3004\/revisions\/4899"}],"up":[{"embeddable":true,"href":"https:\/\/blog.edu.turku.fi\/nummenpakka\/wp-json\/wp\/v2\/pages\/110"}],"wp:attachment":[{"href":"https:\/\/blog.edu.turku.fi\/nummenpakka\/wp-json\/wp\/v2\/media?parent=3004"}],"curies":[{"name":"wp","href":"https:\/\/api.w.org\/{rel}","templated":true}]}}