{"id":2536,"date":"2021-03-06T17:45:34","date_gmt":"2021-03-06T15:45:34","guid":{"rendered":"https:\/\/blog.edu.turku.fi\/nummenpakka\/?page_id=2536"},"modified":"2025-06-13T12:38:25","modified_gmt":"2025-06-13T09:38:25","slug":"nummenvaistotilat","status":"publish","type":"page","link":"https:\/\/blog.edu.turku.fi\/nummenpakka\/opetus\/nummenvaistotilat\/","title":{"rendered":"Nummen koulutalon remontti &#8211; Nummen koulutalon remontti valmistunut"},"content":{"rendered":"<p><strong>AJANKOHTAISTA<\/strong><\/p>\n<p><strong>Nummen koulutalon remontti on valmistunut kes\u00e4kuussa 2025<\/strong><br \/>\nNummen alueen 1.-2.luokkien oppilaat ja Halisten sek\u00e4 Nummen 3.-6.luokkien oppilaat aloittavat opiskelunsa elokuussa 2025 remontoidussa Nummen koulutalossa (osoite: Kirkkotie 31).<\/p>\n<p>VANHAT ASIAT:<br \/>\nRemontti Nummen koulutalossa alkaa 2023.<\/p>\n<p>Suunnitelmissa Nummen koulutalo (Kirkkotie 31) tyhjenee lukuvuoden 2020-21 p\u00e4\u00e4tteeksi, koska koulutalon sis\u00e4tiloissa alkaa remontti.<\/p>\n<p>Elokuussa 2021 Nummen yksik\u00f6n on tarkoitus aloittaa kouluvuoden v\u00e4ist\u00f6tiloissa, jotka rakennetaan Halisten yksik\u00f6n pihalle (Paavinkatu 13). Nummen yksik\u00f6n oppilaiden lis\u00e4ksi v\u00e4ist\u00f6tiloihin tulee Katariinan koulun luokkia, joiden luokkatilat ovat Nummen koulutalossa Kirkkotiell\u00e4.<\/p>\n<p>V\u00e4ist\u00f6tiloihin tulee luokkahuoneiden lis\u00e4ksi oppilashuoltohenkil\u00f6kunnan tilat, ruokailutila, iltap\u00e4iv\u00e4toiminnan tila (Nummen ippe) ja k\u00e4sity\u00f6luokat. Liikuntatilaa ei tule. <strong>Nummen yksikk\u00f6 on alustavien suunnitelmien mukaan v\u00e4ist\u00f6tiloissa noin kolme vuotta.<\/strong><\/p>\n<p>V\u00e4ist\u00f6tiloihin liittyvist\u00e4 asioista tiedotetaan oppilaita, huoltajia sek\u00e4 opetus- ja oppilashuoltohenkil\u00f6st\u00f6\u00e4 aina kun uutta tiedotettavaa on ensisijaisesti Wilman v\u00e4lityksell\u00e4.<\/p>\n<h5><strong>Uutisointia Nummen koulutalon v\u00e4ist\u00f6tiloihin liittyen:<\/strong><\/h5>\n<p><span style=\"color: #ff0000\"><strong>27.9.2021 klo 14.32: Nummen yksikk\u00f6 aloittaa Halisten v\u00e4ist\u00f6tiloissa syysloman j\u00e4lkeen maanantaina 18.10.2021 lukuj\u00e4rjestyksen mukaan<br \/>\n<\/strong><\/span>Nummen koulutalon v\u00e4ist\u00f6tilat valmistuvat 1.10.2021. Koulutalon tavaroiden muutto on jo alkavut v\u00e4ist\u00f6tiloihin, k\u00e4sity\u00f6luokkien tavarat on viety puhdistettavaksi ja ne siirret\u00e4\u00e4n valmistuviin tiloihin. Viikolla 40 (maanantaina\u00a0 ja perjantaina) koulusta l\u00e4htee kalusteita\u00a0 puhdistukseen ja v\u00e4ist\u00f6tiloihin. Maanantaina 18.10. pulpettien, tuolien ja kaikkein t\u00e4rkeimpien tavaroiden pit\u00e4isi olla puhdistettuina ja muutettuna v\u00e4ist\u00f6tiloihin.<\/p>\n<p>Lasten kanssa on hyv\u00e4 tutustua uuteen koulumatkaan vaikka syysloman aikana. Viime kev\u00e4\u00e4n\u00e4 ja nyt syksyn aikana osa luokista on tutustunut tulevaan koulumatkaan opettajan johdolla. Py\u00f6r\u00e4ilij\u00f6iden tulee k\u00e4ytt\u00e4\u00e4 py\u00f6r\u00e4ilykyp\u00e4r\u00e4\u00e4 ja muistaa, ett\u00e4 aamujen pimetess\u00e4 tulee k\u00e4ytt\u00e4\u00e4\u00a0\u00a0etu-ja takavaloa polkupy\u00f6r\u00e4ss\u00e4. Jos lapsi tuodaan kouluun autolla, niin h\u00e4net j\u00e4tet\u00e4\u00e4n kadun viereen tehdylle levennykselle (saattopaikka). Koulun pihalle ei saa ajaa autolla.<\/p>\n<p><span style=\"color: #ff0000\"><strong>27.8.2021 klo 9.00: Nummen koulutalon Halisten v\u00e4ist\u00f6tilan valmistuminen viiv\u00e4styy<br \/>\n<\/strong><\/span>Nummen koulutalon peruskorjaukseen liittyvien sis\u00e4ilmatutkimusten johdosta on aikaisemmin p\u00e4\u00e4tetty v\u00e4ist\u00f6tiloihin siirtymisest\u00e4. Nummen koulutalossa toimii\u00a0Nummenpakan koulun Nummen yksikk\u00f6 ja osa Katariinan koulua. Halisissa osoitteessa Paavinkatu 13 tilaelementtien valmistuminen my\u00f6h\u00e4styy edelleen.<\/p>\n<p><span style=\"color: #ff0000\"><strong>Uusi valmistumisp\u00e4iv\u00e4 on 1.10.2021.<\/strong><\/span><\/p>\n<p>Kes\u00e4n aikana tehtyjen k\u00e4ytt\u00f6\u00e4 turvaavien toimenpiteiden vuoksi Nummenpakan koulu ja Katariinan koulu\u00a0jatkavat Nummen koulutalon k\u00e4ytt\u00f6\u00e4 Paavinkadun tilojen valmistumiseen asti.<\/p>\n<p>Uusiin v\u00e4ist\u00f6tiloihin muuttaminen j\u00e4rjestet\u00e4\u00e4n mahdollisimman nopeasti, kun tilat valmistuvat ja ovat kokonaisuudessaan k\u00e4ytt\u00f6kunnossa. K\u00e4yt\u00e4nn\u00f6n j\u00e4rjestelyist\u00e4 tiedotetaan l\u00e4hemp\u00e4n\u00e4 muuttoajankohtaa.<\/p>\n<p>Pyyd\u00e4mme v\u00e4litt\u00e4m\u00e4\u00e4n mahdolliset kysymykset ensisijaisesti\u00a0<a href=\"https:\/\/opaskartta.turku.fi\/eFeedback\/fi\/Feedback\/92-Sis%C3%A4ilma-asiat\" target=\"_blank\" rel=\"noopener\">palautepalvelun<\/a>\u00a0kautta. Julkaisuluvan saaneita palautteita on mahdollista selata\u00a0<a href=\"https:\/\/opaskartta.turku.fi\/eFeedback\/fi\/PublicSearch\" target=\"_blank\" rel=\"noopener\">palautepalvelussa<\/a>, jossa \u201dMit\u00e4 palaute koskee\u201d -kentt\u00e4\u00e4n valitaan \u201dSis\u00e4ilma-asiat\u201d. S\u00e4hk\u00f6postitse toimitettujen kysymysten k\u00e4sittelyss\u00e4 voi t\u00e4ll\u00e4 hetkell\u00e4 esiinty\u00e4 viivett\u00e4.<\/p>\n<p>Turun kaupungin puolesta,<br \/>\nToimitilojen rakennuttamisp\u00e4\u00e4llikk\u00f6 Anne Antola, <a href=\"http:\/#OnlyHTTPAndHTTPSAllowed\">anne.antola@turku.fi<\/a><br \/>\nSis\u00e4ilma-asiantuntija Johanna Kaipia, <a href=\"http:\/#OnlyHTTPAndHTTPSAllowed\">johanna.kaipia@turku.fi<\/a><\/p>\n<p>Nummenpakan koulu<br \/>\napulaisrehtori Katja Nousiainen, puh. 040 192 5441<br \/>\nrehtori Jukka Laine, puh. 050\u00a0432 3647<\/p>\n<p><strong>11.8.2021<\/strong> <strong>Autoliikenne Halisten koulun pihalla on kielletty<br \/>\n<\/strong>Erityisesti huoltajille tiedoksi:<br \/>\nHalisten koulun pihalle ei saa ajaa autolla. Koulun luo tien viereen on tehty levennys saattoliikennett\u00e4 varten (eli oppilaan j\u00e4tt\u00e4mist\u00e4 tai hakemista varten). Levennykselle ei saa pys\u00e4k\u00f6id\u00e4 siihen voi pys\u00e4hty\u00e4 vain hetkeksi. Toivon kaikkien noudattavan t\u00e4t\u00e4 ohjetta, jotta vaaratilanteita ei syntyisi.<\/p>\n<p>Oppilaaat, jotka tulevat py\u00f6r\u00e4ll\u00e4 kouluun, taluttavat polkupy\u00f6r\u00e4\u00e4 koulun pihalla. Toivottavasti jokainen py\u00f6r\u00e4ilev\u00e4 oppilas k\u00e4ytt\u00e4\u00e4 py\u00f6r\u00e4ilykyp\u00e4r\u00e4\u00e4.<\/p>\n<p><strong><span style=\"color: #ff0000\">22.6.2021 klo 12.00:\u00a0 Nummen koulutalon p\u00e4ivitetty v\u00e4ist\u00f6tilasuunnitelma<\/span><\/strong><br \/>\nNummen koulutalon peruskorjaukseen liittyvien sis\u00e4ilmatutkimusten johdosta on aikaisemmin p\u00e4\u00e4tetty v\u00e4ist\u00f6tiloihin siirtymisest\u00e4 ja tilaelementtien pystytt\u00e4miseen liittyv\u00e4t toimenpiteet on aloitettu.<br \/>\nHalisten koulun pihaan sijoittuvien kahden tilaelementin osalta valmistuminen on aikataulussaan, mutta opetustiloja sis\u00e4lt\u00e4vien tilaelementtien valmistuminen viiv\u00e4styy. T\u00e4m\u00e4 johtuu viiv\u00e4styksest\u00e4 lupak\u00e4sittelyss\u00e4. Rakennuslupa on saatu ja elementtien asennusty\u00f6t ovat k\u00e4ynniss\u00e4.<strong><br \/>\n<\/strong><\/p>\n<p><span style=\"color: #000000\">Tilanne v\u00e4ist\u00f6tilojen aikatauluissa on seuraava:<\/span><\/p>\n<ul>\n<li>Katariinan koulun k\u00e4ytt\u00f6\u00f6n tuleva tilaelementti valmistuu suunnitellusti 30.7.2021<\/li>\n<li>Paavinkadulle suunniteltu tilaelementti (kova k\u00e4sity\u00f6) valmistuu suunnitellusti 30.7.2021<\/li>\n<li>Paavinkadulle suunniteltu pienempi tilaelementti (opetustiloja) valmistuu 10.8.2021<\/li>\n<li><span style=\"color: #ff0000\">Paavinkadulle suunniteltu suurempi tilaelementti (opetustiloja) valmistuu 27.8.2021<\/span><\/li>\n<\/ul>\n<p><span style=\"color: #ff0000\">Ymp\u00e4rist\u00f6terveyden ja Nummenpakan koulun sek\u00e4 Katariinan koulun Nummen yksik\u00f6iden edustajien kanssa k\u00e4ydyiss\u00e4 keskusteluissa on p\u00e4\u00e4dytty siihen, ett\u00e4 syyslukukausi aloitetaan p\u00e4\u00e4osin Nummen koulutalossa<\/span>. Ratkaisua perustellaan sill\u00e4, ett\u00e4 rakennukseen on toteutettu k\u00e4ytt\u00f6\u00e4 turvaavat toimenpiteet, eik\u00e4 tilanne koettujen oireiden suhteen ole muuttunut huonompaan suuntaan kev\u00e4\u00e4n aikana. Vaihtoehtoisia tilaratkaisuja ei kartoituksesta huolimatta l\u00f6ydetty.<\/p>\n<p><span style=\"color: #ff0000\">Nummenpakan koulun Nummen yksik\u00f6n 1. ja 2. luokan oppilaat aloittavat lukuvuoden Halisten yksik\u00f6n tiloissa. My\u00f6s iltap\u00e4iv\u00e4toiminta j\u00e4rjestet\u00e4\u00e4n Halisissa.<\/span><\/p>\n<p>Nummen koulutalon sis\u00e4ilmatutkimuksista laaditussa raportissa rakennusterveysasiantuntija suositteli rakennuksen ylipaineistamista ilmavuotojen v\u00e4hent\u00e4miseksi ja ylipaineistaminen on toteutettu viime syksyn\u00e4. Koulurakennukseen on tuolloin my\u00f6s tuotu raportissa suositellut ilmanpuhdistimet. Raportissa suositellut rakenteiden korjaukset tehtiin syysloman 2020 aikana.<\/p>\n<p>Nummen koulutalon tiloissa toteutetaan kes\u00e4n aikana p\u00f6lyjen poistamiseen keskittyv\u00e4 siivous, huolletaan koululla olevat ilmanpuhdistimet sek\u00e4 varmistetaan ilmanvaihdon toiminta ja ylipaineistus.<\/p>\n<p>Uusiin v\u00e4ist\u00f6tiloihin muuttaminen j\u00e4rjestet\u00e4\u00e4n mahdollisimman nopeasti, kun tilat valmistuvat. Suunnitelmien muuttumisen vuoksi v\u00e4ist\u00f6tilamuuton yksityiskohtia on viel\u00e4 tarkasteltava uudelleen. K\u00e4yt\u00e4nn\u00f6n j\u00e4rjestelyist\u00e4 tiedotetaan l\u00e4hemp\u00e4n\u00e4 muuttoajankohtaa.<\/p>\n<p>Pyyd\u00e4mme v\u00e4litt\u00e4m\u00e4\u00e4n mahdolliset kysymykset ensisijaisesti <a href=\"https:\/\/opaskartta.turku.fi\/eFeedback\/fi\/Feedback\/92-Sis%C3%A4ilma-asiat\">palautepalvelun<\/a> kautta. Julkaisuluvan saaneita palautteita on mahdollista selata <a href=\"https:\/\/opaskartta.turku.fi\/eFeedback\/fi\/PublicSearch\">palautepalvelussa<\/a>, jossa \u201dMit\u00e4 palaute koskee\u201d -kentt\u00e4\u00e4n valitaan \u201dSis\u00e4ilma-asiat\u201d. S\u00e4hk\u00f6postitse toimitettujen kysymysten k\u00e4sittelyss\u00e4 voi t\u00e4ll\u00e4 hetkell\u00e4 esiinty\u00e4 viivett\u00e4.<\/p>\n<p>Turun kaupungin puolesta,<\/p>\n<p>Toimitilap\u00e4\u00e4llikk\u00f6 Kirsi Eronen, <a href=\"mailto:kirsi.eronen@turku.fi\">kirsi.eronen@turku.fi<\/a> (v\u00e4ist\u00f6tila-asiat)<br \/>\nSis\u00e4ilmap\u00e4\u00e4llikk\u00f6 Kati J\u00e4rvi, <a href=\"mailto:kati.jarvi@turku.fi\">kati.jarvi@turku.fi<\/a><br \/>\nSis\u00e4ilma-asiantuntija Johanna Kaipia, <a href=\"mailto:johanna.kaipia@turku.fi\">johanna.kaipia@turku.fi<\/a><\/p>\n<p><strong><br \/>\n12.5.2021 Kasvatus- ja opetuslautakunnan esityslistan p\u00e4\u00e4t\u00f6p\u00f6yt\u00e4kirja: <a href=\"https:\/\/ah.turku.fi\/kasopelk\/2021\/0512006x\/4375178.htm\" target=\"_blank\" rel=\"noopener noreferrer\">Lausunto Nummen koulutalon teknisen peruskorjauksen hankeselvityksest\u00e4<\/a><\/strong><\/p>\n<p><strong>30.4.2021: <a href=\"https:\/\/ah.turku.fi\/kasopelk\/2021\/0512006l\/Images\/1966966.pdf\" target=\"_blank\" rel=\"noopener noreferrer\">Nummen koulutalon teknisen peruskorjauksen hankeselvitys 30.4.2021<\/a><\/strong><\/p>\n<p><strong>15.4.2021 V\u00e4ist\u00f6tilojen rakentaminen Nummen koulutalon hiekkakent\u00e4lle<\/strong><br \/>\nNummen koulutalon hiekkapihalla (Kirkkotien puolella) alkaa Katariinan koulun Urheilupuiston toimipisteen v\u00e4ist\u00f6tilojen rakentaminen. Rakennusty\u00f6t alkavat mahdollisesti jo maanantaina 19.4.2021 aidan pystytt\u00e4misell\u00e4 rakennusty\u00f6maan ymp\u00e4rille.\u00a0\u00a0Rakennusty\u00f6maalle tulee olemaan kuorma-autoliikennett\u00e4 Kirkkotien puolelta. Nummen yksik\u00f6n oppilaita kehoitetaan tulemaan kouluun Simolankadun puolelta. Maanantaista 19.4.2021 l\u00e4htien hiekkapiha on kokonaan pois k\u00e4yt\u00f6st\u00e4.<br \/>\n<strong><br \/>\n15.4.2021 Nummen koulutalon v\u00e4ist\u00f6tilojen rakentaminen alkaa Halisten yksik\u00f6n tontille<br \/>\n<\/strong>Nummen koulutalon v\u00e4ist\u00f6tilojen ty\u00f6maan perustaminen ja rakentaminen alkaa ensi maanantaina 19.4.2021 Halisten yksik\u00f6n (Papinkatu 13) tontille. Ty\u00f6t alkavat rakennusty\u00f6maan aitaamisella ja maansiirtot\u00f6ill\u00e4. Ty\u00f6maaalue aidataan niin hyvin, ettei sinne voi menn\u00e4 vahingossa.<u>\u00a0<span style=\"color: #ff0000\"><strong>Ty\u00f6maa-alueelle meno on ehdottomasti kielletty<\/strong><\/span><\/u><span style=\"color: #ff0000\"><strong>.<\/strong><\/span> Koulun pihalle p\u00e4\u00e4see edelleen kulkemaan tontin liittym\u00e4st\u00e4, ty\u00f6maaliikenteelle rakennetaan omat liittym\u00e4t.<\/p>\n<p><span style=\"color: #ff0000\">On kuitenkin hyv\u00e4 huomioida, ett\u00e4 Halisten kouluyksik\u00f6n ja Halisten p\u00e4iv\u00e4kodin luona on tavallista enemm\u00e4n kuorma-autoliikennett\u00e4, joten lapsia on hyv\u00e4 kotonakin muistuttaa turvallisesta liikkumisesta koulun l\u00e4heisyydess\u00e4. Koulussa opettajat ohjaavat oppilaita turvalliseen koulumatkaan.<\/span> Rakennust\u00f6iden aikana koulun v\u00e4lituntipihana toimii p\u00e4\u00e4asiallisesti jalkapallo- ja monitoimikent\u00e4t.<\/p>\n<p>Koulun parkkipaikan kautta kulkee ty\u00f6maaliikennett\u00e4, joten huomioittehan sen, jos tuotte tai haette lapsianne koulusta.<\/p>\n<p>11.9.2020 <a href=\"https:\/\/www.auranaallot.fi\/uutiset\/paikallinen\/nummen-koulutaloon-suunnitteilla-peruskorjaus-vuoden-2021-syksyksi\" target=\"_blank\" rel=\"noopener noreferrer\">Nummen koulutaloon suunnitteilla peruskorjaus vuoden 2021 syksyksi &#8211; Auran Aallot<\/a><br \/>\n10.9.2020 <a href=\"https:\/\/www.ts.fi\/uutiset\/paikalliset\/5063595\/Nummen+koulutaloon+suunnitellaan+peruskorjausta+syksylla+korjataan+jo+osittain+kayttajat+vaistotiloihin+ensi+syksyna\" target=\"_blank\" rel=\"noopener noreferrer\">Nummen koulutaloon suunnitellaan peruskorjausta -syksyll\u00e4 korjataan jo osittain, k\u00e4ytt\u00e4j\u00e4t v\u00e4ist\u00f6tiloihin ensi syksyn\u00e4 &#8211; Turun Sanomat<\/a><br \/>\n10.9.2020 <a href=\"https:\/\/yle.fi\/uutiset\/3-11536735\" target=\"_blank\" rel=\"noopener noreferrer\">Nummen koulutaloon mittava remontti | Yle Uutiset | yle.fi<\/a><br \/>\n9.9.2020 <a href=\"https:\/\/www.aamuset.fi\/artikkeli\/5062894\/Nummen+koulutaloon+suunnitteilla+tekninen+peruskorjaus+ensi+vuoden+syksyksi\" target=\"_blank\" rel=\"noopener noreferrer\">Nummen koulutaloon suunnitteilla tekninen peruskorjaus ensi vuoden syksyksi &#8211; Aamuset<\/a><br \/>\n9.9.2020 <a href=\"https:\/\/www.epressi.com\/tiedotteet\/kaupungit-ja-kunnat\/nummen-koulutaloon-suunnitteilla-tekninen-peruskorjaus-vuoden-2021-syksyksi.html\" target=\"_blank\" rel=\"noopener noreferrer\">Nummen koulutaloon suunnitteilla tekninen peruskorjaus vuoden 2021 syksyksi &#8211; ePressi<\/a><br \/>\n9.9.2020 <a href=\"https:\/\/www.turku.fi\/uutinen\/2020-09-09_nummen-koulutaloon-suunnitteilla-tekninen-peruskorjaus-vuoden-2021-syksyksi\" target=\"_blank\" rel=\"noopener noreferrer\">Nummen koulutaloon suunnitteilla tekninen peruskorjaus vuoden 2021 syksyksi | Turku.fi<\/a><\/p>\n<p><strong><br \/>\nSuorat linkit Nummen koulutalon tutkimussuunnitelmiin ja tutkimusraportteihin:<\/strong><\/p>\n<p><a href=\"https:\/\/www.turku.fi\/sites\/default\/files\/atoms\/files\/\/2020-07-17_nummen_koulutalotutkimusraportti.pdf\" target=\"_blank\" rel=\"noopener noreferrer\">Nummen koulutalon tutkimusraportti 17.7.2020<\/a><br \/>\n<a href=\"https:\/\/www.turku.fi\/sites\/default\/files\/atoms\/files\/\/2020-05-20_nummen_koulutalotutkimussuunnitelma.pdf\" target=\"_blank\" rel=\"noopener noreferrer\">Nummen koulutalon tutkimussuunnitelma 20.5.2020<\/a><\/p>\n<p>&nbsp;<\/p>\n","protected":false},"excerpt":{"rendered":"<p>AJANKOHTAISTA Nummen koulutalon remontti on valmistunut kes\u00e4kuussa 2025 Nummen alueen 1.-2.luokkien oppilaat ja Halisten sek\u00e4 Nummen 3.-6.luokkien oppilaat aloittavat opiskelunsa elokuussa 2025 remontoidussa Nummen koulutalossa (osoite: Kirkkotie 31). VANHAT ASIAT: Remontti Nummen koulutalossa alkaa 2023. Suunnitelmissa Nummen koulutalo (Kirkkotie 31) tyhjenee lukuvuoden 2020-21 p\u00e4\u00e4tteeksi, koska koulutalon sis\u00e4tiloissa alkaa remontti. Elokuussa 2021 Nummen yksik\u00f6n on tarkoitus &hellip; <a href=\"https:\/\/blog.edu.turku.fi\/nummenpakka\/opetus\/nummenvaistotilat\/\" class=\"more-link\">Jatka lukemista<span class=\"screen-reader-text\"> &#8221;Nummen koulutalon remontti &#8211; Nummen koulutalon remontti valmistunut&#8221;<\/span><\/a><\/p>\n","protected":false},"author":82,"featured_media":0,"parent":101,"menu_order":0,"comment_status":"closed","ping_status":"closed","template":"","meta":{"footnotes":""},"class_list":["post-2536","page","type-page","status-publish","hentry"],"_links":{"self":[{"href":"https:\/\/blog.edu.turku.fi\/nummenpakka\/wp-json\/wp\/v2\/pages\/2536","targetHints":{"allow":["GET"]}}],"collection":[{"href":"https:\/\/blog.edu.turku.fi\/nummenpakka\/wp-json\/wp\/v2\/pages"}],"about":[{"href":"https:\/\/blog.edu.turku.fi\/nummenpakka\/wp-json\/wp\/v2\/types\/page"}],"author":[{"embeddable":true,"href":"https:\/\/blog.edu.turku.fi\/nummenpakka\/wp-json\/wp\/v2\/users\/82"}],"replies":[{"embeddable":true,"href":"https:\/\/blog.edu.turku.fi\/nummenpakka\/wp-json\/wp\/v2\/comments?post=2536"}],"version-history":[{"count":38,"href":"https:\/\/blog.edu.turku.fi\/nummenpakka\/wp-json\/wp\/v2\/pages\/2536\/revisions"}],"predecessor-version":[{"id":4567,"href":"https:\/\/blog.edu.turku.fi\/nummenpakka\/wp-json\/wp\/v2\/pages\/2536\/revisions\/4567"}],"up":[{"embeddable":true,"href":"https:\/\/blog.edu.turku.fi\/nummenpakka\/wp-json\/wp\/v2\/pages\/101"}],"wp:attachment":[{"href":"https:\/\/blog.edu.turku.fi\/nummenpakka\/wp-json\/wp\/v2\/media?parent=2536"}],"curies":[{"name":"wp","href":"https:\/\/api.w.org\/{rel}","templated":true}]}}