{"id":2497,"date":"2021-02-01T22:40:23","date_gmt":"2021-02-01T20:40:23","guid":{"rendered":"https:\/\/blog.edu.turku.fi\/nummenpakka\/?page_id=2497"},"modified":"2026-04-08T10:39:53","modified_gmt":"2026-04-08T07:39:53","slug":"nivelvaiheet-siirtyminen-1-luokalle-ja-7-luokalle","status":"publish","type":"page","link":"https:\/\/blog.edu.turku.fi\/nummenpakka\/opetus\/nivelvaiheet-siirtyminen-1-luokalle-ja-7-luokalle\/","title":{"rendered":"Nivelvaiheet &#8211; Siirtyminen 1. luokalle ja 7.luokalle"},"content":{"rendered":"<p><em><strong>TERVETULOA NUMMENPAKAN KOULUN OPPILAAKSI!<\/strong><\/em><\/p>\n<p><span style=\"color: #000000\"><strong>Ohjeita syksyn 2026 1.luokan aloittavien oppilaiden huoltajille:<br \/>\n<\/strong><em><a href=\"https:\/\/blog.edu.turku.fi\/nummenpakka\/2025\/11\/17\/oppilas-1-luokalle-syksylla-2026-ohjeita-huoltajille\/\" target=\"_blank\" rel=\"noopener\">Katso ohjeet t\u00e4st\u00e4 linkist\u00e4<\/a><\/em><\/span><\/p>\n<p>Tutustumisp\u00e4iv\u00e4t kev\u00e4\u00e4ll\u00e4 2026<br \/>\nTulevien 1.luokkalaisten tutustumisp\u00e4iv\u00e4 oppilaille sek\u00e4 huoltajille pidet\u00e4\u00e4n Nummenpakan koulussa seuraavasti:<br \/>\nHalisten yksik\u00f6ss\u00e4 ke 6.5.2026 klo 8.30-10.00<br \/>\nNummen yksik\u00f6ss\u00f6 to 7.5.2026 klo 8.30-10.00<\/p>\n<p><strong>Lukuvuoteen 2026-27 liittyen<\/strong><br \/>\nNummenpakan koulun Halisten ja Nummen yksik\u00f6iden 1.luokkalaisen <em>(my\u00f6s muiden alakoulun vuosiluokkien)<\/em> kouluvuosi alkaa ti 11.8.2026 klo 9.00. Lukuvuoden ensimm\u00e4inen koulup\u00e4iv\u00e4 p\u00e4\u00e4ttyy klo 12.00. <span style=\"color: #000000\">Oppilaiden ty\u00f6j\u00e4rjestykset ovat n\u00e4kyviss\u00e4 Wilmassa viimeist\u00e4\u00e4n elokuussa ennen kouluvuoden alkua.<\/span><\/p>\n<p><span style=\"color: #000000\"><strong>Oppilaaksi Nummenpakan kouluun?<br \/>\n<\/strong>Lis\u00e4tietoa kouluun ilmoittautumisesta l\u00f6yd\u00e4t<strong><a href=\"https:\/\/www.turku.fi\/perusopetus\/kouluun-ilmoittautuminen\" target=\"_blank\" rel=\"noopener\"> t\u00e4\u00e4lt\u00e4.<\/a><br \/>\n<\/strong><\/span><\/p>\n<p><span style=\"color: #000000\"><strong>Koulumatkoista ja koululaiskortista l\u00f6yd\u00e4t tietoa <a href=\"https:\/\/blog.edu.turku.fi\/nummenpakka\/oppilaille-ja-huoltajille\/koulumatka\/\" target=\"_blank\" rel=\"noopener\">t\u00e4\u00e4lt\u00e4.<\/a><\/strong><\/span><\/p>\n<p><span style=\"color: #000000\"><strong>OPPILAAKSI 7.LUOKALLE SYKSYLL\u00c4 2026<br \/>\n<\/strong>Tulevien 7.luokkalaisten ja huoltajien infoilta j\u00e4rjestettiin Nummenpakan koulun Aurajoen yksik\u00f6ss\u00e4, Papinkatu 4, keskiviikkona 17.12.2025 klo 18.00; buffet klo 17.30.\u00a0 Kouluntiloihin oli t\u00e4ll\u00f6in mahdollisuus huoltajilla tutustua tukioppilaiden opastuksella pieniss\u00e4 ryhmiss\u00e4.<br \/>\n<strong><span style=\"color: #ff0000\"><em>7.luokan nivelvaiheinfon 2025\u00a0 materiaalit l\u00f6yd\u00e4t <\/em><\/span><a href=\"https:\/\/blog.edu.turku.fi\/nummenpakka\/files\/2025\/12\/Nivelvaihe-7.lk-Nummenpakan-koulu-Aurajoen-yksikko-ke-17.12.2025-PDF.pdf\" target=\"_blank\" rel=\"noopener\"><em>t\u00e4\u00e4lt\u00e4<\/em><\/a><\/strong>.<\/span><\/p>\n<p><strong><span style=\"color: #000000\">Huhti-toukokuussa 2026 Nummenpakan koulun Aurajoen yksik\u00f6ss\u00e4 syksyll\u00e4 aloittavat 7.luokkalaiset oppilaat tulevat tutustumaan yl\u00e4kouluun. Tarkemman vierailun ajankohdan sek\u00e4 muun ohjeistuksen oppilaat ja huoltajat saavat omalta opettajalta.<\/span><\/strong><\/p>\n<p><strong>Yl\u00e4koulun VALMO-\/VALO-oppilaiden tutustumisaamup\u00e4iv\u00e4 Aurajoen yksik\u00f6ss\u00e4 j\u00e4rjestet\u00e4\u00e4n<\/strong> <b>keskiviikkona 13.5.2026 klo 8.30\u201310.30. <\/b>\u00a0T\u00e4h\u00e4n tutusmisp\u00e4iv\u00e4\u00e4n kutsutaan VALMO-\/VALO-opettajat, oppilaat ja oppilaiden huoltajat. Paikalla on my\u00f6s tulkit. Lis\u00e4tiedot omalta opettajalta.<\/p>\n<p><span style=\"color: #000000\">Muistathan k\u00e4yd\u00e4 tutustumassa my\u00f6s muihin koulun k\u00e4yt\u00e4nteihin liittyviin materiaaleihin,\u00a0 kuten esim. koulun j\u00e4rjestyss\u00e4\u00e4nt\u00f6ihin, jotka l\u00f6yd\u00e4t helposti <a style=\"color: #000000\" href=\"https:\/\/blog.edu.turku.fi\/nummenpakka\/opetus\/jarjestyssaannot\/\" target=\"_blank\" rel=\"noopener\">t\u00e4\u00e4lt\u00e4.\u00a0<\/a><\/span><\/p>\n<p><span style=\"color: #000000\">Nummenpakan koulun Aurajoen yksik\u00f6n 7.luokkalaisen kouluvuosi alkaa ti 11.8.2026 klo 8.00. Muut yl\u00e4koulun vuosiluokat aloittavat kouluvuoden klo 9.00. Lukuvuoden ensimm\u00e4inen koulup\u00e4iv\u00e4 p\u00e4\u00e4ttyy klo 12.00.<\/span><\/p>\n<div class=\"x_x_x_WordSection1\">\n<p class=\"x_x_x_MsoNormal x_x_elementToProof\"><span style=\"color: #000000\">Oppilaiden ty\u00f6j\u00e4rjestykset ovat n\u00e4kyviss\u00e4 Wilmassa viimeist\u00e4\u00e4n elokuussa ennen kouluvuoden alkua. Lukuj\u00e4rjestyksiin voi tulla pieni\u00e4 muutoksia viel\u00e4 elokuun aikana. Huomioitavaa on my\u00f6s, ett\u00e4 alakoulun Wilma muuttuu yl\u00e4koulun Wilmaksi jo kes\u00e4-hein\u00e4kuun aikana. 7.luokkalaisten ryhm\u00e4ytt\u00e4minen aloitetaan heti ensimm\u00e4isell\u00e4 kouluviikolla kaikilla luokilla.<i><b><\/b><\/i><\/span><\/p>\n<p class=\"x_x_x_MsoNormal x_x_elementToProof\"><span style=\"color: #000000\">Nummenpakan koulun Aurajoen yksik\u00f6n 7.luokkalaisten huoltajien vanhempainilta j\u00e4rjestet\u00e4\u00e4n heti koulun alkaessa ti 11.8.2026 klo 18 alkaen Aurajoen yksik\u00f6ss\u00e4. Luvassa mm. rehtorin pit\u00e4m\u00e4 yhteinen osuus ja luokkakohtainen osuus luokanohjaajan pit\u00e4m\u00e4n\u00e4.<\/span><\/p>\n<p><em><strong>Kodin ja koulun yhteisty\u00f6st\u00e4 lis\u00e4tietoa ja materiaalia l\u00f6yd\u00e4t <a href=\"https:\/\/blog.edu.turku.fi\/nummenpakka\/oppilaille-ja-huoltajille\/kodin-ja-koulun-yhteistyo\/\" target=\"_blank\" rel=\"noopener\">t\u00e4\u00e4lt\u00e4<\/a><\/strong><\/em><\/p>\n<p><span style=\"color: #000000\"><strong>Koulumatkoista ja koululaiskortista l\u00f6yd\u00e4t t\u00e4\u00e4lt\u00e4:\u00a0<\/strong><br \/>\n<a style=\"color: #000000\" href=\"https:\/\/blog.edu.turku.fi\/nummenpakka\/oppilaille-ja-huoltajille\/koulumatka\/\" target=\"_blank\" rel=\"noopener noreferrer\" data-auth=\"NotApplicable\" data-linkindex=\"0\">https:\/\/blog.edu.turku.fi\/nummenpakka\/oppilaille-ja-huoltajille\/koulumatka\/<\/a><\/span><\/p>\n<\/div>\n<div class=\"x_x_x_WordSection1\">\n<p class=\"x_x_x_MsoNormal x_x_elementToProof\"><span style=\"color: #339966\"><span style=\"color: #000000\"><strong>Vanhempiin info-materiaaleihin voi my\u00f6s k\u00e4yd\u00e4 tutustumassa:<\/strong><\/span><\/span><\/p>\n<p><span style=\"color: #000080\"><em>Vuoden 2023 1.luokkalaisten tutustumisp\u00e4iv\u00e4n 3.5.2023 info-paketti l\u00f6ytyy <a style=\"color: #000080\" href=\"https:\/\/blog.edu.turku.fi\/nummenpakka\/files\/2023\/05\/Tulevien-1.luokkalaisten-tutustumispaiva-3.5.2023.pdf\" target=\"_blank\" rel=\"noopener\">t\u00e4\u00e4lt\u00e4\u00a0<\/a><\/em><\/span><br \/>\nVuoden 2022 info-materiaalit l\u00f6yd\u00e4t t\u00e4\u00e4lt\u00e4: <a href=\"https:\/\/blog.edu.turku.fi\/nummenpakka\/files\/2021\/12\/1.lk-vanhempaininfo-NUM-tammikuu-2022.pdf\" target=\"_blank\" rel=\"noopener noreferrer\"><em>Tulevien 1.luokan oppilaiden huoltajien info-paketti<\/em><\/a><br \/>\n<em><strong><a href=\"https:\/\/blog.edu.turku.fi\/nummenpakka\/files\/2023\/01\/vanhempaininfo-tammikuussa-2023.pdf\" target=\"_blank\" rel=\"noopener\">Tulevien 1.luokkalaisten huoltajille tietoa Nummenpakan koulusta 2023<\/a><\/strong><\/em><\/p>\n<p><span style=\"color: #008000\"><em><strong><a href=\"https:\/\/blog.edu.turku.fi\/nummenpakka\/files\/2024\/08\/Tervetuloa-kouluun-oppilaat-2024-PDF.pdf\" target=\"_blank\" rel=\"noopener\">Rehtorin syyslukukauden aloitustervehdys yl\u00e4koulun oppilaille 8.8.2024<\/a><\/strong><\/em><\/span><\/p>\n<p><span style=\"color: #008000\"><em><strong><a href=\"https:\/\/blog.edu.turku.fi\/nummenpakka\/files\/2024\/08\/7.luokkien-vanhempainilta-8.8.2024-rehtorin-osuus-PDF.pdf\" target=\"_blank\" rel=\"noopener\">7.luokan vanhempainillan 8.8.2024 materiaalit<\/a><\/strong><\/em><\/span><\/p>\n<p><a href=\"https:\/\/blog.edu.turku.fi\/nummenpakka\/files\/2025\/12\/7.luokan-kouluviihtyvyyskyselyn-tulokset-ja-vertailut-2025-PDF.pdf\" target=\"_blank\" rel=\"noopener\"><span style=\"color: #008000\"><em><strong><span style=\"color: #339966\"><span style=\"color: #000000\">7.luokkien kouluviihtyvyystulokset 2018-2025<\/span><\/span><\/strong><\/em><\/span><\/a><\/p>\n<p><span style=\"color: #339966\"><span style=\"color: #000000\"><strong><em><a href=\"https:\/\/blog.edu.turku.fi\/nummenpakka\/files\/2024\/01\/Nivelvaihe-7.lk-Nummenpakan-koulu-Aurajoen-yksikko-ke-17.1.2024-PDF.pdf\" target=\"_blank\" rel=\"noopener\">Tulevien 7.luokan oppilaiden ja huoltajien info-paketti 2024<\/a><br \/>\n<\/em><\/strong><\/span><\/span><span style=\"color: #339966\"><em><span style=\"color: #000080\"><a style=\"color: #000080\" href=\"https:\/\/blog.edu.turku.fi\/nummenpakka\/files\/2023\/01\/Nivelvaihe-7.lk-Nummenpakan-koulu-Aurajoen-yksikko-ke-18.1.2023.pdf\" target=\"_blank\" rel=\"noopener\">Tulevien 7.luokan oppilaiden ja huoltajien info-paketti 2023<\/a><br \/>\n<\/span><\/em><\/span><em><a href=\"https:\/\/blog.edu.turku.fi\/nummenpakka\/files\/2022\/08\/7.luokkien-vanhempainilta-10.8.2022-rehtorin-osuus-2.pdf\" target=\"_blank\" rel=\"noopener\">7.luokkien vanhempainilta ke 10.8.2022 &#8211; rehtorin terveiset<\/a><\/em><br \/>\n<em><a href=\"https:\/\/blog.edu.turku.fi\/nummenpakka\/files\/2022\/01\/Nivelvaihe-7.lk-Nummenpakan-koulu-Aurajoen-yksikko-20.1.2022.pdf\" target=\"_blank\" rel=\"noopener\">Tulevien 7.luokan oppilaiden ja huoltajien info-paketti 2022<\/a><\/em><\/p>\n<p class=\"x_x_x_MsoNormal x_x_elementToProof\">Tuleville 7.luokkalaisille ja heid\u00e4n huoltajille suunnattu Aurajoen yksik\u00f6n esittelyvideo 2021 (Katso\u00a0<a href=\"https:\/\/youtu.be\/1YlDaGyFo-c\" target=\"_blank\" rel=\"noopener noreferrer\">t\u00e4st\u00e4<\/a>)<br \/>\nYl\u00e4koulun valinnaisaineista yleist\u00e4 tietoa l\u00f6ytyy <a href=\"https:\/\/blog.edu.turku.fi\/nummenpakka\/valinnaisuus-aurajoen-yksikossa\/\" target=\"_blank\" rel=\"noopener noreferrer\">t\u00e4\u00e4lt\u00e4<\/a>.<br \/>\nYl\u00e4kouluinfo 2021 tuleville 7.luokkalaisille ja huoltajille aukeaa <a href=\"https:\/\/blog.edu.turku.fi\/nummenpakka\/files\/2021\/01\/Nivelvaihe-7.lk-Nummenpakan-koulu-Aurajoen-yksikko-25.1.2021.pdf\" target=\"_blank\" rel=\"noopener noreferrer\">t\u00e4st\u00e4<\/a>.<br \/>\n<a href=\"https:\/\/blog.edu.turku.fi\/nummenpakka\/files\/2021\/08\/7.luokkien-vanhempainilta-11.8.2021-rehtori-PDF.pdf\" target=\"_blank\" rel=\"noopener\">7.luokkien vanhempainilta 11.8.2021 &#8211; rehtori terveiset<\/a><\/p>\n<p class=\"x_x_x_MsoNormal x_x_elementToProof\">Jos olet tulossa syksyll\u00e4 7.luokalle Aurajoen yksikk\u00f6\u00f6n, kannattaa sinun my\u00f6s katsoa t\u00e4m\u00e4 toinen video, jossa oppilaat vastailevat kysymyksiin, jotka saattavat askarruttaa kun alakoulusta siirryt\u00e4\u00e4n yl\u00e4kouluun\u00a0(video k\u00e4ynnistyy\u00a0<a href=\"https:\/\/youtu.be\/77eBubGLMGk\" target=\"_blank\" rel=\"noopener noreferrer\">t\u00e4st\u00e4<\/a>)<\/p>\n<\/div>\n","protected":false},"excerpt":{"rendered":"<p>TERVETULOA NUMMENPAKAN KOULUN OPPILAAKSI! Ohjeita syksyn 2026 1.luokan aloittavien oppilaiden huoltajille: Katso ohjeet t\u00e4st\u00e4 linkist\u00e4 Tutustumisp\u00e4iv\u00e4t kev\u00e4\u00e4ll\u00e4 2026 Tulevien 1.luokkalaisten tutustumisp\u00e4iv\u00e4 oppilaille sek\u00e4 huoltajille pidet\u00e4\u00e4n Nummenpakan koulussa seuraavasti: Halisten yksik\u00f6ss\u00e4 ke 6.5.2026 klo 8.30-10.00 Nummen yksik\u00f6ss\u00f6 to 7.5.2026 klo 8.30-10.00 Lukuvuoteen 2026-27 liittyen Nummenpakan koulun Halisten ja Nummen yksik\u00f6iden 1.luokkalaisen (my\u00f6s muiden alakoulun vuosiluokkien) kouluvuosi &hellip; <a href=\"https:\/\/blog.edu.turku.fi\/nummenpakka\/opetus\/nivelvaiheet-siirtyminen-1-luokalle-ja-7-luokalle\/\" class=\"more-link\">Jatka lukemista<span class=\"screen-reader-text\"> &#8221;Nivelvaiheet &#8211; Siirtyminen 1. luokalle ja 7.luokalle&#8221;<\/span><\/a><\/p>\n","protected":false},"author":82,"featured_media":0,"parent":101,"menu_order":0,"comment_status":"closed","ping_status":"closed","template":"","meta":{"footnotes":""},"class_list":["post-2497","page","type-page","status-publish","hentry"],"_links":{"self":[{"href":"https:\/\/blog.edu.turku.fi\/nummenpakka\/wp-json\/wp\/v2\/pages\/2497","targetHints":{"allow":["GET"]}}],"collection":[{"href":"https:\/\/blog.edu.turku.fi\/nummenpakka\/wp-json\/wp\/v2\/pages"}],"about":[{"href":"https:\/\/blog.edu.turku.fi\/nummenpakka\/wp-json\/wp\/v2\/types\/page"}],"author":[{"embeddable":true,"href":"https:\/\/blog.edu.turku.fi\/nummenpakka\/wp-json\/wp\/v2\/users\/82"}],"replies":[{"embeddable":true,"href":"https:\/\/blog.edu.turku.fi\/nummenpakka\/wp-json\/wp\/v2\/comments?post=2497"}],"version-history":[{"count":91,"href":"https:\/\/blog.edu.turku.fi\/nummenpakka\/wp-json\/wp\/v2\/pages\/2497\/revisions"}],"predecessor-version":[{"id":4898,"href":"https:\/\/blog.edu.turku.fi\/nummenpakka\/wp-json\/wp\/v2\/pages\/2497\/revisions\/4898"}],"up":[{"embeddable":true,"href":"https:\/\/blog.edu.turku.fi\/nummenpakka\/wp-json\/wp\/v2\/pages\/101"}],"wp:attachment":[{"href":"https:\/\/blog.edu.turku.fi\/nummenpakka\/wp-json\/wp\/v2\/media?parent=2497"}],"curies":[{"name":"wp","href":"https:\/\/api.w.org\/{rel}","templated":true}]}}