{"id":2379,"date":"2020-10-29T12:44:16","date_gmt":"2020-10-29T10:44:16","guid":{"rendered":"https:\/\/blog.edu.turku.fi\/nummenpakka\/?page_id=2379"},"modified":"2025-04-29T12:11:50","modified_gmt":"2025-04-29T09:11:50","slug":"korona-ohjeita","status":"publish","type":"page","link":"https:\/\/blog.edu.turku.fi\/nummenpakka\/oppilaille-ja-huoltajille\/korona-ohjeita\/","title":{"rendered":"Vanhoja ohjeita"},"content":{"rendered":"<p>&nbsp;<\/p>\n<p>Ajankohtaiset korona-ohjeistukset Turussa l\u00f6yd\u00e4t <a href=\"https:\/\/www.turku.fi\/korona\" target=\"_blank\" rel=\"noopener\">t\u00e4\u00e4lt\u00e4<\/a><\/p>\n<ul>\n<li><a href=\"http:\/\/www.turku.fi\/korona\" target=\"_blank\" rel=\"noopener\">turku.fi\/korona<\/a><\/li>\n<li><a href=\"https:\/\/www.turku.fi\/uutinen\/2021-12-09_koronapassi\" target=\"_blank\" rel=\"noopener\">Koronapassi\u00a0<\/a>(turku.fi)<\/li>\n<li><a href=\"https:\/\/www.turku.fi\/search\/keywords\/%2231300%22\" target=\"_blank\" rel=\"noopener\">Kaikki koronavirus-aiheiset uutiset<\/a><\/li>\n<li><a href=\"https:\/\/thl.fi\/fi\/web\/infektiotaudit-ja-rokotukset\/ajankohtaista\/ajankohtaista-koronaviruksesta-covid-19\/materiaalipankki-koronaviruksesta\">THL:n materiaalipankki koronaviruksesta<\/a><\/li>\n<li><a href=\"https:\/\/thl.fi\/fi\/web\/infektiotaudit-ja-rokotukset\/ajankohtaista\/ajankohtaista-koronaviruksesta-covid-19\/tarttuminen-ja-suojautuminen-koronavirus\/arvio-tapahtumien-ja-kokoontumisten-koronavirukseen-liittyvasta-riskista\">Arvio tapahtumien ja kokoontumisten koronavirukseen liittyv\u00e4st\u00e4 riskist\u00e4\u00a0<\/a>(THL)<\/li>\n<li><a href=\"https:\/\/valtioneuvosto.fi\/tietoa-koronaviruksesta\">Valtioneuvoston tietoa ja neuvontaa koronaviruksesta<\/a><\/li>\n<li><a href=\"https:\/\/suomitoimii.fi\/5valttia\/\">Viisi valttia koronan ehk\u00e4isyyn -kampanja<\/a><\/li>\n<\/ul>\n","protected":false},"excerpt":{"rendered":"<p>&nbsp; Ajankohtaiset korona-ohjeistukset Turussa l\u00f6yd\u00e4t t\u00e4\u00e4lt\u00e4 turku.fi\/korona Koronapassi\u00a0(turku.fi) Kaikki koronavirus-aiheiset uutiset THL:n materiaalipankki koronaviruksesta Arvio tapahtumien ja kokoontumisten koronavirukseen liittyv\u00e4st\u00e4 riskist\u00e4\u00a0(THL) Valtioneuvoston tietoa ja neuvontaa koronaviruksesta Viisi valttia koronan ehk\u00e4isyyn -kampanja<\/p>\n","protected":false},"author":82,"featured_media":0,"parent":110,"menu_order":0,"comment_status":"closed","ping_status":"closed","template":"","meta":{"footnotes":""},"class_list":["post-2379","page","type-page","status-publish","hentry"],"_links":{"self":[{"href":"https:\/\/blog.edu.turku.fi\/nummenpakka\/wp-json\/wp\/v2\/pages\/2379","targetHints":{"allow":["GET"]}}],"collection":[{"href":"https:\/\/blog.edu.turku.fi\/nummenpakka\/wp-json\/wp\/v2\/pages"}],"about":[{"href":"https:\/\/blog.edu.turku.fi\/nummenpakka\/wp-json\/wp\/v2\/types\/page"}],"author":[{"embeddable":true,"href":"https:\/\/blog.edu.turku.fi\/nummenpakka\/wp-json\/wp\/v2\/users\/82"}],"replies":[{"embeddable":true,"href":"https:\/\/blog.edu.turku.fi\/nummenpakka\/wp-json\/wp\/v2\/comments?post=2379"}],"version-history":[{"count":8,"href":"https:\/\/blog.edu.turku.fi\/nummenpakka\/wp-json\/wp\/v2\/pages\/2379\/revisions"}],"predecessor-version":[{"id":2393,"href":"https:\/\/blog.edu.turku.fi\/nummenpakka\/wp-json\/wp\/v2\/pages\/2379\/revisions\/2393"}],"up":[{"embeddable":true,"href":"https:\/\/blog.edu.turku.fi\/nummenpakka\/wp-json\/wp\/v2\/pages\/110"}],"wp:attachment":[{"href":"https:\/\/blog.edu.turku.fi\/nummenpakka\/wp-json\/wp\/v2\/media?parent=2379"}],"curies":[{"name":"wp","href":"https:\/\/api.w.org\/{rel}","templated":true}]}}