{"id":171,"date":"2013-05-03T12:53:12","date_gmt":"2013-05-03T09:53:12","guid":{"rendered":"https:\/\/blog.edu.turku.fi\/nummenpakka\/?page_id=171"},"modified":"2025-12-17T09:48:48","modified_gmt":"2025-12-17T07:48:48","slug":"kodin-ja-koulun-yhteistyo","status":"publish","type":"page","link":"https:\/\/blog.edu.turku.fi\/nummenpakka\/oppilaille-ja-huoltajille\/kodin-ja-koulun-yhteistyo\/","title":{"rendered":"Kodin ja koulun yhteisty\u00f6"},"content":{"rendered":"<p><b>KODIN JA KOULUN YHTEISTY\u00d6:<\/b><\/p>\n<p>L\u00e4ht\u00f6kohtana yhteisty\u00f6lle <b>Nummenpakan koulussa<\/b> on avoin vuorovaikutus oppilaiden, huoltajien ja koulun henkil\u00f6st\u00f6n v\u00e4lill\u00e4. Perustana ovat oppilaan, huoltajan ja opettajan oikeudet ja velvollisuudet vaikuttaa oppimiseen ja koulussa viihtymiseen.<br \/>\nHalisten ja Nummen yksik\u00f6n oppilas<\/p>\n<ul>\n<li>huolehtii teht\u00e4vist\u00e4\u00e4n ja k\u00e4ytt\u00e4ytyy asiallisesti. (Perusopetuslaki 35\u00a7)<\/li>\n<\/ul>\n<p>Nummenpakan koulussa oppilaan huoltaja<\/p>\n<ul>\n<li>vastaa ensisijaisesti lapsen kasvatuksesta.<\/li>\n<li>vastaa siit\u00e4, ett\u00e4 oppilas huolehtii teht\u00e4vist\u00e4\u00e4n ja ty\u00f6v\u00e4lineist\u00e4\u00e4n.<\/li>\n<li>on oikeutettu selvitt\u00e4m\u00e4\u00e4n ep\u00e4selvyydet olemalla yhteydess\u00e4 kouluun.li&gt;<\/li>\n<li>tukee koulun kasvatus- ja opetusty\u00f6t.<\/li>\n<\/ul>\n<p>Nummenpakan koulun\u00a0opettaja<\/p>\n<ul>\n<li>vastaa oppilaan kasvatuksesta ja oppimisesta kouluyhteis\u00f6n j\u00e4senen\u00e4.<\/li>\n<li>tukee kodin kasvatusty\u00f6t\u00e4<\/li>\n<li>antaa riitt\u00e4v\u00e4sti tietoa opetuksesta ja kaikista muista koulunk\u00e4yntiin liittyvist\u00e4 asioista koteihin.<\/li>\n<\/ul>\n<p>Jokaisella vuosiluokalla j\u00e4rjestet\u00e4\u00e4n v\u00e4hint\u00e4\u00e4n yksi vanhempainilta. T\u00e4m\u00e4n lis\u00e4ksi voidaan j\u00e4rjest\u00e4\u00e4 koko koulun vanhempainiltoja. Tavoitteena on tiedottamisen lis\u00e4ksi keskustella yhteisist\u00e4 kasvatuksen ja opetuksen p\u00e4\u00e4m\u00e4\u00e4rist\u00e4.<\/p>\n<p><strong><span style=\"color: #ff0000\"><span style=\"color: #000000\"><br \/>\nMUISTA TUTUSTUA\u00a0 <span style=\"color: #008000\">AJANKOHTAISIIN<\/span> KODIN JA KOULUN YHTEISTY\u00d6- MATERIAALEIHIN:<\/span><\/span><\/strong><\/p>\n<ul>\n<li>8.-9.luokkien vanhempainilta 21.8.2025\n<ul>\n<li><a href=\"https:\/\/blog.edu.turku.fi\/nummenpakka\/files\/2025\/08\/8.-ja-9.luokkien-vanhempainilta-21.8.2025-rehtorin-osuus-ym.-PDF.pdf\" target=\"_blank\" rel=\"noopener\">Rehtorin osuus vanhempainillassa ja mahdollisia luokanohjaajan asioita 21.8.2025<\/a><\/li>\n<\/ul>\n<\/li>\n<li>7.luokkien vanhempainilta 7.8.2025\n<ul>\n<li><a href=\"https:\/\/blog.edu.turku.fi\/nummenpakka\/files\/2025\/08\/7.luokkien-vanhempainilta-7.8.2025-rehtorin-osuus-ym.-PDF.pdf\" target=\"_blank\" rel=\"noopener\">Rehtorin osuus vanhempainillassa ja muita t\u00e4rkeit\u00e4 ajankohtaisia asioita 7.8.2025<\/a><\/li>\n<li><a href=\"https:\/\/blog.edu.turku.fi\/nummenpakka\/files\/2025\/08\/Tervetuloa-kouluun-oppilaat-2025-PDF.pdf\" target=\"_blank\" rel=\"noopener\">rehtorin <em>Tervetuloa kouluun!<\/em> &#8211; toivotus oppilaille 7.8.2025<\/a><\/li>\n<\/ul>\n<\/li>\n<li><em><a href=\"https:\/\/blog.edu.turku.fi\/nummenpakka\/files\/2025\/12\/7.luokan-kouluviihtyvyyskyselyn-tulokset-ja-vertailut-2025-PDF.pdf\" target=\"_blank\" rel=\"noopener\">7.luokkien kouluviihtyvyystulokset 2018-2025<\/a><\/em><\/li>\n<\/ul>\n<ul>\n<li>7.luokkien vanhempainilta 8.8.2024\n<ul>\n<li><em><a href=\"https:\/\/blog.edu.turku.fi\/nummenpakka\/files\/2024\/08\/Tervetuloa-kouluun-oppilaat-2024-PDF.pdf\" target=\"_blank\" rel=\"noopener\">Rehtorin syyslukukauden aloitustervehdys yl\u00e4koulun oppilaille 8.8.2024<\/a><\/em><\/li>\n<li><em><a href=\"https:\/\/blog.edu.turku.fi\/nummenpakka\/files\/2024\/08\/7.luokkien-vanhempainilta-8.8.2024-rehtorin-osuus-PDF.pdf\" target=\"_blank\" rel=\"noopener\">7.luokan vanhempainillan 8.8.2024 materiaalit<\/a><\/em><\/li>\n<li><\/li>\n<\/ul>\n<\/li>\n<\/ul>\n<ul>\n<li><a href=\"https:\/\/blog.edu.turku.fi\/nummenpakka\/files\/2023\/08\/Nummenpakan-1.lk-vanhempainilta-10.8.2023-PDF.pdf\" target=\"_blank\" rel=\"noopener\">1.luokkien vanhempainilta 10.8.2023 Nummi-Halinen<\/a><\/li>\n<li>7.luokkien vanhempainilta 10.8.2023:\n<ul>\n<li><a href=\"https:\/\/blog.edu.turku.fi\/nummenpakka\/files\/2023\/08\/Tervetuloa-kouluun-oppilaat-2023-PDF.pdf\" target=\"_blank\" rel=\"noopener\">rehtorin <em>Tervetuloa kouluun!<\/em> &#8211; toivotus oppilaille 10.8.2023<\/a><\/li>\n<li><a href=\"https:\/\/blog.edu.turku.fi\/nummenpakka\/files\/2023\/08\/7.luokkien-vanhempainilta-10.8.2023-rehtorin-osuus-PDF.pdf\" target=\"_blank\" rel=\"noopener\">rehtorin osuus huoltajille<\/a><\/li>\n<li>psyk.sairaanhoitajan terveiset (apua ahdistukseen <a href=\"https:\/\/blog.edu.turku.fi\/nummenpakka\/files\/2023\/08\/Apua-ahdistukseen.pdf\" target=\"_blank\" rel=\"noopener\">Cool Kids<\/a>) (<a href=\"https:\/\/blog.edu.turku.fi\/nummenpakka\/files\/2023\/08\/Cool-Kids_esite_Vanhemmat_A4_yhd_s-1.pdf\" target=\"_blank\" rel=\"noopener\">esite huoltajille<\/a> ja <a href=\"https:\/\/blog.edu.turku.fi\/nummenpakka\/files\/2023\/08\/Cool-Kids_esite_Lapset_ja_nuoret_2_A4_s-1.pdf\" target=\"_blank\" rel=\"noopener\">esite lapsille ja nuorille<\/a>)<\/li>\n<li><a href=\"https:\/\/mvkk.fi\/\" target=\"_blank\" rel=\"noopener\">Mvkk &#8211; monikulttuurinen varhaiskasvatus, koulu ja koti ry &#8211; Linkki kioski<\/a><\/li>\n<li><a href=\"https:\/\/blog.edu.turku.fi\/nummenpakka\/files\/2023\/08\/150823_Vanhempainilta_syksy2023_Poissaolomalli-PDF.pdf\" target=\"_blank\" rel=\"noopener\">Turun poissaolomalli -yhteisell\u00e4 koulutiella elokuu 2023<\/a><\/li>\n<\/ul>\n<\/li>\n<li>Nummenpakan koulun Aurajoen yksikk\u00f6: <a href=\"https:\/\/blog.edu.turku.fi\/nummenpakka\/files\/2022\/02\/Launataikoulupaiva-5.2.2022-rehtorin-info-huoltajille-klo-11.00.pdf\" target=\"_blank\" rel=\"noopener\">Rehtorin info la 5.2.2022<\/a><\/li>\n<li>Nivelvaihe- Siirtyminen 1.- ja 7.luokalle asiat l\u00f6yd\u00e4t <a href=\"https:\/\/blog.edu.turku.fi\/nummenpakka\/opetus\/nivelvaiheet-siirtyminen-1-luokalle-ja-7-luokalle\/\">t\u00e4\u00e4lt\u00e4<\/a><\/li>\n<\/ul>\n<p>&nbsp;<\/p>\n<p><strong><br \/>\nVANHEMPAINYHDISTYS<\/strong><\/p>\n<p><b>Nukko Ry- Nummenpakan koulun vanhempainyhdistys<\/b><b><br \/>\n<\/b>Vanhempainyhdistysten teht\u00e4v\u00e4n\u00e4 on lis\u00e4t\u00e4 kodin ja koulun v\u00e4list\u00e4 yhteisty\u00f6t\u00e4, tukea koteja ja koulua, keskustella kouluun liittyvist\u00e4 asioista sek\u00e4 olla t\u00e4rke\u00e4n\u00e4 linkkin\u00e4 rakentamassa lapsillemme hyv\u00e4\u00e4 koulu- ja l\u00e4hiymp\u00e4rist\u00f6\u00e4. Toimintaan voi osallistua monella tavalla. Nukko RY:n puheenjohtaja toimii syksyst\u00e4 2023 alkaen Anu Auranen puh. 045 6517273. Vanhempainyhdistyksen kokouksista ym. tiedotetaan huoltajie erikseen Wilman v\u00e4lityksell\u00e4.<\/p>\n<p><strong>Nukon<\/strong><b> <\/b><strong>Facebook-sivusto l\u00f6ytyy<\/strong> <a href=\"https:\/\/www.facebook.com\/nummenpakankoulunvanhempainyhdistys\/\" target=\"_blank\" rel=\"noopener\">t\u00e4\u00e4lt\u00e4.<br \/>\n<\/a><strong>Nukon kotisivut l\u00f6ytyv\u00e4t<\/strong> <a href=\"http:\/\/www.nukko.org\" target=\"_blank\" rel=\"noopener\">t\u00e4\u00e4lt\u00e4.<\/a><\/p>\n<p><b>Turun alueellinen vanhempainyhdistys r.y. (TURVARY ry)<\/b><\/p>\n<p>Yhdistyksen tarkoituksena on koota yhteen turkulaisten koulujen vanhempainyhdistyksi\u00e4 ja edesauttaa kodin ja koulun v\u00e4list\u00e4 yhteisty\u00f6t\u00e4 laajemmassa mitassa, kuin mit\u00e4 yksitt\u00e4iselle vanhempainyhdistykselle on mahdollista. Lis\u00e4\u00e4 tietoa l\u00f6ytyy osoitteesta <a href=\"http:\/\/www.turvary.fi\/\">http:\/\/www.turvary.fi\/<\/a><\/p>\n<p>&nbsp;<\/p>\n<p>&nbsp;<\/p>\n","protected":false},"excerpt":{"rendered":"<p>KODIN JA KOULUN YHTEISTY\u00d6: L\u00e4ht\u00f6kohtana yhteisty\u00f6lle Nummenpakan koulussa on avoin vuorovaikutus oppilaiden, huoltajien ja koulun henkil\u00f6st\u00f6n v\u00e4lill\u00e4. Perustana ovat oppilaan, huoltajan ja opettajan oikeudet ja velvollisuudet vaikuttaa oppimiseen ja koulussa viihtymiseen. Halisten ja Nummen yksik\u00f6n oppilas huolehtii teht\u00e4vist\u00e4\u00e4n ja k\u00e4ytt\u00e4ytyy asiallisesti. (Perusopetuslaki 35\u00a7) Nummenpakan koulussa oppilaan huoltaja vastaa ensisijaisesti lapsen kasvatuksesta. vastaa siit\u00e4, ett\u00e4 oppilas &hellip; <a href=\"https:\/\/blog.edu.turku.fi\/nummenpakka\/oppilaille-ja-huoltajille\/kodin-ja-koulun-yhteistyo\/\" class=\"more-link\">Jatka lukemista<span class=\"screen-reader-text\"> &#8221;Kodin ja koulun yhteisty\u00f6&#8221;<\/span><\/a><\/p>\n","protected":false},"author":33,"featured_media":0,"parent":110,"menu_order":0,"comment_status":"closed","ping_status":"closed","template":"","meta":{"footnotes":""},"class_list":["post-171","page","type-page","status-publish","hentry"],"_links":{"self":[{"href":"https:\/\/blog.edu.turku.fi\/nummenpakka\/wp-json\/wp\/v2\/pages\/171","targetHints":{"allow":["GET"]}}],"collection":[{"href":"https:\/\/blog.edu.turku.fi\/nummenpakka\/wp-json\/wp\/v2\/pages"}],"about":[{"href":"https:\/\/blog.edu.turku.fi\/nummenpakka\/wp-json\/wp\/v2\/types\/page"}],"author":[{"embeddable":true,"href":"https:\/\/blog.edu.turku.fi\/nummenpakka\/wp-json\/wp\/v2\/users\/33"}],"replies":[{"embeddable":true,"href":"https:\/\/blog.edu.turku.fi\/nummenpakka\/wp-json\/wp\/v2\/comments?post=171"}],"version-history":[{"count":48,"href":"https:\/\/blog.edu.turku.fi\/nummenpakka\/wp-json\/wp\/v2\/pages\/171\/revisions"}],"predecessor-version":[{"id":4766,"href":"https:\/\/blog.edu.turku.fi\/nummenpakka\/wp-json\/wp\/v2\/pages\/171\/revisions\/4766"}],"up":[{"embeddable":true,"href":"https:\/\/blog.edu.turku.fi\/nummenpakka\/wp-json\/wp\/v2\/pages\/110"}],"wp:attachment":[{"href":"https:\/\/blog.edu.turku.fi\/nummenpakka\/wp-json\/wp\/v2\/media?parent=171"}],"curies":[{"name":"wp","href":"https:\/\/api.w.org\/{rel}","templated":true}]}}