{"id":167,"date":"2013-05-03T12:49:20","date_gmt":"2013-05-03T09:49:20","guid":{"rendered":"https:\/\/blog.edu.turku.fi\/nummenpakka\/?page_id=167"},"modified":"2025-09-01T12:49:55","modified_gmt":"2025-09-01T09:49:55","slug":"poissaolopyynto","status":"publish","type":"page","link":"https:\/\/blog.edu.turku.fi\/nummenpakka\/oppilaille-ja-huoltajille\/poissaolopyynto\/","title":{"rendered":"Poissaolopyynt\u00f6 ja poissaoloihin puuttuminen"},"content":{"rendered":"<p><b>POISSAOLOISTA ILMOITTAMINEN:<\/b><br \/>\nHuoltajan on huolehdittava, ett\u00e4 oppilaan oppivelvollisuus tulee suoritettua (POL 26).<br \/>\nHuoltajan tulee ilmoittaa lapsensa poissaolosta mahdollisimman pian ensimm\u00e4isen poissaolop\u00e4iv\u00e4n aamuna luokanopettajalle\/luokanvalvojalle\/kouluun.<br \/>\nIlmoittaa voi soittamalla, tekstiviestill\u00e4 tai Wilman kautta.<\/p>\n<p>Mik\u00e4li oppilas on koulusta poissa muusta syyst\u00e4 kuin sairaudesta, lupa poissaoloon tulee pyyt\u00e4\u00e4 hyviss\u00e4 ajoin (POL 35).<\/p>\n<div id=\"news-content\" class=\"margin-bottom\">\n<p><strong>OHJEET HUOLTAJALLE OPPILAAN POISSAOLOPYYNT\u00d6\u00c4 VARTEN:<\/strong><br \/>\n1. Kirjaudu tunnuksillasi Wilmaan<br \/>\n<span style=\"color: #ff0000\">\u00a0 HUOM! \u00c4l\u00e4 k\u00e4yt\u00e4 Wilma-sovellusta, vaan kirjaudu Wilmaan nettiselaimella\u00a0 <\/span><br \/>\n<span style=\"color: #ff0000\">\u00a0\u00a0 osoitteessa <a href=\"https:\/\/turku.inschool.fi\/\" target=\"_blank\" rel=\"noopener\">https:\/\/turku.inschool.fi\/<\/a><\/span><\/p>\n<p>2. Valitse otsikko <strong>HAKEMUKSET JA P\u00c4\u00c4T\u00d6KSET<\/strong><\/p>\n<p>3. Valitse <strong>TEE UUSI HAKEMUS<\/strong><\/p>\n<p>4. Valitse joko\u00a0<strong>Poissaolopyynt\u00f6 1-3\u00a0p\u00e4iv\u00e4\u00e4<\/strong> tai <strong>Poissaolopyynt\u00f6 yli 3 p\u00e4iv\u00e4\u00e4<\/strong><\/p>\n<p>5. <strong>T\u00e4yt\u00e4 lomake<\/strong> ja <strong>TALLENNA.<\/strong><\/p>\n<p>6. Poissaolopyynt\u00f6 menee automaattisesti hyv\u00e4ksytt\u00e4v\u00e4ksi oikealle henkil\u00f6lle (luokanopettaja\/luokan ohjaaja\/rehtori\/apulaisrehtori)<\/p>\n<p>7. My\u00f6nnetty poissaolo n\u00e4kyy oppilaan Wilma-tiedoissa.<\/p>\n<\/div>\n<p>Luvan enint\u00e4\u00e4n kolmen p\u00e4iv\u00e4n poissaoloon my\u00f6nt\u00e4\u00e4 luokanvalvoja.<\/p>\n<p>Kolmea p\u00e4iv\u00e4\u00e4 pidemm\u00e4t poissaolot my\u00f6nt\u00e4\u00e4 rehtori; poissaolopyynn\u00f6n k\u00e4sittelee t\u00e4ll\u00f6inkin ensin luokanopettaja\/luokanohjaaja ja t\u00e4m\u00e4n j\u00e4lkeen p\u00e4\u00e4t\u00f6ksen tekee rehtori<\/p>\n<p><strong><br \/>\nPOISSAOLOIHIN PUUTTUMINEN<\/p>\n<p>Oppilaan ja huoltajan huomioitavat asiat<br \/>\n<\/strong>Oppilaan tulee etuk\u00e4teen sopia poissaolon aikana suoritettavista kouluteht\u00e4vist\u00e4 ja kokeista ym. opettajien kanssa ja huolehtia niiden tekemisest\u00e4.<\/p>\n<p>Huoltajat vastaavat oppilaan poissaolon aikana\u00a0 koulunk\u00e4ynnin tuen j\u00e4rjestelyist\u00e4.<\/p>\n<p>Koulusta oppilaiden k\u00e4ytt\u00f6\u00f6n saatuja iPadeja tai kannettavia tietokoneita ei saa vied\u00e4 ulkomaille; laitteet tulee j\u00e4tt\u00e4\u00e4 kouluun ulkomaan matkan ajaksi.<\/p>\n<p>Jos oppilaan poissaolon pituus on yli kolme viikkoa, huoltajan tulee tehd\u00e4 selvitys opetuksen j\u00e4rjestelyist\u00e4 ja mahdollisista muista\u00a0oppilaan tukitoimista rehtorille\u00a0kun poissaoloanomus tehd\u00e4\u00e4n Wilmaan. Huoltaja voi varata selvityst\u00e4 varten my\u00f6s tapaamisajan rehtorilta tarvittaessa.<\/p>\n<p><strong>OPAS HUOLTAJALLE:<\/strong><br \/>\n<a href=\"https:\/\/blog.edu.turku.fi\/nummenpakka\/files\/2025\/09\/Koulupoissaoloihin_puuttuminen_ohjeistus_huoltajille-lv2025-2026-PDF.pdf\" target=\"_blank\" rel=\"noopener\">Kouluun kiinnitt\u00e4minen ja poissaoloihin puuttuminen Turun perusopetuksessa lv.2025-26\u00a0<\/a><\/p>\n<p><strong>Tutustu my\u00f6s koulupoissaoloihin puuttumiseen ja koulupudokkuuden ennaltaehk\u00e4isyyn Turun peruskouluissa sivustoon <a href=\"https:\/\/www.turku.fi\/perusopetus\/koulupoissaolot\" target=\"_blank\" rel=\"noopener\">t\u00e4\u00e4lt\u00e4<\/a><br \/>\n<a href=\"https:\/\/www.turku.fi\/paivahoito-ja-koulutus\/perusopetus\/opiskeluhuolto\/koulupoissaoloihin-puuttuminen-ja-koulupudokkuuden\" target=\"_blank\" rel=\"noopener\"><img loading=\"lazy\" decoding=\"async\" class=\"alignleft size-full wp-image-4200\" src=\"https:\/\/blog.edu.turku.fi\/nummenpakka\/files\/2024\/08\/jokainen_paiva_on_tarkea.png\" alt=\"\" width=\"800\" height=\"451\" srcset=\"https:\/\/blog.edu.turku.fi\/nummenpakka\/files\/2024\/08\/jokainen_paiva_on_tarkea.png 800w, https:\/\/blog.edu.turku.fi\/nummenpakka\/files\/2024\/08\/jokainen_paiva_on_tarkea-300x169.png 300w\" sizes=\"auto, (max-width: 800px) 85vw, 800px\" \/><\/a><br \/>\n<\/strong><\/p>\n","protected":false},"excerpt":{"rendered":"<p>POISSAOLOISTA ILMOITTAMINEN: Huoltajan on huolehdittava, ett\u00e4 oppilaan oppivelvollisuus tulee suoritettua (POL 26). Huoltajan tulee ilmoittaa lapsensa poissaolosta mahdollisimman pian ensimm\u00e4isen poissaolop\u00e4iv\u00e4n aamuna luokanopettajalle\/luokanvalvojalle\/kouluun. Ilmoittaa voi soittamalla, tekstiviestill\u00e4 tai Wilman kautta. Mik\u00e4li oppilas on koulusta poissa muusta syyst\u00e4 kuin sairaudesta, lupa poissaoloon tulee pyyt\u00e4\u00e4 hyviss\u00e4 ajoin (POL 35). OHJEET HUOLTAJALLE OPPILAAN POISSAOLOPYYNT\u00d6\u00c4 VARTEN: 1. Kirjaudu tunnuksillasi &hellip; <a href=\"https:\/\/blog.edu.turku.fi\/nummenpakka\/oppilaille-ja-huoltajille\/poissaolopyynto\/\" class=\"more-link\">Jatka lukemista<span class=\"screen-reader-text\"> &#8221;Poissaolopyynt\u00f6 ja poissaoloihin puuttuminen&#8221;<\/span><\/a><\/p>\n","protected":false},"author":33,"featured_media":0,"parent":110,"menu_order":0,"comment_status":"closed","ping_status":"closed","template":"","meta":{"footnotes":""},"class_list":["post-167","page","type-page","status-publish","hentry"],"_links":{"self":[{"href":"https:\/\/blog.edu.turku.fi\/nummenpakka\/wp-json\/wp\/v2\/pages\/167","targetHints":{"allow":["GET"]}}],"collection":[{"href":"https:\/\/blog.edu.turku.fi\/nummenpakka\/wp-json\/wp\/v2\/pages"}],"about":[{"href":"https:\/\/blog.edu.turku.fi\/nummenpakka\/wp-json\/wp\/v2\/types\/page"}],"author":[{"embeddable":true,"href":"https:\/\/blog.edu.turku.fi\/nummenpakka\/wp-json\/wp\/v2\/users\/33"}],"replies":[{"embeddable":true,"href":"https:\/\/blog.edu.turku.fi\/nummenpakka\/wp-json\/wp\/v2\/comments?post=167"}],"version-history":[{"count":37,"href":"https:\/\/blog.edu.turku.fi\/nummenpakka\/wp-json\/wp\/v2\/pages\/167\/revisions"}],"predecessor-version":[{"id":4637,"href":"https:\/\/blog.edu.turku.fi\/nummenpakka\/wp-json\/wp\/v2\/pages\/167\/revisions\/4637"}],"up":[{"embeddable":true,"href":"https:\/\/blog.edu.turku.fi\/nummenpakka\/wp-json\/wp\/v2\/pages\/110"}],"wp:attachment":[{"href":"https:\/\/blog.edu.turku.fi\/nummenpakka\/wp-json\/wp\/v2\/media?parent=167"}],"curies":[{"name":"wp","href":"https:\/\/api.w.org\/{rel}","templated":true}]}}