{"id":155,"date":"2013-05-03T12:39:30","date_gmt":"2013-05-03T09:39:30","guid":{"rendered":"https:\/\/blog.edu.turku.fi\/nummenpakka\/?page_id=155"},"modified":"2025-08-15T18:30:42","modified_gmt":"2025-08-15T15:30:42","slug":"oppilaan-tuki","status":"publish","type":"page","link":"https:\/\/blog.edu.turku.fi\/nummenpakka\/opetus\/oppilaan-tuki\/","title":{"rendered":"Oppilaan tuki 1.8.2025 alkaen"},"content":{"rendered":"<p><strong>Tuki jatkuu samankaltaisena niille, jotka ovat saaneet sit\u00e4 t\u00e4h\u00e4nkin asti.<\/strong><\/p>\n<p>Ennen kolmiportainen tuki (yleinen, tehostettu ja erityinen) ja 1.8.2025 alkaen kaksi tukimuotoa: ryhm\u00e4- ja oppilaskohtainen tuki.<\/p>\n<p><strong>Ryhm\u00e4kohtainen tuki<\/strong> on ensisijaista ja siihen on oikeus kaikilla oppilailla. Ryhm\u00e4kohtaista tukea toteutetaan joustavasti ja suunnitelmallisesti koko lukuvuoden ajan. \u200bSiit\u00e4 ei tehd\u00e4 hallintop\u00e4\u00e4t\u00f6st\u00e4.<br \/>\nRyhm\u00e4ss\u00e4 j\u00e4rjestetty\u00e4 tukea ovat: Opettajan antama yleinen tukiopetus, opettajan antama opetuskielen tukiopetus ja erityisopettajan opetus muun opetuksen yhteydess\u00e4.<\/p>\n<p><strong>Oppilaskohtaiset tukitoimet<\/strong><br \/>\nJos ryhm\u00e4ss\u00e4 j\u00e4rjestetty tuki todetaan riitt\u00e4m\u00e4tt\u00f6m\u00e4ksi, sit\u00e4 voidaan t\u00e4ydent\u00e4\u00e4 oppilaskohtaisilla tukitoimilla. Oppilaskohtaiset tukitoimet ovat pitk\u00e4kestoista ja s\u00e4\u00e4nn\u00f6llist\u00e4 tukea, jonka suunnittelun l\u00e4ht\u00f6kohtana on oppilaan henkil\u00f6kohtaiset tarpeet. Oppilaskohtaiset tukitoimet j\u00e4rjestet\u00e4\u00e4n oppilaan etu huomioiden ensisijaisesti oppilaan l\u00e4hikoulussa erityisluokassa.<\/p>\n<p>Uudistukset huomioitu esim. luokkamuodostuksissa ja esim. yhteisty\u00f6luokka-j\u00e4rjestelyiss\u00e4<\/p>\n<p><strong>Erityisluokat Nummenpakan koulussa lukuvuonna 2025-26<br \/>\n<\/strong>1E, 2E, 3-4D, 5-6D, 7G, 7H, 7I, 8G, 8H, 8I ja 9G, 9H ja 9I<\/p>\n<p><strong>Oppimisen ja koulunk\u00e4ynnin tuki<a href=\"https:\/\/blog.edu.turku.fi\/nummenpakka\/files\/2025\/08\/Huoltajadiat-tuen-uudistus-PDF.pdf\" target=\"_blank\" rel=\"noopener\"><br \/>\nOppimisen ja koulunk\u00e4ynnin tuki &#8211; info huoltajille (Tytti Hongisto syksy 2025)<\/a><br \/>\n<a href=\"https:\/\/blog.edu.turku.fi\/nummenpakka\/files\/2025\/08\/KORJATTU_SELKO_Huoltajadiat-tuen-uudistus-PDF.pdf\" target=\"_blank\" rel=\"noopener\">Oppimisen ja koulunk\u00e4ynnin tuki- SELKOKIELINEN\u00a0<\/a><\/strong><\/p>\n<p><strong>K\u00e4y katsomassa my\u00f6s Turun omat sivut:<\/strong><br \/>\n<a href=\"https:\/\/www.turku.fi\/paivahoito-ja-koulutus\/perusopetus\/oppimisen-ja-koulunkaynnin-tuki\" target=\"_blank\" rel=\"noopener noreferrer\">Oppimisen ja koulunk\u00e4ynnin tuki<\/a><\/p>\n","protected":false},"excerpt":{"rendered":"<p>Tuki jatkuu samankaltaisena niille, jotka ovat saaneet sit\u00e4 t\u00e4h\u00e4nkin asti. Ennen kolmiportainen tuki (yleinen, tehostettu ja erityinen) ja 1.8.2025 alkaen kaksi tukimuotoa: ryhm\u00e4- ja oppilaskohtainen tuki. Ryhm\u00e4kohtainen tuki on ensisijaista ja siihen on oikeus kaikilla oppilailla. Ryhm\u00e4kohtaista tukea toteutetaan joustavasti ja suunnitelmallisesti koko lukuvuoden ajan. \u200bSiit\u00e4 ei tehd\u00e4 hallintop\u00e4\u00e4t\u00f6st\u00e4. Ryhm\u00e4ss\u00e4 j\u00e4rjestetty\u00e4 tukea ovat: Opettajan antama &hellip; <a href=\"https:\/\/blog.edu.turku.fi\/nummenpakka\/opetus\/oppilaan-tuki\/\" class=\"more-link\">Jatka lukemista<span class=\"screen-reader-text\"> &#8221;Oppilaan tuki 1.8.2025 alkaen&#8221;<\/span><\/a><\/p>\n","protected":false},"author":317,"featured_media":0,"parent":101,"menu_order":0,"comment_status":"closed","ping_status":"closed","template":"","meta":{"footnotes":""},"class_list":["post-155","page","type-page","status-publish","hentry"],"_links":{"self":[{"href":"https:\/\/blog.edu.turku.fi\/nummenpakka\/wp-json\/wp\/v2\/pages\/155","targetHints":{"allow":["GET"]}}],"collection":[{"href":"https:\/\/blog.edu.turku.fi\/nummenpakka\/wp-json\/wp\/v2\/pages"}],"about":[{"href":"https:\/\/blog.edu.turku.fi\/nummenpakka\/wp-json\/wp\/v2\/types\/page"}],"author":[{"embeddable":true,"href":"https:\/\/blog.edu.turku.fi\/nummenpakka\/wp-json\/wp\/v2\/users\/317"}],"replies":[{"embeddable":true,"href":"https:\/\/blog.edu.turku.fi\/nummenpakka\/wp-json\/wp\/v2\/comments?post=155"}],"version-history":[{"count":23,"href":"https:\/\/blog.edu.turku.fi\/nummenpakka\/wp-json\/wp\/v2\/pages\/155\/revisions"}],"predecessor-version":[{"id":4616,"href":"https:\/\/blog.edu.turku.fi\/nummenpakka\/wp-json\/wp\/v2\/pages\/155\/revisions\/4616"}],"up":[{"embeddable":true,"href":"https:\/\/blog.edu.turku.fi\/nummenpakka\/wp-json\/wp\/v2\/pages\/101"}],"wp:attachment":[{"href":"https:\/\/blog.edu.turku.fi\/nummenpakka\/wp-json\/wp\/v2\/media?parent=155"}],"curies":[{"name":"wp","href":"https:\/\/api.w.org\/{rel}","templated":true}]}}