{"id":139,"date":"2013-05-03T11:35:11","date_gmt":"2013-05-03T08:35:11","guid":{"rendered":"https:\/\/blog.edu.turku.fi\/nummenpakka\/?page_id=139"},"modified":"2023-09-14T21:45:53","modified_gmt":"2023-09-14T18:45:53","slug":"kerhotoiminta","status":"publish","type":"page","link":"https:\/\/blog.edu.turku.fi\/nummenpakka\/kerhotoiminta\/","title":{"rendered":"Kerhotoiminta"},"content":{"rendered":"<h4>SYYSLUKUKAUSI 2023<\/h4>\n<p>Koulun kerhoista tiedotetaan erikseen my\u00f6s Wilman v\u00e4lityksella oppilaita ja kotiv\u00e4ke\u00e4.<\/p>\n<p><strong>Alakoulu<\/strong><br \/>\nOPH:n kerhot<\/p>\n<p><strong>K\u00e4sity\u00f6kerho 1-2.lk<\/strong>, kerhon aikataulu ilmoitetaan my\u00f6hemmin,\u00a0kerho-ohjaajina Saija Kauranen\u00a0ja Niina Aalto<br \/>\nKerhossa tehd\u00e4\u00e4n pieni\u00e4 askarteluja ja k\u00e4sit\u00f6it\u00e4. Kerho pidet\u00e4\u00e4n Halisten yksik\u00f6ss\u00e4.<\/p>\n<p><strong>\u00a0Lukutoukkakerho 3.-5.lk, kev\u00e4tlukukaudella<\/strong>\u00a0kerho-ohjaajina Nina Perttuli-Frias ja Suzan Khoshnau<br \/>\nTutustutaan lasten- ja nuortenkirjallisuuteen ja her\u00e4tell\u00e4\u00e4n lukuinnostusta kuuntelemalla ja lukemalla erilaisia kirjoja. Tehd\u00e4\u00e4n kirjastovierailu.<\/p>\n<p><strong>Turku tutuksi -kerho 4.-6.lk s2-oppilaat, ke klo 13-16, 6.9., 20.9.,27.9.,\u00a0<\/strong>kerho-ohjaajina Nina Perttuli Frias ja Suzan Khoshnau<br \/>\nTutustutaan kotikaupunkiin turvallisen aikuisen seurassa. Kerho on suunnattu niille, jotka eiv\u00e4t ole viel\u00e4 liikkuneet Turussa kovin paljon.<\/p>\n<p><strong>K\u00e4ss\u00e4- ja kuviskerho 4.-6.lk, ke klo 13.15-14.15,<\/strong> syksyll\u00e4 6krt\u00a0ja kev\u00e4\u00e4ll\u00e4 8krt\u00a0opettajan antaman aikataulun mukaan, kerho-ohjaaja Iida Manneroos<br \/>\nKerhossa askarrellaan ja tehd\u00e4\u00e4n k\u00e4sit\u00f6it\u00e4. Kerhoon otetaan\u00a010-15 osallistujaa.<\/p>\n<p><strong>Tytt\u00f6kerho 6.lk, ke 13.15-14.15<\/strong> 2krt syksyll\u00e4 ja 2krt kev\u00e4\u00e4ll\u00e4\u00a0opettajan antaman aikataulun mukaan, kerho-ohjaajina Iida Manneroos ja Amanda Nurmi<br \/>\nKeskutellaan kiinnostavista aiheista, vahvistetaan yhteenkuuluvuuden tunnetta ja itsetuntoa, kokkaillaan.<\/p>\n<p><strong>Musakerho 3.-\u00a06.lk<\/strong>, <strong>ma klo 14-15, 4.9.-27.11.2023 ja 5.2.-6.5.2024.<\/strong>, kerho-ohjaajina Pirita Kankaanp\u00e4\u00e4 ja Amanda Nurmi<br \/>\nLauletaan ja harjoitellaan eri soittimilla soittamista monipuolisesti.<\/p>\n<p><strong>Remppakerho 6.lk<\/strong>,<strong> ma klo 14-15, aloittaa 28.9.<\/strong>\u00a0kerho-ohjaajina toimivat Timo Kuula ja Tuukka Saarela<br \/>\nKorjataan ja huolletaan rikkimenneit\u00e4 tavaroita. Harjoitellaan arjen taitoja.<\/p>\n<p><strong>Kitarakerho 4.-6.lk<\/strong>, <strong>ma klo 14.00-15.00, <\/strong>30.10., 13.11., 27.11., 11.12., kerho-ohjaajana Timo Kuula<br \/>\nKerhossa opitaan kitaran soiton alkeita.<\/p>\n<p><strong>&#8221;Hola a todos&#8221; -espanjan alkeita<\/strong> <strong>4.-6.lk,\u00a0 ke klo 13-14, 25.10., 1.11., 8.11. 15.11.22.11.<\/strong>, kerho-ohjaajana Nina Perttuli-Frias<br \/>\nKerhossa opiskellaan espanjan alkeita leikkien, laulujen ja pelien avulla.<\/p>\n<p><strong>Valmon pelikerho to klo 13-14,<\/strong> opettajan antaman aikataulun mukaan, kerho-ohjaajana Maarit Pihlava<br \/>\nKerhossa pelaillaan lautapelej\u00e4 ja samalla opitaan suomea.<\/p>\n<p><strong>Liikkuva koulun- hankkeen LiiKe-kerhot\u00a0<\/strong><br \/>\nMonipuolista liikuntaa, liikunnan perustaitojen opettelua leikkien ja pelien avulla<br \/>\n<strong>LiiKe-kerho 1.-2.lk ti klo 14-15<\/strong> ulkona, alkaa joko 12.9. tai 19.9.<br \/>\n<strong>LiiKe-kerho 3.-4.lk ke\u00a0klo 14.00-15.00 <\/strong>\u00a0ulkona, alkaa 6.9.2023<\/p>\n<p><strong>Taidelukkarikerhot<\/strong>:<br \/>\n<strong>Animaatiokerho\u00a03.-6.lk<\/strong>,<strong> ti 14.00-15.00 <\/strong>alkaa\u00a019.9.2023, kerhoa on 12 kertaa, ohjaaja ilmoitetaan my\u00f6hemmin<br \/>\n<strong>Teatterikerho 3.-6.lk, ti klo 14.00-15.30<\/strong> alkaa\u00a019.9.2023, kerho kokoontuu 12 kertaa, kerho-ohjaajana Andy Pilke<br \/>\n<strong>Breakdance-kerho to klo 14.00-15.00, alkaa 21.9.2023,<\/strong> kerho kokoontuu 12 kertaa, kerho-ohjaajana Jose (Pepe) Granados Hernandez<\/p>\n<p><strong>Turun malli-kerhotoiminta:<\/strong><br \/>\n<strong>Seikkailukerho 1.-2.lk, ke klo 13-14<\/strong> (tai 14.30), aloitusp\u00e4iv\u00e4 ilmoitetaan my\u00f6hemmin<\/p>\n<p><strong>K\u00e4rkihanke &#8211; Turun NMKY kerhot<\/strong><br \/>\n<strong>Liikuntakerho 4.-6.lk ma klo 14.30-15.30<\/strong> Jumppalassa, kerho-ohjaajana Vuokko Toivonen (Turun NMKY)<br \/>\n<strong>Liikuntakerho 4.-6.lk ti klo 14-15<\/strong>, ulkokerho, kerho-ohjaajana Vuokko Toivonen (Turun NMKY)<\/p>\n<p><strong>Yl\u00e4koulu:<\/strong><\/p>\n<p><strong>OPH:n kerhot<\/strong><br \/>\nKaikista lukuvuoden 2023-24\u00a0kerhoista tiedotetaan oppilaita ja huoltajia erikseen Wilman v\u00e4lityksell\u00e4.<\/p>\n<p><strong><u>Kuntosalikerho (10h)<\/u><\/strong><br \/>\nVet\u00e4j\u00e4: Olli-Pekka Uutela<br \/>\nAjankohta: vko38-48, ti\/ke klo 14-15<br \/>\nOpetellaan kuntosaliharjoittelun perustaitoja. P\u00e4\u00e4paino on kehon kokonaisvaltaisessa harjoittelussa (kehon omalla painolla sek\u00e4 lis\u00e4vastuksen kanssa). Tavoitteena on omaksua voimaharjoittelun perustekniikoita ja -harjoitteita.<\/p>\n<p><strong><u>Tukarikerho (20h)<\/u><\/strong><br \/>\nVet\u00e4j\u00e4: Tiina BenMoussa<br \/>\nAjankohta: Kokoontumiset ilmoitetaan aina erikseen<br \/>\nTukioppilaat kokoontuvat tarpeen mukaan ja suunnittelevat koulun yhteishenke\u00e4 edist\u00e4v\u00e4\u00e4 toimintaa esim. seiskojen ryhm\u00e4ytt\u00e4minen, oppituntien pito, koulun yhteishengen parantaminen.<\/p>\n<p><strong><u>Kakkukurssi (15h)<\/u><\/strong><br \/>\nVet\u00e4j\u00e4t: Mari P\u00e4rk\u00f6 ja Suzan Khoshnau<br \/>\nAjankohta: 11.11. klo 8-14<br \/>\nMonikulttuurinen is\u00e4np\u00e4iv\u00e4kakkukurssi. Leivotaan erilaisia is\u00e4np\u00e4iv\u00e4kakkuja. Kohderyhm\u00e4: oppilaat ja heid\u00e4n \u00e4idit (max. 12 perhett\u00e4).<\/p>\n<p><strong><u>Retkeilykerho (12h, viikko 36 pe\/la)<\/u><\/strong><br \/>\nVet\u00e4j\u00e4: Mika Salo<br \/>\nAjankohta: vko38<br \/>\nHarjoitellaan retkeilyn perustaitoja (vaeltamiseen liittyv\u00e4t asiat, ruuanlaitto retkikeittimell\u00e4, tulenteko ym.). Tunnit pidet\u00e4\u00e4n erikseen ilmoitettavana ajankohtana Vaarniemess\u00e4 ja Kuhankuonolla.<\/p>\n<p><strong><u>Pelikerho (7h, viikko 39-&gt; ti\/ma)<\/u><\/strong><br \/>\nVet\u00e4j\u00e4: Henni Laakio-Eirtovaara<br \/>\nKerhossa pelataan kortti- ja lautapelej\u00e4.<\/p>\n<p>Muu harrastustoiminta:\u00a0<a href=\"https:\/\/mihi.fi\/#mikaonmihi\" data-cke-saved-href=\"https:\/\/mihi.fi\/#mikaonmihi\">Mihi &#8211; Rajattomasti mahdollisuuksia mihin menn\u00e4, mit\u00e4 tehd\u00e4.<\/a><\/p>\n<p>Muista my\u00f6s Turun kaupungin Harrastelukkarit: <a href=\"https:\/\/www.turku.fi\/harrastelukkarit\" target=\"_blank\" rel=\"noopener noreferrer\" data-auth=\"NotApplicable\" data-safelink=\"true\" data-linkindex=\"4\">https:\/\/www.turku.fi\/harrastelukkarit<\/a><\/p>\n","protected":false},"excerpt":{"rendered":"<p>SYYSLUKUKAUSI 2023 Koulun kerhoista tiedotetaan erikseen my\u00f6s Wilman v\u00e4lityksella oppilaita ja kotiv\u00e4ke\u00e4. Alakoulu OPH:n kerhot K\u00e4sity\u00f6kerho 1-2.lk, kerhon aikataulu ilmoitetaan my\u00f6hemmin,\u00a0kerho-ohjaajina Saija Kauranen\u00a0ja Niina Aalto Kerhossa tehd\u00e4\u00e4n pieni\u00e4 askarteluja ja k\u00e4sit\u00f6it\u00e4. Kerho pidet\u00e4\u00e4n Halisten yksik\u00f6ss\u00e4. \u00a0Lukutoukkakerho 3.-5.lk, kev\u00e4tlukukaudella\u00a0kerho-ohjaajina Nina Perttuli-Frias ja Suzan Khoshnau Tutustutaan lasten- ja nuortenkirjallisuuteen ja her\u00e4tell\u00e4\u00e4n lukuinnostusta kuuntelemalla ja lukemalla erilaisia kirjoja. &hellip; <a href=\"https:\/\/blog.edu.turku.fi\/nummenpakka\/kerhotoiminta\/\" class=\"more-link\">Jatka lukemista<span class=\"screen-reader-text\"> &#8221;Kerhotoiminta&#8221;<\/span><\/a><\/p>\n","protected":false},"author":33,"featured_media":0,"parent":0,"menu_order":0,"comment_status":"closed","ping_status":"closed","template":"","meta":{"footnotes":""},"class_list":["post-139","page","type-page","status-publish","hentry"],"_links":{"self":[{"href":"https:\/\/blog.edu.turku.fi\/nummenpakka\/wp-json\/wp\/v2\/pages\/139","targetHints":{"allow":["GET"]}}],"collection":[{"href":"https:\/\/blog.edu.turku.fi\/nummenpakka\/wp-json\/wp\/v2\/pages"}],"about":[{"href":"https:\/\/blog.edu.turku.fi\/nummenpakka\/wp-json\/wp\/v2\/types\/page"}],"author":[{"embeddable":true,"href":"https:\/\/blog.edu.turku.fi\/nummenpakka\/wp-json\/wp\/v2\/users\/33"}],"replies":[{"embeddable":true,"href":"https:\/\/blog.edu.turku.fi\/nummenpakka\/wp-json\/wp\/v2\/comments?post=139"}],"version-history":[{"count":83,"href":"https:\/\/blog.edu.turku.fi\/nummenpakka\/wp-json\/wp\/v2\/pages\/139\/revisions"}],"predecessor-version":[{"id":3838,"href":"https:\/\/blog.edu.turku.fi\/nummenpakka\/wp-json\/wp\/v2\/pages\/139\/revisions\/3838"}],"wp:attachment":[{"href":"https:\/\/blog.edu.turku.fi\/nummenpakka\/wp-json\/wp\/v2\/media?parent=139"}],"curies":[{"name":"wp","href":"https:\/\/api.w.org\/{rel}","templated":true}]}}