{"id":121,"date":"2013-05-03T11:21:48","date_gmt":"2013-05-03T08:21:48","guid":{"rendered":"https:\/\/blog.edu.turku.fi\/nummenpakka\/?page_id=121"},"modified":"2026-01-21T13:36:02","modified_gmt":"2026-01-21T11:36:02","slug":"koulukuraattori","status":"publish","type":"page","link":"https:\/\/blog.edu.turku.fi\/nummenpakka\/yhteystiedot\/koulukuraattori\/","title":{"rendered":"Koulukuraattorit"},"content":{"rendered":"<p><strong>Yl\u00e4koulun 7.-9.lk (Aurajoki) kuraattori<br \/>\n<\/strong>Tuula Komulainen<br \/>\npaikalla Aurajoen yksik\u00f6ss\u00e4 maanantaisin, tiistaisin, keskiviikkoisin ja perjantaisin<br \/>\n<span class=\"baec5a81-e4d6-4674-97f3-e9220f0136c1\">p. 050-432 3616<br \/>\ns-posti: etunimi.sukunimi@varha.fi<br \/>\n<\/span><\/p>\n<p><strong>Alakoulun 5.-6.lk (Nummi) kuraattori<br \/>\n<\/strong>Tuula Komulainen<br \/>\npaikalla Nummen yksik\u00f6ss\u00e4 torstaisin<br \/>\n<span class=\"baec5a81-e4d6-4674-97f3-e9220f0136c1\">p. 050-432 3616<br \/>\ns-posti: etunimi.sukunimi@varha.fi<\/span><\/p>\n<p><strong>Alakoulun yksik\u00f6iden 1.-4.lk (Halinen ja Nummi) kuraattori<br \/>\n<\/strong>Maiju Lehtikankare<br \/>\npaikalla Nummen yksik\u00f6ss\u00e4 maanantaisin ja tiistaisin, Halisten yksik\u00f6ss\u00e4 kerran kuukaudessa\/tarvittaessa<br \/>\n<span class=\"baec5a81-e4d6-4674-97f3-e9220f0136c1\">p. <span data-olk-copy-source=\"MessageBody\">040-121 7139<\/span><br \/>\ns-posti: etunimi.sukunimi@varha.fi<\/span><\/p>\n","protected":false},"excerpt":{"rendered":"<p>Yl\u00e4koulun 7.-9.lk (Aurajoki) kuraattori Tuula Komulainen paikalla Aurajoen yksik\u00f6ss\u00e4 maanantaisin, tiistaisin, keskiviikkoisin ja perjantaisin p. 050-432 3616 s-posti: etunimi.sukunimi@varha.fi Alakoulun 5.-6.lk (Nummi) kuraattori Tuula Komulainen paikalla Nummen yksik\u00f6ss\u00e4 torstaisin p. 050-432 3616 s-posti: etunimi.sukunimi@varha.fi Alakoulun yksik\u00f6iden 1.-4.lk (Halinen ja Nummi) kuraattori Maiju Lehtikankare paikalla Nummen yksik\u00f6ss\u00e4 maanantaisin ja tiistaisin, Halisten yksik\u00f6ss\u00e4 kerran kuukaudessa\/tarvittaessa p. 040-121 &hellip; <a href=\"https:\/\/blog.edu.turku.fi\/nummenpakka\/yhteystiedot\/koulukuraattori\/\" class=\"more-link\">Jatka lukemista<span class=\"screen-reader-text\"> &#8221;Koulukuraattorit&#8221;<\/span><\/a><\/p>\n","protected":false},"author":1418,"featured_media":0,"parent":36,"menu_order":0,"comment_status":"closed","ping_status":"closed","template":"","meta":{"footnotes":""},"class_list":["post-121","page","type-page","status-publish","hentry"],"_links":{"self":[{"href":"https:\/\/blog.edu.turku.fi\/nummenpakka\/wp-json\/wp\/v2\/pages\/121","targetHints":{"allow":["GET"]}}],"collection":[{"href":"https:\/\/blog.edu.turku.fi\/nummenpakka\/wp-json\/wp\/v2\/pages"}],"about":[{"href":"https:\/\/blog.edu.turku.fi\/nummenpakka\/wp-json\/wp\/v2\/types\/page"}],"author":[{"embeddable":true,"href":"https:\/\/blog.edu.turku.fi\/nummenpakka\/wp-json\/wp\/v2\/users\/1418"}],"replies":[{"embeddable":true,"href":"https:\/\/blog.edu.turku.fi\/nummenpakka\/wp-json\/wp\/v2\/comments?post=121"}],"version-history":[{"count":30,"href":"https:\/\/blog.edu.turku.fi\/nummenpakka\/wp-json\/wp\/v2\/pages\/121\/revisions"}],"predecessor-version":[{"id":4842,"href":"https:\/\/blog.edu.turku.fi\/nummenpakka\/wp-json\/wp\/v2\/pages\/121\/revisions\/4842"}],"up":[{"embeddable":true,"href":"https:\/\/blog.edu.turku.fi\/nummenpakka\/wp-json\/wp\/v2\/pages\/36"}],"wp:attachment":[{"href":"https:\/\/blog.edu.turku.fi\/nummenpakka\/wp-json\/wp\/v2\/media?parent=121"}],"curies":[{"name":"wp","href":"https:\/\/api.w.org\/{rel}","templated":true}]}}