{"id":119,"date":"2013-05-03T11:21:21","date_gmt":"2013-05-03T08:21:21","guid":{"rendered":"https:\/\/blog.edu.turku.fi\/nummenpakka\/?page_id=119"},"modified":"2026-01-21T12:21:04","modified_gmt":"2026-01-21T10:21:04","slug":"psykologi","status":"publish","type":"page","link":"https:\/\/blog.edu.turku.fi\/nummenpakka\/yhteystiedot\/psykologi\/","title":{"rendered":"Psykologit"},"content":{"rendered":"<p><span style=\"color: #000000\">Psykologi P\u00e4ivi Puska (1-4.lk) 1.2.2026 alkaen<br \/>\npuh.\u00a0<span style=\"color: #ff0000\"><em>ilmoitetaan my\u00f6hemmin<\/em><\/span><br \/>\ns-posti:etunimi.sukunimi@varha.fi<\/p>\n<p>Psykologi Sointu Vilja (5.-9lk): Aurajoen yksik\u00f6ss\u00e4 ma-to, Nummen yksik\u00f6ss\u00e4 pe<\/span><br \/>\n<span style=\"color: #000000\">puh. \u00a0<a href=\"http:\/\/#OnlyHTTPAndHTTPSAllowed\" data-cke-saved-href=\"http:\/\/#OnlyHTTPAndHTTPSAllowed\">040 683 0232<\/a><\/span><br \/>\n<span style=\"color: #000000\">s-posti: etunimi.sukunimi@varha.fi<br \/>\n<span style=\"color: #ff0000\"><em>HUOM!<\/em><\/span><br \/>\n<\/span><em><span style=\"color: #ff0000\">Sijaisena toimii 1.12.2025 alkaen Katariina Willberg 044-728 0506<\/span><\/em><\/p>\n<p>&nbsp;<\/p>\n","protected":false},"excerpt":{"rendered":"<p>Psykologi P\u00e4ivi Puska (1-4.lk) 1.2.2026 alkaen puh.\u00a0ilmoitetaan my\u00f6hemmin s-posti:etunimi.sukunimi@varha.fi Psykologi Sointu Vilja (5.-9lk): Aurajoen yksik\u00f6ss\u00e4 ma-to, Nummen yksik\u00f6ss\u00e4 pe puh. \u00a0040 683 0232 s-posti: etunimi.sukunimi@varha.fi HUOM! Sijaisena toimii 1.12.2025 alkaen Katariina Willberg 044-728 0506 &nbsp;<\/p>\n","protected":false},"author":1418,"featured_media":0,"parent":36,"menu_order":0,"comment_status":"closed","ping_status":"closed","template":"","meta":{"footnotes":""},"class_list":["post-119","page","type-page","status-publish","hentry"],"_links":{"self":[{"href":"https:\/\/blog.edu.turku.fi\/nummenpakka\/wp-json\/wp\/v2\/pages\/119","targetHints":{"allow":["GET"]}}],"collection":[{"href":"https:\/\/blog.edu.turku.fi\/nummenpakka\/wp-json\/wp\/v2\/pages"}],"about":[{"href":"https:\/\/blog.edu.turku.fi\/nummenpakka\/wp-json\/wp\/v2\/types\/page"}],"author":[{"embeddable":true,"href":"https:\/\/blog.edu.turku.fi\/nummenpakka\/wp-json\/wp\/v2\/users\/1418"}],"replies":[{"embeddable":true,"href":"https:\/\/blog.edu.turku.fi\/nummenpakka\/wp-json\/wp\/v2\/comments?post=119"}],"version-history":[{"count":29,"href":"https:\/\/blog.edu.turku.fi\/nummenpakka\/wp-json\/wp\/v2\/pages\/119\/revisions"}],"predecessor-version":[{"id":4838,"href":"https:\/\/blog.edu.turku.fi\/nummenpakka\/wp-json\/wp\/v2\/pages\/119\/revisions\/4838"}],"up":[{"embeddable":true,"href":"https:\/\/blog.edu.turku.fi\/nummenpakka\/wp-json\/wp\/v2\/pages\/36"}],"wp:attachment":[{"href":"https:\/\/blog.edu.turku.fi\/nummenpakka\/wp-json\/wp\/v2\/media?parent=119"}],"curies":[{"name":"wp","href":"https:\/\/api.w.org\/{rel}","templated":true}]}}