{"id":117,"date":"2013-05-03T11:24:04","date_gmt":"2013-05-03T08:24:04","guid":{"rendered":"https:\/\/blog.edu.turku.fi\/nummenpakka\/?page_id=117"},"modified":"2025-06-13T15:00:28","modified_gmt":"2025-06-13T12:00:28","slug":"opetussuunnitelma","status":"publish","type":"page","link":"https:\/\/blog.edu.turku.fi\/nummenpakka\/opetus\/opetussuunnitelma\/","title":{"rendered":"Opetussuunnitelma"},"content":{"rendered":"<p>&nbsp;<\/p>\n<p><strong>Turun perusopetuksen opetussuunnitelmat-sivuston l\u00f6yd\u00e4t<\/strong> <a href=\"http:\/\/www.turku.fi\/paivahoito-ja-koulutus\/perusopetus\/opetus\/opetussuunnitelma\" target=\"_blank\" rel=\"noopener noreferrer\">t\u00e4\u00e4lt\u00e4.<\/a><\/p>\n<p><strong>Turun OPS2016 &#8211; Tietopankki- ja esi- ja perusopetuksen opetussuunnitelmista l\u00f6ytyy <\/strong><a href=\"https:\/\/blog.edu.turku.fi\/ops2016\/\" target=\"_blank\" rel=\"noopener\">t\u00e4\u00e4lt\u00e4<\/a><\/p>\n<p>Turun perusopetuksen opetussuunnitelma luvut 1\u201312 1.8.2016 Nummenpakan koulu:<br \/>\n<a href=\"https:\/\/blog.edu.turku.fi\/ops2016\/files\/2015\/04\/NUMMENPAKKA-OPS-2016.pdf\" target=\"_blank\" rel=\"noopener noreferrer\">NUMMENPAKKA-OPS-2016<\/a><\/p>\n<p><strong>Lukujen 13-15 vuosiluokkaistetut tavoitteet ja sis\u00e4ll\u00f6t:<br \/>\n<\/strong><a href=\"https:\/\/blog.edu.turku.fi\/ops2016\/files\/2015\/04\/luku-13-1-2lk.pdf\" target=\"_blank\" rel=\"noopener noreferrer\">luku 13\u00a0\u00a0\u00a0\u00a0 vuosiluokat 1-2<\/a><br \/>\n<a href=\"https:\/\/blog.edu.turku.fi\/ops2016\/files\/2021\/09\/Turun-ops-luku-14-3-6lk_210914.pdf\" target=\"_blank\" rel=\"noopener noreferrer\">luku 14\u00a0\u00a0\u00a0\u00a0 vuosiluokat 3-6<\/a><br \/>\n<a href=\"https:\/\/blog.edu.turku.fi\/ops2016\/files\/2015\/04\/Luku-15-7-9lk.pdf\" target=\"_blank\" rel=\"noopener noreferrer\">luku 15\u00a0\u00a0\u00a0\u00a0 vuosiluokat 7-9<\/a><\/p>\n<p><strong>T\u00e4rke\u00e4\u00e4 kouluarjessa:<br \/>\n<\/strong><a href=\"https:\/\/blog.edu.turku.fi\/ops2016\/files\/2022\/08\/Kasvatuskeskustelu-kurinpidolliset-keinot-ja-turvaamistoimet-Turun-perusopetuksessa-1.8.2022-alkaen.pdf\" target=\"_blank\" rel=\"noopener\">Kasvatuskeskustelu, kurinpidolliset keinot ja turvaamistoimet Turun perusopetuksessa 1.8.2022 alkaen<\/a><br \/>\n<a href=\"https:\/\/blog.edu.turku.fi\/nummenpakka\/files\/2025\/06\/Tasa-arvo-ja-yhdenvertaisuussuunnitelma-2025-NUM-1.4.2025.pdf\" target=\"_blank\" rel=\"noopener\">Nummenpakan koulun yhdenvertaisuus- ja tasa-arvosuunnitelma 2025<\/a><br \/>\n<a href=\"https:\/\/blog.edu.turku.fi\/nummenpakka\/files\/2025\/06\/Nummenpakan-koulun-ilmasto-ja-kestavyyskasvatuksen-toimintasuunnitelma-2025-PDF.pdf\" target=\"_blank\" rel=\"noopener\">Nummenpakan koulun ilmasto- ja kest\u00e4vyyskasvatuksen toimintasuunnitelma 2025<\/a><br \/>\n<a href=\"https:\/\/blog.edu.turku.fi\/nummenpakka\/opetus\/\" target=\"_blank\" rel=\"noopener noreferrer\">Peruskoulun yhteiset kehitt\u00e4mistavoitteet ja Nummenpakan koulun painopisteet ja kehitt\u00e4mistavoitteet koko kouluyhteis\u00f6lle lv. 2024-25<\/a><br \/>\n<a href=\"https:\/\/blog.edu.turku.fi\/monikulttuurinenopetus\/files\/2022\/08\/TIETOA-HUOLTAJILLE-SUOMI-TOISENA-KIELENA-S2-OPINNOISTA-PERUSKOULUSSA.pdf\" target=\"_blank\" rel=\"noopener\">Tietoa huoltajille suomi toisena kielen\u00e4\u00a0 (S2) opinnoista peruskoulussa (SUOMI)<\/a> <a href=\"https:\/\/blog.edu.turku.fi\/monikulttuurinenopetus\/oppimaaran-valinta\/\" target=\"_blank\" rel=\"noopener\">MUUT KIELET<\/a><\/p>\n<p><a href=\"https:\/\/blog.edu.turku.fi\/monikulttuurinenopetus\/files\/2022\/08\/Oppimaaranvalintakeskustelu-perusopetuksessa_18.5.2022.pdf\" target=\"_blank\" rel=\"noopener\">Oppim\u00e4\u00e4r\u00e4valintakeskustelu perusopetuksessa &#8211; Mit\u00e4 tarkoittaa k\u00e4yt\u00e4nn\u00f6ss\u00e4, jos vaihtaa S2-opinnot S1-opintoihin tai toisinp\u00e4in?\u00a0<\/a><\/p>\n<p><strong>K\u00e4y tutustumassa my\u00f6s Turun kaupungin sivustoihin:<\/strong><br \/>\n<a href=\"https:\/\/www.turku.fi\/paivahoito-ja-koulutus\/perusopetus\/opiskelu-ja-oppiaineet\" target=\"_blank\" rel=\"noopener noreferrer\">Opiskelu ja oppiaineet<\/a><\/p>\n<p><strong>Muista my\u00f6s:<\/strong><br \/>\n<a href=\"https:\/\/blog.edu.turku.fi\/nummenpakka\/move\/\" target=\"_blank\" rel=\"noopener noreferrer\">MOVE! -Fyysisen toimintakyvyn seurantaj\u00e4rjestelm\u00e4n (5. ja 8.lk)<\/a><\/p>\n","protected":false},"excerpt":{"rendered":"<p>&nbsp; Turun perusopetuksen opetussuunnitelmat-sivuston l\u00f6yd\u00e4t t\u00e4\u00e4lt\u00e4. Turun OPS2016 &#8211; Tietopankki- ja esi- ja perusopetuksen opetussuunnitelmista l\u00f6ytyy t\u00e4\u00e4lt\u00e4 Turun perusopetuksen opetussuunnitelma luvut 1\u201312 1.8.2016 Nummenpakan koulu: NUMMENPAKKA-OPS-2016 Lukujen 13-15 vuosiluokkaistetut tavoitteet ja sis\u00e4ll\u00f6t: luku 13\u00a0\u00a0\u00a0\u00a0 vuosiluokat 1-2 luku 14\u00a0\u00a0\u00a0\u00a0 vuosiluokat 3-6 luku 15\u00a0\u00a0\u00a0\u00a0 vuosiluokat 7-9 T\u00e4rke\u00e4\u00e4 kouluarjessa: Kasvatuskeskustelu, kurinpidolliset keinot ja turvaamistoimet Turun perusopetuksessa 1.8.2022 alkaen &hellip; <a href=\"https:\/\/blog.edu.turku.fi\/nummenpakka\/opetus\/opetussuunnitelma\/\" class=\"more-link\">Jatka lukemista<span class=\"screen-reader-text\"> &#8221;Opetussuunnitelma&#8221;<\/span><\/a><\/p>\n","protected":false},"author":317,"featured_media":0,"parent":101,"menu_order":0,"comment_status":"closed","ping_status":"closed","template":"","meta":{"footnotes":""},"class_list":["post-117","page","type-page","status-publish","hentry"],"_links":{"self":[{"href":"https:\/\/blog.edu.turku.fi\/nummenpakka\/wp-json\/wp\/v2\/pages\/117","targetHints":{"allow":["GET"]}}],"collection":[{"href":"https:\/\/blog.edu.turku.fi\/nummenpakka\/wp-json\/wp\/v2\/pages"}],"about":[{"href":"https:\/\/blog.edu.turku.fi\/nummenpakka\/wp-json\/wp\/v2\/types\/page"}],"author":[{"embeddable":true,"href":"https:\/\/blog.edu.turku.fi\/nummenpakka\/wp-json\/wp\/v2\/users\/317"}],"replies":[{"embeddable":true,"href":"https:\/\/blog.edu.turku.fi\/nummenpakka\/wp-json\/wp\/v2\/comments?post=117"}],"version-history":[{"count":70,"href":"https:\/\/blog.edu.turku.fi\/nummenpakka\/wp-json\/wp\/v2\/pages\/117\/revisions"}],"predecessor-version":[{"id":4573,"href":"https:\/\/blog.edu.turku.fi\/nummenpakka\/wp-json\/wp\/v2\/pages\/117\/revisions\/4573"}],"up":[{"embeddable":true,"href":"https:\/\/blog.edu.turku.fi\/nummenpakka\/wp-json\/wp\/v2\/pages\/101"}],"wp:attachment":[{"href":"https:\/\/blog.edu.turku.fi\/nummenpakka\/wp-json\/wp\/v2\/media?parent=117"}],"curies":[{"name":"wp","href":"https:\/\/api.w.org\/{rel}","templated":true}]}}