{"id":114,"date":"2013-05-03T11:19:42","date_gmt":"2013-05-03T08:19:42","guid":{"rendered":"https:\/\/blog.edu.turku.fi\/nummenpakka\/?page_id=114"},"modified":"2026-01-08T14:53:33","modified_gmt":"2026-01-08T12:53:33","slug":"terveydenhoitajat","status":"publish","type":"page","link":"https:\/\/blog.edu.turku.fi\/nummenpakka\/yhteystiedot\/terveydenhoitajat\/","title":{"rendered":"Kouluterveydenhoito ja muu tuki"},"content":{"rendered":"<p><strong>YLEIST\u00c4 KOULUTERVEYDENHOIDOSTA<\/strong><br \/>\n<b data-olk-copy-source=\"MessageBody\">Kouluterveydenhuoltoon ei sis\u00e4lly sairaanhoito. Sairaana ei pid\u00e4 tulla kouluun.\u00a0<\/b>Opettaja l\u00e4hett\u00e4\u00e4 kesken p\u00e4iv\u00e4\u00e4 sairastuneen oppilaan kotiin.<br \/>\nPitk\u00e4aikaissairauksissa, vapaa-ajalla tapahtuneissa tapaturmissa ja \u00e4killisiss\u00e4 sairastapauksissa ensisijainen hoitopaikka on oma terveysasema.<br \/>\nTerveysasemilla hoidetaan esimerkiksi flunssat, korva- ja silm\u00e4tulehdukset, infektiot sek\u00e4 ihottumat. Terveysasemien ollessa suljettuna kiireellisiss\u00e4 tapauksissa voi ottaa yhteytt\u00e4\u00a0lasten ja nuorten p\u00e4ivystykseen TYKS Majakkasairaalaan, puh. 02 313 1420, Savitehtaankatu 5, sis\u00e4\u00e4nk\u00e4ynti 22A.<\/p>\n<p>Kouluterveydenhoitajat:<\/p>\n<p><strong>Aurajoen yksikk\u00f6:<\/strong><br \/>\nJaana Tommila\u00a0<em><span style=\"color: #ff0000\"><br \/>\n<\/span><\/em>lukukauden aikana ma-pe<br \/>\npuh. <span class=\"baec5a81-e4d6-4674-97f3-e9220f0136c1\">040-749 3081<br \/>\n<span data-olk-copy-source=\"MessageBody\">s-posti: etunimi.sukunimi@varha.fi<br \/>\n7 lk:n terveystarkastukset hoitaa Jaana Tommila<br \/>\nYleisopetuksen 9 lk:n oppilaiden terveystarkastuksesta huolehtii\u00a0 Jonna Vahtera ja 9 lk:n eritysiluokista huolehtii Jaana Tommila. P\u00e4\u00e4s\u00e4\u00e4nt\u00f6isesti tarkastukset sovitaan ajanvarauksella.<br \/>\n<em>Koulul\u00e4\u00e4k\u00e4ri Katri Koskelin \u00a0on paikalla tiistai aamup\u00e4iv\u00e4t klo. 8-12 sek\u00e4 torstaisin Pilvi Lappi aamup\u00e4iv\u00e4t klo. 8-12 sek\u00e4 lis\u00e4lso koko torstai p\u00e4iv\u00e4n 5.2.2026, 26.2.2026 ja 19.3.2026<\/em><\/span><\/span><\/p>\n<p><strong>Nummen ja Halisten yksik\u00f6t:<\/strong><br \/>\nJonna Vahtera<br \/>\nlukukauden aikana maanantaisin, torstaisin ja perjantaisin<br \/>\npuh. <span class=\"baec5a81-e4d6-4674-97f3-e9220f0136c1\">040-574 5 855<br \/>\n<\/span>s-posti: etunimi.sukunimi@varha.fi<\/p>\n<p><strong>KOULUKOUTSI ALAKOULUSSA JA PSYKIATRINEN SAIRAANHOITAJA YL\u00c4KOULUN PUOLELLA<\/strong><br \/>\nKoulukoutsina alakoulussa toimii Elise Yli-Peltola maanantaisin ja torstaisin. Koulukoutsille ohjaudutaan terveydenhoitajan\/koulul\u00e4\u00e4k\u00e4rin kautta.<\/p>\n<p>Psykiatrisena sairaanhoitajana yl\u00e4koulussa toimii Katja Sanaskoski torstaisin ja perjantaisin. Psykiatriselle sairaanhoitajalle ohjaudutaan terveydenhoitajan\/koulul\u00e4\u00e4k\u00e4rin alkukartoituksen kautta l\u00e4hetteell\u00e4. L\u00e4hetteell\u00e4 varmistetaan jo olemassa olevat hoitokontaktit, jotta v\u00e4ltyt\u00e4\u00e4n p\u00e4\u00e4llekk\u00e4isyyksilt\u00e4.<\/p>\n","protected":false},"excerpt":{"rendered":"<p>YLEIST\u00c4 KOULUTERVEYDENHOIDOSTA Kouluterveydenhuoltoon ei sis\u00e4lly sairaanhoito. Sairaana ei pid\u00e4 tulla kouluun.\u00a0Opettaja l\u00e4hett\u00e4\u00e4 kesken p\u00e4iv\u00e4\u00e4 sairastuneen oppilaan kotiin. Pitk\u00e4aikaissairauksissa, vapaa-ajalla tapahtuneissa tapaturmissa ja \u00e4killisiss\u00e4 sairastapauksissa ensisijainen hoitopaikka on oma terveysasema. Terveysasemilla hoidetaan esimerkiksi flunssat, korva- ja silm\u00e4tulehdukset, infektiot sek\u00e4 ihottumat. Terveysasemien ollessa suljettuna kiireellisiss\u00e4 tapauksissa voi ottaa yhteytt\u00e4\u00a0lasten ja nuorten p\u00e4ivystykseen TYKS Majakkasairaalaan, puh. 02 313 &hellip; <a href=\"https:\/\/blog.edu.turku.fi\/nummenpakka\/yhteystiedot\/terveydenhoitajat\/\" class=\"more-link\">Jatka lukemista<span class=\"screen-reader-text\"> &#8221;Kouluterveydenhoito ja muu tuki&#8221;<\/span><\/a><\/p>\n","protected":false},"author":33,"featured_media":0,"parent":36,"menu_order":0,"comment_status":"closed","ping_status":"closed","template":"","meta":{"footnotes":""},"class_list":["post-114","page","type-page","status-publish","hentry"],"_links":{"self":[{"href":"https:\/\/blog.edu.turku.fi\/nummenpakka\/wp-json\/wp\/v2\/pages\/114","targetHints":{"allow":["GET"]}}],"collection":[{"href":"https:\/\/blog.edu.turku.fi\/nummenpakka\/wp-json\/wp\/v2\/pages"}],"about":[{"href":"https:\/\/blog.edu.turku.fi\/nummenpakka\/wp-json\/wp\/v2\/types\/page"}],"author":[{"embeddable":true,"href":"https:\/\/blog.edu.turku.fi\/nummenpakka\/wp-json\/wp\/v2\/users\/33"}],"replies":[{"embeddable":true,"href":"https:\/\/blog.edu.turku.fi\/nummenpakka\/wp-json\/wp\/v2\/comments?post=114"}],"version-history":[{"count":51,"href":"https:\/\/blog.edu.turku.fi\/nummenpakka\/wp-json\/wp\/v2\/pages\/114\/revisions"}],"predecessor-version":[{"id":4834,"href":"https:\/\/blog.edu.turku.fi\/nummenpakka\/wp-json\/wp\/v2\/pages\/114\/revisions\/4834"}],"up":[{"embeddable":true,"href":"https:\/\/blog.edu.turku.fi\/nummenpakka\/wp-json\/wp\/v2\/pages\/36"}],"wp:attachment":[{"href":"https:\/\/blog.edu.turku.fi\/nummenpakka\/wp-json\/wp\/v2\/media?parent=114"}],"curies":[{"name":"wp","href":"https:\/\/api.w.org\/{rel}","templated":true}]}}