{"id":110,"date":"2013-05-03T11:13:11","date_gmt":"2013-05-03T08:13:11","guid":{"rendered":"https:\/\/blog.edu.turku.fi\/nummenpakka\/?page_id=110"},"modified":"2022-09-25T22:20:47","modified_gmt":"2022-09-25T19:20:47","slug":"oppilaille-ja-huoltajille","status":"publish","type":"page","link":"https:\/\/blog.edu.turku.fi\/nummenpakka\/oppilaille-ja-huoltajille\/","title":{"rendered":"KOTI JA KOULU"},"content":{"rendered":"<p><strong>KODIN JA KOULUN YHTEISTY\u00d6SS\u00c4 &#8211; OIKEUDET JA VELVOLLISUUDET<\/strong><\/p>\n<p>Perusopetuslaki 35\u00a7: &#8221;<em>Oppilaan on suoritettava teht\u00e4v\u00e4ns\u00e4 tunnollisesti ja k\u00e4ytt\u00e4ydytt\u00e4v\u00e4 asiallisesti.\u201d<\/em><\/p>\n<p>OPPILAS:<br \/>\nOppilaan tulee huolehtia siit\u00e4, ett\u00e4 h\u00e4nell\u00e4 on oppitunneilla mukanaan asianmukaiset v\u00e4lineet ja varusteet.\u00a0Opiskeluun kuulumattomia v\u00e4lineit\u00e4 ei saa tuoda kouluun. Oppitunneille saavutaan viivyttelem\u00e4tt\u00e4. Rauhallinen, opettajan ohjeita noudattava ty\u00f6skentely takaa ty\u00f6rauhan ja hyv\u00e4n mielen kaikille. Kotiteht\u00e4vien huolellinen suorittaminen, tuntity\u00f6skentelyyn osallistuminen sek\u00e4 kokeisiin ajoissa valmistautuminen antaa oppimisen kannalta parhaan tuloksen.<\/p>\n<p>OPETTAJA<br \/>\nVastaa oppilaan oppimisesta ja kasvatuksesta kouluyhteis\u00f6n j\u00e4senen\u00e4.<\/p>\n<p>HUOLTAJA<br \/>\nVastaa siit\u00e4, ett\u00e4 oppivelvollisuus tulee suoritettua (perusopetuslaki 26\u00a7)<br \/>\nVastaa siit\u00e4, ett\u00e4 oppilas huolehtii teht\u00e4vist\u00e4\u00e4n ja ty\u00f6v\u00e4lineist\u00e4\u00e4n.<br \/>\nHuoltajalla on oikeus selvitt\u00e4\u00e4 ep\u00e4selvyydet olemalla yhteydess\u00e4 kouluun.<br \/>\nHuoltajilla on annettava mahdollisuuksia osallistua ja vaikuttaa kouluasioiden suunnitteluun ja toteuttamiseen. OPS 2014<\/p>\n<p><em>MUISTA MY\u00d6S!<\/em><br \/>\n&#8211; Koulun koko henkil\u00f6kunta rehtori, apulaisrehtori, opettajat, ohjaajat, terveydenhoitaja, kuraattori, psykologi, koulusihteeri, keitti\u00f6n v\u00e4ki, siistij\u00e4t ja kiinteist\u00f6nhoitaja ovat aikuisia, jotka tekev\u00e4t koulussa omaa ty\u00f6t\u00e4\u00e4n, jotta oppilaalla olisi parhaat mahdolliset edellytykset tehd\u00e4 oppilaan omaa ty\u00f6t\u00e4 eli opiskella.<\/p>\n<p>&#8211; Kenell\u00e4k\u00e4\u00e4n meist\u00e4, aikuiset tai oppilaat, ei ole vain oikeuksia, vaan meill\u00e4 kaikilla on my\u00f6s velvollisuuksia. Niiden t\u00e4ytt\u00e4minen mahdollisimman hyvin takaa onnistumisen omassa osuudessa, omassa ty\u00f6ss\u00e4. Hyv\u00e4 lopputulos on meid\u00e4n kaikkien hyvin suoritettujen osuuksiemme summa.<\/p>\n<p><strong>KUKA KOULUSSA VASTAA MIST\u00c4KIN\u00a0ASIASTA\u00a0JA MISS\u00c4 ASIOISSA HUOLTAJAN TULEE OLLA YHTEYDESS\u00c4 KOULUUN?<\/strong><\/p>\n<p><em>Luokanopettaja (alakoulu) ja Luokanohjaaja (yl\u00e4koulu)<\/em><br \/>\nJokaisella luokalla on luokasta vastaava opettaja, alakoulussa luokanopettaja ja yl\u00e4koulussa luokanohjaaja. H\u00e4nen tavoitteenaan on luoda luottamuksellisen suhde oppilaan ja koulun sek\u00e4 kodin ja koulun v\u00e4lille. Oppilas voi kaikessa koulunk\u00e4yntiin liittyv\u00e4ss\u00e4 k\u00e4\u00e4nty\u00e4 luokanopettajan\/luokanohjaajan puoleen.\u00a0 Esim. oppilaan oman luokan asiat, oppilaan kaverisuhteet koulussa, oppilaan poissaolot, l\u00e4ksyt jne.<\/p>\n<p><em>Aineenopettaja<\/em><br \/>\n&#8211; Aineopettajiin otetaan yhteytt\u00e4 aina asioissa, jotka liittyv\u00e4t\u00a0kyseiseen oppiaineeseen sek\u00e4 opettajan oppitunneilla tapahtuneisiin asioihin.<\/p>\n<p><em>Erityisopettaja<\/em><br \/>\n&#8211; Erityisopettajaan otetaan yhteytt\u00e4, kun oppilas opiskelee h\u00e4nen ryhm\u00e4ss\u00e4\u00e4n tai muutenkin oppimiseen liittyviss\u00e4 vaikeuksissa.<\/p>\n<p><em>Opinto-ohjaaja (=opo)<\/em><br \/>\n&#8211; Opoon otetaan yhteytt\u00e4 valinnaisaineita koskevissa asioissa, TET-asioissa sek\u00e4 jatkokoulutusasioissa.<\/p>\n<p><em>Rehtori<\/em><br \/>\n&#8211; Jos yhteydenotto oppilaan luokanohjaajaan tai tietyn oppiaineen opettajaan ei ole tuottanut tulosta.<br \/>\n&#8211; Koko koulun asiat, kuten koulun s\u00e4\u00e4nt\u00f6ihin ja muuhun koulun\u00a0toimintakulttuuriin liittyv\u00e4t asiat.<br \/>\n&#8211; Asiat, joihin tuntuu liittyv\u00e4n oppilaita eri luokilta.<\/p>\n<p><em><u>Muistathan, ett\u00e4 kaikki koulun henkil\u00f6st\u00f6n tapaamiset on sovittava etuk\u00e4teen esim. puhelimitse tai Wilman v\u00e4lityksell\u00e4<\/u><\/em><\/p>\n","protected":false},"excerpt":{"rendered":"<p>KODIN JA KOULUN YHTEISTY\u00d6SS\u00c4 &#8211; OIKEUDET JA VELVOLLISUUDET Perusopetuslaki 35\u00a7: &#8221;Oppilaan on suoritettava teht\u00e4v\u00e4ns\u00e4 tunnollisesti ja k\u00e4ytt\u00e4ydytt\u00e4v\u00e4 asiallisesti.\u201d OPPILAS: Oppilaan tulee huolehtia siit\u00e4, ett\u00e4 h\u00e4nell\u00e4 on oppitunneilla mukanaan asianmukaiset v\u00e4lineet ja varusteet.\u00a0Opiskeluun kuulumattomia v\u00e4lineit\u00e4 ei saa tuoda kouluun. Oppitunneille saavutaan viivyttelem\u00e4tt\u00e4. Rauhallinen, opettajan ohjeita noudattava ty\u00f6skentely takaa ty\u00f6rauhan ja hyv\u00e4n mielen kaikille. Kotiteht\u00e4vien huolellinen suorittaminen, &hellip; <a href=\"https:\/\/blog.edu.turku.fi\/nummenpakka\/oppilaille-ja-huoltajille\/\" class=\"more-link\">Jatka lukemista<span class=\"screen-reader-text\"> &#8221;KOTI JA KOULU&#8221;<\/span><\/a><\/p>\n","protected":false},"author":317,"featured_media":0,"parent":0,"menu_order":0,"comment_status":"closed","ping_status":"closed","template":"","meta":{"footnotes":""},"class_list":["post-110","page","type-page","status-publish","hentry"],"_links":{"self":[{"href":"https:\/\/blog.edu.turku.fi\/nummenpakka\/wp-json\/wp\/v2\/pages\/110","targetHints":{"allow":["GET"]}}],"collection":[{"href":"https:\/\/blog.edu.turku.fi\/nummenpakka\/wp-json\/wp\/v2\/pages"}],"about":[{"href":"https:\/\/blog.edu.turku.fi\/nummenpakka\/wp-json\/wp\/v2\/types\/page"}],"author":[{"embeddable":true,"href":"https:\/\/blog.edu.turku.fi\/nummenpakka\/wp-json\/wp\/v2\/users\/317"}],"replies":[{"embeddable":true,"href":"https:\/\/blog.edu.turku.fi\/nummenpakka\/wp-json\/wp\/v2\/comments?post=110"}],"version-history":[{"count":55,"href":"https:\/\/blog.edu.turku.fi\/nummenpakka\/wp-json\/wp\/v2\/pages\/110\/revisions"}],"predecessor-version":[{"id":3387,"href":"https:\/\/blog.edu.turku.fi\/nummenpakka\/wp-json\/wp\/v2\/pages\/110\/revisions\/3387"}],"wp:attachment":[{"href":"https:\/\/blog.edu.turku.fi\/nummenpakka\/wp-json\/wp\/v2\/media?parent=110"}],"curies":[{"name":"wp","href":"https:\/\/api.w.org\/{rel}","templated":true}]}}