{"id":3187,"date":"2023-02-07T13:32:13","date_gmt":"2023-02-07T10:32:13","guid":{"rendered":"https:\/\/blog.edu.turku.fi\/navigare2010\/?page_id=3187"},"modified":"2025-05-27T12:06:06","modified_gmt":"2025-05-27T09:06:06","slug":"merilukion-purjehdus-2023-varustelista","status":"publish","type":"page","link":"https:\/\/blog.edu.turku.fi\/navigare2010\/merilukion-purjehdus-2023-varustelista\/","title":{"rendered":"Merilukion purjehdus 2025- varustelista"},"content":{"rendered":"<p><strong>VARUSTELISTA PURJEHDUKSELLE 2024<\/strong><\/p>\n<p>Huom! \u00a0pakkaa varusteet pehme\u00e4\u00e4n kassiin (ei matkalaukkuun)<\/p>\n<ol>\n<li>L\u00e4mpim\u00e4t, tuulen- ja vedenpit\u00e4v\u00e4t housut ja takki<\/li>\n<li>Kumisaappaat ja mukavat keng\u00e4t (ei mustia pohjia, eik\u00e4 liukkaita), lenkkarit hyv\u00e4t<\/li>\n<li>Tiedot matkavakuutuksesta<\/li>\n<li>Makuupussi\u00a0 ja tyyny. <strong>HUOM lis\u00e4ksi aluslakana, joka laitetaan Lokissa makuupussin alle.<\/strong><\/li>\n<li>L\u00e4mpimi\u00e4 ja mukavia vaatteita (fleece, colleget,shortsit)<\/li>\n<li>Pipo,huivi ja hanskat<\/li>\n<li>T-paitoja, alusvaatteita +\u00a0sukkia<\/li>\n<li>Y\u00f6puku<\/li>\n<li>Uimapuku ja pyyhe<\/li>\n<li>Hammasharja+tahna, harja, shampoo, henk.koht, hygienia ja l\u00e4\u00e4kkeet<\/li>\n<li>Aurinkolasit ja aurinkorasva<\/li>\n<li>Kamera, puhelin+laturi<\/li>\n<li>Muistiinpanov\u00e4lineet<\/li>\n<li>juomapullo<\/li>\n<li>omat l\u00e4\u00e4kkeet (esim. jos k\u00e4yt\u00e4t tai tarvitset matkapahoinvointia varten laastareita. Laastarit vaatii reseptin.)<\/li>\n<li>Matkustusasiakirjat, koska purjehdimme Ruotsiin ja laivayhti\u00f6 vaatii joko passin tai henkil\u00f6kortin.<\/li>\n<li>V\u00e4h\u00e4n omaa rahaa ja ruotsin kruunuja.<\/li>\n<li>Purjehdukselle mukaan my\u00f6s hyv\u00e4 asenne!<\/li>\n<\/ol>\n<p><strong>\u00a0<\/strong><\/p>\n<p>&nbsp;<\/p>\n<p>&#8212;&#8212;&#8212;&#8212;&#8212;&#8212;&#8212;&#8212;&#8212;&#8212;&#8212;&#8212;&#8212;&#8212;&#8212;&#8212;&#8212;&#8212;&#8212;&#8212;&#8212;&#8212;-<\/p>\n<p>&nbsp;<\/p>\n<p>&nbsp;<\/p>\n<p>&nbsp;<\/p>\n<p>&nbsp;<\/p>\n<p>For your sailing voyage you should bring the next items:<\/p>\n<p>Warm and waterproof clothing is very important aboard a sailing vessel<br \/>\nIt can get pretty cold during sailing, especially at night. Even in summer, warm clothing is<br \/>\nessential. Your jacket should be windproof! You may get wet because of a high wave splashing<br \/>\nover the bow, during deck washing or simply because it rains. Therefore bring a rain suit. For the<br \/>\nsame reason bring rubber boots or waterproof shoes. Bring at least two pairs, in case one gets<br \/>\nwet. Some profile on the soles of your shoes\/boots is necessary to avoid slipping on a wet deck.<\/p>\n<p>Valid travel documents and papers<br \/>\nValid passport (minimal 6 months to date of expire) or identity card (read the aft side if all<br \/>\ncountries are mentioned on it).<br \/>\nCopy of insurance papers (liability, health and travel insurance)<\/p>\n<p>Clothing and toiletries:<br \/>\nComfortable shoes with low heel and non-slippery soles<br \/>\nBoots or waterproof shoes<br \/>\nSandals (preferably ones that stays on your feet, no open toes)<br \/>\nEnough clothing for all weather circumstances.<br \/>\nWatertight jacket and pants<br \/>\nWarm sweaters, T-shirts etc.<br \/>\nSocks, underwear and nightwear\/pyjamas.<br \/>\nSwimming gear<br \/>\nHat or cap, scarf, gloves<br \/>\nToiletries (toothbrush, toothpaste, hairbrush, shampoo etc.)<\/p>\n<p>More ideas:<br \/>\nPhoto camera and film equipment<br \/>\nSunglasses or glasses (with a chord to tight it to yourself and if you use glasses, take a spare one<br \/>\nwith you!)<br \/>\nSun lotion<br \/>\nPersonal medicines<br \/>\nSmall backpack for in the harbour<br \/>\nMusic instruments<br \/>\nGames (backgammon, cards, Yahtzee)<br \/>\nAddresses of friends and family you like to send a card<br \/>\nPen and paper<br \/>\nA few photos of your pets, friends and family<br \/>\nSome special candy\/cookies from your country<br \/>\nDon\u2019t bring jewelleries!<\/p>\n<p>&nbsp;<\/p>\n<p>Kitlist by At Sea Sail Training<\/p>\n<p>&nbsp;<\/p>\n","protected":false},"excerpt":{"rendered":"<p>VARUSTELISTA PURJEHDUKSELLE 2024 Huom! \u00a0pakkaa varusteet pehme\u00e4\u00e4n kassiin (ei matkalaukkuun) L\u00e4mpim\u00e4t, tuulen- ja vedenpit\u00e4v\u00e4t housut ja takki Kumisaappaat ja mukavat keng\u00e4t (ei mustia pohjia, eik\u00e4 liukkaita), lenkkarit hyv\u00e4t Tiedot matkavakuutuksesta Makuupussi\u00a0 ja tyyny. HUOM lis\u00e4ksi aluslakana, joka laitetaan Lokissa makuupussin alle. L\u00e4mpimi\u00e4 ja mukavia vaatteita (fleece, colleget,shortsit) Pipo,huivi ja hanskat T-paitoja, alusvaatteita +\u00a0sukkia Y\u00f6puku Uimapuku &hellip; <a href=\"https:\/\/blog.edu.turku.fi\/navigare2010\/merilukion-purjehdus-2023-varustelista\/\" class=\"more-link\">Jatka lukemista<span class=\"screen-reader-text\"> &#8221;Merilukion purjehdus 2025- varustelista&#8221;<\/span><\/a><\/p>\n","protected":false},"author":18,"featured_media":0,"parent":0,"menu_order":0,"comment_status":"closed","ping_status":"closed","template":"","meta":{"footnotes":""},"class_list":["post-3187","page","type-page","status-publish","hentry"],"_links":{"self":[{"href":"https:\/\/blog.edu.turku.fi\/navigare2010\/wp-json\/wp\/v2\/pages\/3187","targetHints":{"allow":["GET"]}}],"collection":[{"href":"https:\/\/blog.edu.turku.fi\/navigare2010\/wp-json\/wp\/v2\/pages"}],"about":[{"href":"https:\/\/blog.edu.turku.fi\/navigare2010\/wp-json\/wp\/v2\/types\/page"}],"author":[{"embeddable":true,"href":"https:\/\/blog.edu.turku.fi\/navigare2010\/wp-json\/wp\/v2\/users\/18"}],"replies":[{"embeddable":true,"href":"https:\/\/blog.edu.turku.fi\/navigare2010\/wp-json\/wp\/v2\/comments?post=3187"}],"version-history":[{"count":6,"href":"https:\/\/blog.edu.turku.fi\/navigare2010\/wp-json\/wp\/v2\/pages\/3187\/revisions"}],"predecessor-version":[{"id":3608,"href":"https:\/\/blog.edu.turku.fi\/navigare2010\/wp-json\/wp\/v2\/pages\/3187\/revisions\/3608"}],"wp:attachment":[{"href":"https:\/\/blog.edu.turku.fi\/navigare2010\/wp-json\/wp\/v2\/media?parent=3187"}],"curies":[{"name":"wp","href":"https:\/\/api.w.org\/{rel}","templated":true}]}}