{"id":2,"date":"2010-04-21T11:11:11","date_gmt":"2010-04-21T08:11:11","guid":{"rendered":""},"modified":"2021-08-05T10:03:32","modified_gmt":"2021-08-05T07:03:32","slug":"about","status":"publish","type":"page","link":"https:\/\/blog.edu.turku.fi\/navigare2010\/about\/","title":{"rendered":"Tietoja kurssista"},"content":{"rendered":"<p>T\u00e4m\u00e4 blogi esittelee Turun Suomalaisen yhteiskoulun lukion merilinjan <strong>NAVIGARE NECESSE EST<\/strong> -kurssia.<\/p>\n<p>Tervetuloa seuraamaan TSYKin lukion merilinjan koululaivapurjehduksia.\u00a0 Olemme tehneet yhteisty\u00f6t\u00e4 purjelaiva Hawilan kanssa ja\u00a0 elokuussa 2010 purjehdimme kaksi viikkoa\u00a0 Inga-Lill kaljaasilla Suomenlahdella. Elokuussa 2011 osallistuimme Cultural 2011\u00a0Tall Ships Regattaan Klaipeda-Turku Legille Turun kulttuurip\u00e4\u00e4kaupunkivuoden kunniaksi hollantilaisella Thalassa aluksella. Vuodesta 2012 alkaen koululaivanamme on toiminut kuunari Lokki. Elokuussa 2012 purjehdimme Turusta Tallinnaan ja takaisin. Vuoden 2013 koululaivapurjehduksemme suuntautui Saaristomerelle ja Maarianhaminaan. Elokuussa 2014 suuntana on j\u00e4lleen oma kotimeremme Saaristomeri. Vuonna 2015 purjehdimme Hiidenmaalle Haapsaluun. Syksyll\u00e4 2016 Lokki-koululaivamme purjehtii Gdanskista Hiidenmaan ja Haapsalun kautta Turkuun. Hein\u00e4kuussa 2017 osallistuimme norjalaisella Statsraad Lehmkuhl aluksella Tall Ships raceen Bergenist\u00e4 Turkuun.\u00a0 Elokuun 2017 purjehdus suuntautuu Saarenmaalta Gotlantiin ja Tukholmaan, josta palaamme Maarianhaminan kautta Turkuun.<\/p>\n<p>Vuonna 2018 TSYKin Merilukio t\u00e4ytt\u00e4\u00e4 10 vuotta. Sen kunniaksi j\u00e4rjest\u00e4mme juhlapurjehduksen norjalaisella Statsraad Lehmkuhlilla Pohjanmerell\u00e4. Purjehdimme Bergenist\u00e4 Shetlannin saarille ja takaisin. Mukaan toivotamme tervetulleiksi kaikki nykyiset ja vanhat merilinjalaiset.<\/p>\n<p>Vuonna 2019 purjehduksemme suuntautui Suomenlahdelle;KotkastaTallinnaan, Tallinnasta-Maarianhaminaan ja Maarianhaminasta Turkuun.<\/p>\n<p>Vuonna 2020 purjehdus onnistuttiin korona-pandemiasta huolimatta toteuttamaan Saaristomerell\u00e4 ja Ahvenanmaalla.<\/p>\n<p>&nbsp;<\/p>\n<p>Kurssin opettajina toimivat biologian ja maantieteen opettaja Nina Brander ja historian ja yhteiskuntaopin opettaja Christiane Ala-Nissil\u00e4.<\/p>\n<p>Kurssi sis\u00e4lt\u00e4\u00e4 k\u00e4yt\u00e4nn\u00f6n merenkulkutaitojen harjoittelua ja tutustumista perinteiseen merenkulkuun It\u00e4merell\u00e4. Opiskelija tutkii It\u00e4meren luonnon &#8211; ja kulttuuriymp\u00e4rist\u00f6\u00e4 sek\u00e4 It\u00e4meren alueen historiaa. Kurssi toteutetaan eri oppiaineiden yhteisty\u00f6n\u00e4. Kurssin suorittaminen edellytt\u00e4\u00e4 osallistumista purjehdukselle. Kurssille osallistuminen ei vaadi aikaisempaa purjehduskokemusta.<\/p>\n<p>&nbsp;<\/p>\n","protected":false},"excerpt":{"rendered":"<p>T\u00e4m\u00e4 blogi esittelee Turun Suomalaisen yhteiskoulun lukion merilinjan NAVIGARE NECESSE EST -kurssia. Tervetuloa seuraamaan TSYKin lukion merilinjan koululaivapurjehduksia.\u00a0 Olemme tehneet yhteisty\u00f6t\u00e4 purjelaiva Hawilan kanssa ja\u00a0 elokuussa 2010 purjehdimme kaksi viikkoa\u00a0 Inga-Lill kaljaasilla Suomenlahdella. Elokuussa 2011 osallistuimme Cultural 2011\u00a0Tall Ships Regattaan Klaipeda-Turku Legille Turun kulttuurip\u00e4\u00e4kaupunkivuoden kunniaksi hollantilaisella Thalassa aluksella. Vuodesta 2012 alkaen koululaivanamme on toiminut kuunari &hellip; <a href=\"https:\/\/blog.edu.turku.fi\/navigare2010\/about\/\" class=\"more-link\">Jatka lukemista<span class=\"screen-reader-text\"> &#8221;Tietoja kurssista&#8221;<\/span><\/a><\/p>\n","protected":false},"author":18,"featured_media":0,"parent":0,"menu_order":0,"comment_status":"closed","ping_status":"closed","template":"","meta":{"footnotes":""},"class_list":["post-2","page","type-page","status-publish","hentry"],"_links":{"self":[{"href":"https:\/\/blog.edu.turku.fi\/navigare2010\/wp-json\/wp\/v2\/pages\/2","targetHints":{"allow":["GET"]}}],"collection":[{"href":"https:\/\/blog.edu.turku.fi\/navigare2010\/wp-json\/wp\/v2\/pages"}],"about":[{"href":"https:\/\/blog.edu.turku.fi\/navigare2010\/wp-json\/wp\/v2\/types\/page"}],"author":[{"embeddable":true,"href":"https:\/\/blog.edu.turku.fi\/navigare2010\/wp-json\/wp\/v2\/users\/18"}],"replies":[{"embeddable":true,"href":"https:\/\/blog.edu.turku.fi\/navigare2010\/wp-json\/wp\/v2\/comments?post=2"}],"version-history":[{"count":29,"href":"https:\/\/blog.edu.turku.fi\/navigare2010\/wp-json\/wp\/v2\/pages\/2\/revisions"}],"predecessor-version":[{"id":2719,"href":"https:\/\/blog.edu.turku.fi\/navigare2010\/wp-json\/wp\/v2\/pages\/2\/revisions\/2719"}],"wp:attachment":[{"href":"https:\/\/blog.edu.turku.fi\/navigare2010\/wp-json\/wp\/v2\/media?parent=2"}],"curies":[{"name":"wp","href":"https:\/\/api.w.org\/{rel}","templated":true}]}}