{"id":56,"date":"2024-08-10T17:21:29","date_gmt":"2024-08-10T14:21:29","guid":{"rendered":"https:\/\/blog.edu.turku.fi\/navigare\/?page_id=56"},"modified":"2025-08-04T20:57:44","modified_gmt":"2025-08-04T17:57:44","slug":"varustelista-nne-2024","status":"publish","type":"page","link":"https:\/\/blog.edu.turku.fi\/navigare\/varustelista-nne-2024\/","title":{"rendered":"Varustelista NNE 2025"},"content":{"rendered":"\n<h1 class=\"wp-block-heading\">Merilukion purjehdus 2025- varustelista<\/h1>\n\n\n\n<p><strong>VARUSTELISTA PURJEHDUKSELLE 2024<\/strong><\/p>\n\n\n\n<p>Huom! &nbsp;pakkaa varusteet pehme\u00e4\u00e4n kassiin (ei matkalaukkuun)<\/p>\n\n\n\n<ol class=\"wp-block-list\">\n<li>L\u00e4mpim\u00e4t, tuulen- ja vedenpit\u00e4v\u00e4t housut ja takki<\/li>\n\n\n\n<li>Kumisaappaat ja mukavat keng\u00e4t (ei mustia pohjia, eik\u00e4 liukkaita), lenkkarit hyv\u00e4t<\/li>\n\n\n\n<li>Tiedot matkavakuutuksesta<\/li>\n\n\n\n<li>Makuupussi&nbsp; ja tyyny.&nbsp;<strong>HUOM lis\u00e4ksi aluslakana, joka laitetaan Lokissa makuupussin alle.<\/strong><\/li>\n\n\n\n<li>L\u00e4mpimi\u00e4 ja mukavia vaatteita (fleece, colleget,shortsit)<\/li>\n\n\n\n<li>Pipo,huivi ja hanskat<\/li>\n\n\n\n<li>T-paitoja, alusvaatteita +&nbsp;sukkia<\/li>\n\n\n\n<li>Y\u00f6puku<\/li>\n\n\n\n<li>Uimapuku ja pyyhe<\/li>\n\n\n\n<li>Hammasharja+tahna, harja, shampoo, henk.koht, hygienia ja l\u00e4\u00e4kkeet<\/li>\n\n\n\n<li>Aurinkolasit ja aurinkorasva<\/li>\n\n\n\n<li>Kamera, puhelin+laturi<\/li>\n\n\n\n<li>Muistiinpanov\u00e4lineet<\/li>\n\n\n\n<li>juomapullo<\/li>\n\n\n\n<li>omat l\u00e4\u00e4kkeet (esim. jos k\u00e4yt\u00e4t tai tarvitset matkapahoinvointia varten laastareita. Laastarit vaatii reseptin.)<\/li>\n\n\n\n<li>Matkustusasiakirjat, koska purjehdimme Ruotsiin ja laivayhti\u00f6 vaatii joko passin tai henkil\u00f6kortin.<\/li>\n\n\n\n<li>V\u00e4h\u00e4n omaa rahaa ja ruotsin kruunuja.(kortit kyll\u00e4 k\u00e4yv\u00e4t l\u00e4hes kaikkialla)<\/li>\n\n\n\n<li>Purjehdukselle mukaan my\u00f6s hyv\u00e4 asenne!<\/li>\n<\/ol>\n\n\n\n<p><\/p>\n","protected":false},"excerpt":{"rendered":"<p>Merilukion purjehdus 2025- varustelista VARUSTELISTA PURJEHDUKSELLE 2024 Huom! &nbsp;pakkaa varusteet pehme\u00e4\u00e4n kassiin (ei matkalaukkuun)<\/p>\n","protected":false},"author":18,"featured_media":0,"parent":0,"menu_order":0,"comment_status":"closed","ping_status":"closed","template":"","meta":{"footnotes":""},"class_list":["post-56","page","type-page","status-publish","hentry"],"_links":{"self":[{"href":"https:\/\/blog.edu.turku.fi\/navigare\/wp-json\/wp\/v2\/pages\/56","targetHints":{"allow":["GET"]}}],"collection":[{"href":"https:\/\/blog.edu.turku.fi\/navigare\/wp-json\/wp\/v2\/pages"}],"about":[{"href":"https:\/\/blog.edu.turku.fi\/navigare\/wp-json\/wp\/v2\/types\/page"}],"author":[{"embeddable":true,"href":"https:\/\/blog.edu.turku.fi\/navigare\/wp-json\/wp\/v2\/users\/18"}],"replies":[{"embeddable":true,"href":"https:\/\/blog.edu.turku.fi\/navigare\/wp-json\/wp\/v2\/comments?post=56"}],"version-history":[{"count":4,"href":"https:\/\/blog.edu.turku.fi\/navigare\/wp-json\/wp\/v2\/pages\/56\/revisions"}],"predecessor-version":[{"id":335,"href":"https:\/\/blog.edu.turku.fi\/navigare\/wp-json\/wp\/v2\/pages\/56\/revisions\/335"}],"wp:attachment":[{"href":"https:\/\/blog.edu.turku.fi\/navigare\/wp-json\/wp\/v2\/media?parent=56"}],"curies":[{"name":"wp","href":"https:\/\/api.w.org\/{rel}","templated":true}]}}