{"id":8,"date":"2021-05-27T22:27:19","date_gmt":"2021-05-27T19:27:19","guid":{"rendered":"https:\/\/blog.edu.turku.fi\/move\/?page_id=8"},"modified":"2023-10-30T12:21:25","modified_gmt":"2023-10-30T10:21:25","slug":"sivu-1","status":"publish","type":"page","link":"https:\/\/blog.edu.turku.fi\/move\/sivu-1\/","title":{"rendered":"Ohjeet ja tiedotteet"},"content":{"rendered":"<p>Hy\u00f6dynn\u00e4 huoltajille suunnattu infovideo:<br \/>\n<a href=\"https:\/\/vimeo.com\/kuulu\/review\/654958777\/f7b6ad8af9\" target=\"_blank\" rel=\"noopener\">&gt;&gt; Infovideo huoltajille<\/a><\/p>\n<p><a href=\"https:\/\/blog.edu.turku.fi\/move\/files\/2023\/08\/Move-toimintaohjeet_kouluille2023_fi.pdf\" target=\"_blank\" rel=\"noopener\">MOVE! -toimintaohjeet kouluille<\/a><br \/>\n<a href=\"https:\/\/blog.edu.turku.fi\/move\/files\/2021\/08\/Turun-Move-huoltajatiedote-1-1.docx\" target=\"_blank\" rel=\"noopener\">Huoltajatiedote<\/a><br \/>\n<a href=\"https:\/\/blog.edu.turku.fi\/move\/files\/2023\/06\/Move-tuoksista-koteihin-vistiminen-1.docx\" target=\"_blank\" rel=\"noopener\">Tuloksista huoltajalle viestiminen<\/a><\/p>\n<p><strong>Opetusryhm\u00e4kohtainen koontilomake<br \/>\n<\/strong>Alla molemmille luokka-asteille (5. lk ja 8. lk) oma opetusryhm\u00e4kohtainen koontilomake (exel), johon voit lis\u00e4t\u00e4 sek\u00e4 tytt\u00f6jen ett\u00e4 poikien tulokset samaan lomakkeeseen. Muista kuitenkin valita oikea sukupuoli, sill\u00e4 se vaikuttaa eri mittausosioiden raja-arvoihin, jotka on sy\u00f6tetty lomakkeeseen valmiiksi ja antavat kunkin sy\u00f6tt\u00e4m\u00e4si tuloksen j\u00e4lkeen n\u00e4kyviin liikennevalon (vihre\u00e4, keltainen, punainen). Liikennevalot n\u00e4ytt\u00e4v\u00e4t heti, mill\u00e4 mittauksen osa-alueilla oppilas saavutti hyv\u00e4t\/ei huolta aiheuttavat tulokset (vihre\u00e4), treenaa n\u00e4it\u00e4 osa-alueita tulevaisuudessa hieman enemmin (keltainen) ja n\u00e4ill\u00e4 osa-alueilla kaipaat selv\u00e4sti treenausta (punainen).<\/p>\n<p>Sy\u00f6tetty\u00e4si oppilaitten tulokset excel-koontilomakkeeseen, huomioi eri v\u00e4lilehdill\u00e4 oleva visuaalinen palaute, jota voit liikunnanopettajana itse hy\u00f6dynt\u00e4\u00e4 tuntisuunnitelmia tehdess\u00e4si, Move! -tuloksista ryhm\u00e4-\/henkil\u00f6kohtaista palautetta antaessasi tai huoltajille tuloksista kertoessasi.<\/p>\n<p><strong>HUOM! Lataa ja tallenna koontilomake kopiona itsellesi tulosten sy\u00f6tt\u00e4mist\u00e4 varten.<\/strong><\/p>\n<blockquote><p>&gt; <a href=\"https:\/\/blog.edu.turku.fi\/move\/files\/2023\/10\/5.luokka-Move-mittausten-opetusryhmakohtainen-koontilomake.xlsx\" target=\"_blank\" rel=\"noopener\">5. luokka koontilomake<\/a><br \/>\n&gt; <a href=\"https:\/\/blog.edu.turku.fi\/move\/files\/2023\/10\/8.luokka-Move-mittausten-opeturyhmakohtainen-koontilomake.xlsx\" target=\"_blank\" rel=\"noopener\">8. luokka koontilomake<\/a><\/p><\/blockquote>\n<p><em>Sek\u00e4 5. ett\u00e4 8. luokan lomakkeet p\u00e4ivitetty 30.10.2023: oppilaslista pidennetty 40 oppilaaseen ja tehty virheenkorjaus<\/em><\/p>\n","protected":false},"excerpt":{"rendered":"<p>Hy\u00f6dynn\u00e4 huoltajille suunnattu infovideo: &gt;&gt; Infovideo huoltajille MOVE! -toimintaohjeet kouluille Huoltajatiedote Tuloksista huoltajalle viestiminen Opetusryhm\u00e4kohtainen koontilomake Alla molemmille luokka-asteille (5. lk ja 8. lk) oma opetusryhm\u00e4kohtainen koontilomake (exel), johon voit lis\u00e4t\u00e4 sek\u00e4 tytt\u00f6jen ett\u00e4 poikien tulokset samaan lomakkeeseen. Muista kuitenkin valita oikea sukupuoli, sill\u00e4 se vaikuttaa eri mittausosioiden raja-arvoihin, jotka on sy\u00f6tetty lomakkeeseen valmiiksi ja &hellip; <a href=\"https:\/\/blog.edu.turku.fi\/move\/sivu-1\/\" class=\"more-link\">Jatka lukemista<span class=\"screen-reader-text\"> &#8221;Ohjeet ja tiedotteet&#8221;<\/span><\/a><\/p>\n","protected":false},"author":9,"featured_media":0,"parent":0,"menu_order":0,"comment_status":"closed","ping_status":"closed","template":"","meta":{"footnotes":""},"class_list":["post-8","page","type-page","status-publish","hentry"],"_links":{"self":[{"href":"https:\/\/blog.edu.turku.fi\/move\/wp-json\/wp\/v2\/pages\/8","targetHints":{"allow":["GET"]}}],"collection":[{"href":"https:\/\/blog.edu.turku.fi\/move\/wp-json\/wp\/v2\/pages"}],"about":[{"href":"https:\/\/blog.edu.turku.fi\/move\/wp-json\/wp\/v2\/types\/page"}],"author":[{"embeddable":true,"href":"https:\/\/blog.edu.turku.fi\/move\/wp-json\/wp\/v2\/users\/9"}],"replies":[{"embeddable":true,"href":"https:\/\/blog.edu.turku.fi\/move\/wp-json\/wp\/v2\/comments?post=8"}],"version-history":[{"count":37,"href":"https:\/\/blog.edu.turku.fi\/move\/wp-json\/wp\/v2\/pages\/8\/revisions"}],"predecessor-version":[{"id":270,"href":"https:\/\/blog.edu.turku.fi\/move\/wp-json\/wp\/v2\/pages\/8\/revisions\/270"}],"wp:attachment":[{"href":"https:\/\/blog.edu.turku.fi\/move\/wp-json\/wp\/v2\/media?parent=8"}],"curies":[{"name":"wp","href":"https:\/\/api.w.org\/{rel}","templated":true}]}}