{"id":71,"date":"2021-08-04T10:17:00","date_gmt":"2021-08-04T07:17:00","guid":{"rendered":"https:\/\/blog.edu.turku.fi\/move\/?page_id=71"},"modified":"2023-06-15T10:17:15","modified_gmt":"2023-06-15T07:17:15","slug":"materiaalia-muilla-kielilla","status":"publish","type":"page","link":"https:\/\/blog.edu.turku.fi\/move\/materiaalia-muilla-kielilla\/","title":{"rendered":"Materiaalia muilla kielill\u00e4"},"content":{"rendered":"<p>Alla Move!-huoltajatiedote eri kielill\u00e4. Hy\u00f6dynn\u00e4 k\u00e4\u00e4nn\u00f6ksi\u00e4 tarvittaessa.<\/p>\n<p>Albania<br \/>\n<a href=\"https:\/\/blog.edu.turku.fi\/move\/files\/2023\/05\/Albania-Turun_Move_huoltajatiedote_2023_huhtikuu.docx\" target=\"_blank\" rel=\"noopener\">Huotajatiedote<\/a><br \/>\n<a href=\"https:\/\/blog.edu.turku.fi\/move\/files\/2023\/05\/Albania-Move-tuloksista-koteihin-viestiminen_kevat-2023.docx\" target=\"_blank\" rel=\"noopener\">Tuloksista huoltajalle viestiminen<\/a><\/p>\n<p>Arabia<br \/>\n<a href=\"https:\/\/blog.edu.turku.fi\/move\/files\/2023\/06\/Arabia-Turun_Move_huoltajatiedote_2023_huhtikuu.docx\" target=\"_blank\" rel=\"noopener\">Huoltajatiedote<\/a><br \/>\n<a href=\"https:\/\/blog.edu.turku.fi\/move\/files\/2023\/06\/Arabia-Move-tuloksista-koteihin-viestiminen_kevat2023.docx\" target=\"_blank\" rel=\"noopener\">Tuloksista huoltajalle viestiminen<\/a><\/p>\n<p>Somali<br \/>\n<a href=\"https:\/\/blog.edu.turku.fi\/move\/files\/2023\/06\/Somali-Turun_Move_huoltajatiedote_2023_huhtikuu.docx\" target=\"_blank\" rel=\"noopener\">Huoltajatiedote<\/a><br \/>\n<a href=\"https:\/\/blog.edu.turku.fi\/move\/files\/2023\/06\/Somali-Move-tuloksista-koteihin-viestiminen_kevat2023.docx\" target=\"_blank\" rel=\"noopener\">Tuloksista huoltajalle viestiminen<\/a><\/p>\n<p>Sorani<br \/>\n<a href=\"https:\/\/blog.edu.turku.fi\/move\/files\/2023\/06\/Sorani-Turun_Move_huoltajatiedote_2023_huhtikuu.docx\" target=\"_blank\" rel=\"noopener\">Huoltajatiedote<\/a><br \/>\n<a href=\"https:\/\/blog.edu.turku.fi\/move\/files\/2023\/06\/Sorani-Move-tuloksista-koteihin-viestiminen_kevat2023.docx\" target=\"_blank\" rel=\"noopener\">Tuloksista huoltajalle viestiminen<\/a><\/p>\n<p>Ven\u00e4j\u00e4<br \/>\n<a href=\"https:\/\/blog.edu.turku.fi\/move\/files\/2023\/06\/Venaja-Turun_Move_huoltajatiedote_2023_huhtikuu.docx\">Huoltajatiedote<\/a><br \/>\n<a href=\"https:\/\/blog.edu.turku.fi\/move\/files\/2023\/06\/Venaja-Move-tuloksista-koteihin-viestiminen_kevat2023.docx\" target=\"_blank\" rel=\"noopener\">Tuloksista huoltajalle viestiminen<\/a><\/p>\n<p>&nbsp;<\/p>\n","protected":false},"excerpt":{"rendered":"<p>Alla Move!-huoltajatiedote eri kielill\u00e4. Hy\u00f6dynn\u00e4 k\u00e4\u00e4nn\u00f6ksi\u00e4 tarvittaessa. Albania Huotajatiedote Tuloksista huoltajalle viestiminen Arabia Huoltajatiedote Tuloksista huoltajalle viestiminen Somali Huoltajatiedote Tuloksista huoltajalle viestiminen Sorani Huoltajatiedote Tuloksista huoltajalle viestiminen Ven\u00e4j\u00e4 Huoltajatiedote Tuloksista huoltajalle viestiminen &nbsp;<\/p>\n","protected":false},"author":1520,"featured_media":0,"parent":0,"menu_order":0,"comment_status":"closed","ping_status":"closed","template":"","meta":{"footnotes":""},"class_list":["post-71","page","type-page","status-publish","hentry"],"_links":{"self":[{"href":"https:\/\/blog.edu.turku.fi\/move\/wp-json\/wp\/v2\/pages\/71","targetHints":{"allow":["GET"]}}],"collection":[{"href":"https:\/\/blog.edu.turku.fi\/move\/wp-json\/wp\/v2\/pages"}],"about":[{"href":"https:\/\/blog.edu.turku.fi\/move\/wp-json\/wp\/v2\/types\/page"}],"author":[{"embeddable":true,"href":"https:\/\/blog.edu.turku.fi\/move\/wp-json\/wp\/v2\/users\/1520"}],"replies":[{"embeddable":true,"href":"https:\/\/blog.edu.turku.fi\/move\/wp-json\/wp\/v2\/comments?post=71"}],"version-history":[{"count":27,"href":"https:\/\/blog.edu.turku.fi\/move\/wp-json\/wp\/v2\/pages\/71\/revisions"}],"predecessor-version":[{"id":239,"href":"https:\/\/blog.edu.turku.fi\/move\/wp-json\/wp\/v2\/pages\/71\/revisions\/239"}],"wp:attachment":[{"href":"https:\/\/blog.edu.turku.fi\/move\/wp-json\/wp\/v2\/media?parent=71"}],"curies":[{"name":"wp","href":"https:\/\/api.w.org\/{rel}","templated":true}]}}