{"id":65,"date":"2021-08-04T10:16:03","date_gmt":"2021-08-04T07:16:03","guid":{"rendered":"https:\/\/blog.edu.turku.fi\/move\/?page_id=65"},"modified":"2023-10-30T12:48:31","modified_gmt":"2023-10-30T10:48:31","slug":"materiaalia-ruotsin-kielella","status":"publish","type":"page","link":"https:\/\/blog.edu.turku.fi\/move\/materiaalia-ruotsin-kielella\/","title":{"rendered":"Material p\u00e5 svenska"},"content":{"rendered":"<p><a href=\"https:\/\/blog.edu.turku.fi\/move\/files\/2021\/09\/MOVE_vuosikello_SV.pdf\" target=\"_blank\" rel=\"noopener\">\u00c5rsklocka f\u00f6r Move!<\/a><\/p>\n<p><a href=\"https:\/\/blog.edu.turku.fi\/move\/files\/2023\/08\/Move-toimintaohjeet_kouluille2023_sv.pdf\" target=\"_blank\" rel=\"noopener\">Move! -anvisningar f\u00f6r skolor<\/a><\/p>\n<p><a href=\"https:\/\/blog.edu.turku.fi\/move\/files\/2021\/08\/Turun-Move-huoltajatiedote_SV-1.docx\" target=\"_blank\" rel=\"noopener\">Move!-information f\u00f6r v\u00e5rdnadshavare<\/a><br \/>\n<a href=\"https:\/\/blog.edu.turku.fi\/move\/files\/2023\/06\/Move-tuoksista-koteihin-viestiminen_SV.docx\" target=\"_blank\" rel=\"noopener\">Meddelande om resultat till v\u00e5rdnadshavare<\/a><\/p>\n<p><strong>Samlingsblankett f\u00f6r undervisningsgruppens resultat i Move!-m\u00e4tningarna<br \/>\n<\/strong>Nedan finns en samlingsblankett f\u00f6r samling av Move!-resultaten i \u00e5rskurserna 5 och 8. Blanketterna ska fyllas i separat f\u00f6r de olika undervisningsgrupperna (Excel) och b\u00e5de flickornas och pojkarnas resultat kan antecknas p\u00e5 samma blankett. Kom dock ih\u00e5g att v\u00e4lja r\u00e4tt k\u00f6n, eftersom det p\u00e5verkar gr\u00e4nsv\u00e4rdena f\u00f6r de olika delomr\u00e5den som m\u00e4tts. Gr\u00e4nsv\u00e4rdena \u00e4r f\u00e4rdigt ifyllda och ger efter varje ifyllda resultat ett \u201dtrafikljus\u201d (r\u00f6tt, gult eller gr\u00f6nt). Trafikljusen visar direkt om eleven uppn\u00e5dde ett gott\/inte orov\u00e4ckande resultat p\u00e5 de olika delomr\u00e5dena (gr\u00f6nt ljus), beh\u00f6ver tr\u00e4na p\u00e5 dessa delomr\u00e5den mer i framtiden (gult ljus) eller om eleven beh\u00f6ver tr\u00e4na betydligt mera p\u00e5 dessa delomr\u00e5den (r\u00f6tt ljus).<\/p>\n<p>D\u00e5 du f\u00f6rt in elevernas resultat i samlingsblanketten i Excel, kom ih\u00e5g att du som gymnastikl\u00e4rare kan utnyttja den visuella feedback som syns p\u00e5 de olika flikarna d\u00e5 du g\u00f6r timplaner, ger personlig\/gruppvis feedback p\u00e5 Move!-m\u00e4tningens resultat eller d\u00e5 du ber\u00e4ttar om resultaten f\u00f6r v\u00e5rdnadshavarna.<\/p>\n<p><strong>OBS! Spara tabellen som en kopia \u00e5t dig sj\u00e4lv\u2013 registrera inte resultaten i tabellen som \u00f6ppnas direkt fr\u00e5n l\u00e4nken.<\/strong><\/p>\n<p><a href=\"https:\/\/blog.edu.turku.fi\/move\/files\/2023\/10\/5.luokka-Move-mittausten-opetusryhmakohtainen-koontilomake.xlsx\" target=\"_blank\" rel=\"noopener\">Samlingsblanket f\u00f6r \u00e5rskurs 5<\/a><br \/>\n<a href=\"https:\/\/blog.edu.turku.fi\/move\/files\/2023\/10\/8.luokka-Move-mittausten-opeturyhmakohtainen-koontilomake.xlsx\" target=\"_blank\" rel=\"noopener\">Samlingsblanket f\u00f6r \u00e5rskurs 8<\/a><\/p>\n<p><strong>RAPORTER<br \/>\n<a href=\"https:\/\/blog.edu.turku.fi\/move\/files\/2022\/03\/Kommunernas_Move_resultat_2021_foljebrev.pdf\" target=\"_blank\" rel=\"noopener\">F\u00f6ljebrev 2021 kommunernas resultat<\/a><br \/>\n<a href=\"https:\/\/blog.edu.turku.fi\/move\/files\/2022\/02\/kunta_TurkuAbo.pdf\" target=\"_blank\" rel=\"noopener\">Kommunernas resultat 2021<\/a><br \/>\n<\/strong><\/p>\n","protected":false},"excerpt":{"rendered":"<p>\u00c5rsklocka f\u00f6r Move! Move! -anvisningar f\u00f6r skolor Move!-information f\u00f6r v\u00e5rdnadshavare Meddelande om resultat till v\u00e5rdnadshavare Samlingsblankett f\u00f6r undervisningsgruppens resultat i Move!-m\u00e4tningarna Nedan finns en samlingsblankett f\u00f6r samling av Move!-resultaten i \u00e5rskurserna 5 och 8. Blanketterna ska fyllas i separat f\u00f6r de olika undervisningsgrupperna (Excel) och b\u00e5de flickornas och pojkarnas resultat kan antecknas p\u00e5 samma blankett. &hellip; <a href=\"https:\/\/blog.edu.turku.fi\/move\/materiaalia-ruotsin-kielella\/\" class=\"more-link\">Jatka lukemista<span class=\"screen-reader-text\"> &#8221;Material p\u00e5 svenska&#8221;<\/span><\/a><\/p>\n","protected":false},"author":1520,"featured_media":0,"parent":0,"menu_order":0,"comment_status":"closed","ping_status":"closed","template":"","meta":{"footnotes":""},"class_list":["post-65","page","type-page","status-publish","hentry"],"_links":{"self":[{"href":"https:\/\/blog.edu.turku.fi\/move\/wp-json\/wp\/v2\/pages\/65","targetHints":{"allow":["GET"]}}],"collection":[{"href":"https:\/\/blog.edu.turku.fi\/move\/wp-json\/wp\/v2\/pages"}],"about":[{"href":"https:\/\/blog.edu.turku.fi\/move\/wp-json\/wp\/v2\/types\/page"}],"author":[{"embeddable":true,"href":"https:\/\/blog.edu.turku.fi\/move\/wp-json\/wp\/v2\/users\/1520"}],"replies":[{"embeddable":true,"href":"https:\/\/blog.edu.turku.fi\/move\/wp-json\/wp\/v2\/comments?post=65"}],"version-history":[{"count":31,"href":"https:\/\/blog.edu.turku.fi\/move\/wp-json\/wp\/v2\/pages\/65\/revisions"}],"predecessor-version":[{"id":271,"href":"https:\/\/blog.edu.turku.fi\/move\/wp-json\/wp\/v2\/pages\/65\/revisions\/271"}],"wp:attachment":[{"href":"https:\/\/blog.edu.turku.fi\/move\/wp-json\/wp\/v2\/media?parent=65"}],"curies":[{"name":"wp","href":"https:\/\/api.w.org\/{rel}","templated":true}]}}