{"id":277,"date":"2023-11-10T13:57:14","date_gmt":"2023-11-10T11:57:14","guid":{"rendered":"https:\/\/blog.edu.turku.fi\/move\/?page_id=277"},"modified":"2025-07-14T09:27:16","modified_gmt":"2025-07-14T06:27:16","slug":"liikuntalaksyt","status":"publish","type":"page","link":"https:\/\/blog.edu.turku.fi\/move\/liikuntalaksyt\/","title":{"rendered":"Liikuntal\u00e4ksyt"},"content":{"rendered":"<p><strong>Liikuntal\u00e4ksyt<\/strong><\/p>\n<p><a href=\"https:\/\/blog.edu.turku.fi\/move\/files\/2025\/07\/KOFY-Kestavyyspaketti.pdf\" target=\"_blank\" rel=\"noopener\" data-cke-saved-href=\"https:\/\/www.turku.fi\/sites\/default\/files\/atoms\/files\/kofy_kestavyyspaketti.pdf\">Kest\u00e4vyyspaketti<\/a><br \/>\n<a href=\"https:\/\/blog.edu.turku.fi\/move\/files\/2025\/07\/KOFY-Ylavartalon-voimapaketti.pdf\" target=\"_blank\" rel=\"noopener\" data-cke-saved-href=\"https:\/\/www.turku.fi\/sites\/default\/files\/atoms\/files\/kofy_ylavartalon_voimapaketti.pdf\">Yl\u00e4vartalon voimapaketti<\/a><br \/>\n<a href=\"https:\/\/blog.edu.turku.fi\/move\/files\/2025\/07\/KOFY-Hyppy-ja-tasapainopaketti.pdf\" target=\"_blank\" rel=\"noopener\" data-cke-saved-href=\"https:\/\/www.turku.fi\/sites\/default\/files\/atoms\/files\/kofy_hyppy-_ja_tasapainopaketti.pdf\">Hyppy- ja tasapainopaketti<\/a><br \/>\n<a href=\"https:\/\/blog.edu.turku.fi\/move\/files\/2025\/07\/KOFY-Pallottelupaketti.pdf\" target=\"_blank\" rel=\"noopener\" data-cke-saved-href=\"https:\/\/www.turku.fi\/sites\/default\/files\/atoms\/files\/kofy_pallottelupaketti.pdf\">Pallottelupaketti<\/a><br \/>\n<a href=\"https:\/\/blog.edu.turku.fi\/move\/files\/2025\/07\/Kopio-KOFY-Liikkuvuuspaketti.pdf\" target=\"_blank\" rel=\"noopener\" data-cke-saved-href=\"https:\/\/www.turku.fi\/sites\/default\/files\/atoms\/files\/kofy_liikkuvuuspaketti.pdf\">Liikkuvuuspaketti<\/a><br \/>\n<a href=\"https:\/\/blog.edu.turku.fi\/move\/files\/2025\/07\/KOFY-2-Kestavyyspaketti_.pdf\" target=\"_blank\" rel=\"noopener\" data-cke-saved-href=\"https:\/\/www.turku.fi\/sites\/default\/files\/atoms\/files\/kofy_2_kestavyyspaketti_.pdf\">Kest\u00e4vyyspaketti 2<\/a><br \/>\n<a href=\"https:\/\/blog.edu.turku.fi\/move\/files\/2025\/07\/KOFY-2-Ylavartalon-voimapaketti_.pdf\" target=\"_blank\" rel=\"noopener\" data-cke-saved-href=\"https:\/\/www.turku.fi\/sites\/default\/files\/atoms\/files\/kofy_2_ylavartalon_voimapaketti_.pdf\">Yl\u00e4vartalon voimapaketti 2<\/a><br \/>\n<a href=\"https:\/\/blog.edu.turku.fi\/move\/files\/2025\/07\/KOFY-2-Hyppy-ja-tasapainopaketti_.pdf\" target=\"_blank\" rel=\"noopener\" data-cke-saved-href=\"https:\/\/www.turku.fi\/sites\/default\/files\/atoms\/files\/kofy_2_hyppy-_ja_tasapainopaketti_.pdf\">Hyppy- ja tasapainopaketti 2<\/a><br \/>\n<a href=\"https:\/\/blog.edu.turku.fi\/move\/files\/2025\/07\/KOFY-2-Palloilupaketti_.pdf\" target=\"_blank\" rel=\"noopener\" data-cke-saved-href=\"https:\/\/www.turku.fi\/sites\/default\/files\/atoms\/files\/kofy_2_palloilupaketti_.pdf\">Palloilupaketti 2<\/a><br \/>\n<a href=\"https:\/\/blog.edu.turku.fi\/move\/files\/2025\/07\/KOFY-2-Liikkuvuuspaketti.pdf\" target=\"_blank\" rel=\"noopener\" data-cke-saved-href=\"https:\/\/www.turku.fi\/sites\/default\/files\/atoms\/files\/kofy_2_liikkuvuuspaketti.pdf\">Liikkuvuuspaketti 2<\/a><\/p>\n<p>&nbsp;<\/p>\n<p><strong>Gymnastikl\u00e4xor<\/strong><\/p>\n<p><a href=\"https:\/\/blog.edu.turku.fi\/move\/files\/2025\/07\/KOFY-Uthallighetspaket.pdf\">Uth\u00e5llighetspaket<\/a><\/p>\n<p><a href=\"https:\/\/blog.edu.turku.fi\/move\/files\/2025\/07\/Kraftpaket-for-overkroppen.pdf\">Kraftpaket f\u00f6r \u00f6verkroppen<\/a><\/p>\n<p><a href=\"https:\/\/blog.edu.turku.fi\/move\/files\/2025\/07\/KOFY-Hopp-och-balanspaket.pdf\">Hopp- och balanspaket<\/a><\/p>\n<p><a href=\"https:\/\/blog.edu.turku.fi\/move\/files\/2025\/07\/KOFY-Paket-for-bollande.pdf\">Paket f\u00f6r bollande<\/a><\/p>\n<p><a href=\"https:\/\/blog.edu.turku.fi\/move\/files\/2025\/07\/KOFY-Rorlighetspaket.pdf\" data-cke-saved-href=\"https:\/\/www.turku.fi\/sites\/default\/files\/atoms\/files\/kofy_rorlighetspaket.pdf\">R\u00f6rlighetspaket<\/a><\/p>\n<p><a href=\"https:\/\/blog.edu.turku.fi\/move\/files\/2025\/07\/KOFY-Uthallighetspaket-2.pdf\">Uth\u00e5llighetspaket 2<\/a><\/p>\n<p><a href=\"https:\/\/blog.edu.turku.fi\/move\/files\/2025\/07\/KOFY-2-Kraftpaket-for-overkroppen-2.pdf\">Kraftpaket f\u00f6r \u00f6verkroppen 2<\/a><\/p>\n<p><a href=\"https:\/\/blog.edu.turku.fi\/move\/files\/2025\/07\/KOFY-Hopp-och-balanspaket-2.pdf\">Hopp- och balanspaket 2<\/a><\/p>\n<p><a href=\"https:\/\/blog.edu.turku.fi\/move\/files\/2025\/07\/KOFY-Paket-for-bollande-2.pdf\">Paket f\u00f6r bollande 2<\/a><\/p>\n<p><a href=\"https:\/\/blog.edu.turku.fi\/move\/files\/2025\/07\/KOFY-2-Rorlighetspaket-2.pdf\">R\u00f6rlighetspaket 2<\/a><\/p>\n<p>&nbsp;<\/p>\n<p>Liikuntal\u00e4ksyt on tehnyt\u00a0Turun AMK:n fysioterapeuttiopiskelijat, Turun kaupungin fysioterapeuttien ohjauksessa.<\/p>\n","protected":false},"excerpt":{"rendered":"<p>Liikuntal\u00e4ksyt Kest\u00e4vyyspaketti Yl\u00e4vartalon voimapaketti Hyppy- ja tasapainopaketti Pallottelupaketti Liikkuvuuspaketti Kest\u00e4vyyspaketti 2 Yl\u00e4vartalon voimapaketti 2 Hyppy- ja tasapainopaketti 2 Palloilupaketti 2 Liikkuvuuspaketti 2 &nbsp; Gymnastikl\u00e4xor Uth\u00e5llighetspaket Kraftpaket f\u00f6r \u00f6verkroppen Hopp- och balanspaket Paket f\u00f6r bollande R\u00f6rlighetspaket Uth\u00e5llighetspaket 2 Kraftpaket f\u00f6r \u00f6verkroppen 2 Hopp- och balanspaket 2 Paket f\u00f6r bollande 2 R\u00f6rlighetspaket 2 &nbsp; Liikuntal\u00e4ksyt on tehnyt\u00a0Turun &hellip; <a href=\"https:\/\/blog.edu.turku.fi\/move\/liikuntalaksyt\/\" class=\"more-link\">Jatka lukemista<span class=\"screen-reader-text\"> &#8221;Liikuntal\u00e4ksyt&#8221;<\/span><\/a><\/p>\n","protected":false},"author":3349,"featured_media":0,"parent":0,"menu_order":0,"comment_status":"closed","ping_status":"closed","template":"","meta":{"footnotes":""},"class_list":["post-277","page","type-page","status-publish","hentry"],"_links":{"self":[{"href":"https:\/\/blog.edu.turku.fi\/move\/wp-json\/wp\/v2\/pages\/277","targetHints":{"allow":["GET"]}}],"collection":[{"href":"https:\/\/blog.edu.turku.fi\/move\/wp-json\/wp\/v2\/pages"}],"about":[{"href":"https:\/\/blog.edu.turku.fi\/move\/wp-json\/wp\/v2\/types\/page"}],"author":[{"embeddable":true,"href":"https:\/\/blog.edu.turku.fi\/move\/wp-json\/wp\/v2\/users\/3349"}],"replies":[{"embeddable":true,"href":"https:\/\/blog.edu.turku.fi\/move\/wp-json\/wp\/v2\/comments?post=277"}],"version-history":[{"count":8,"href":"https:\/\/blog.edu.turku.fi\/move\/wp-json\/wp\/v2\/pages\/277\/revisions"}],"predecessor-version":[{"id":326,"href":"https:\/\/blog.edu.turku.fi\/move\/wp-json\/wp\/v2\/pages\/277\/revisions\/326"}],"wp:attachment":[{"href":"https:\/\/blog.edu.turku.fi\/move\/wp-json\/wp\/v2\/media?parent=277"}],"curies":[{"name":"wp","href":"https:\/\/api.w.org\/{rel}","templated":true}]}}