{"id":21,"date":"2021-06-14T10:56:53","date_gmt":"2021-06-14T07:56:53","guid":{"rendered":"https:\/\/blog.edu.turku.fi\/move\/?page_id=21"},"modified":"2021-06-21T12:35:56","modified_gmt":"2021-06-21T09:35:56","slug":"koulutuskalenteri","status":"publish","type":"page","link":"https:\/\/blog.edu.turku.fi\/move\/koulutuskalenteri\/","title":{"rendered":"Koulutuskalenteri"},"content":{"rendered":"\n<!-- iframe plugin v.6.0 wordpress.org\/plugins\/iframe\/ -->\n<iframe loading=\"lazy\" src=\"https:\/\/calendar.google.com\/calendar\/embed?src=2hekq8stcn945de548uaetr20c%40group.calendar.google.com&#038;ctz=Europe%2FHelsinki\" width=\"100%\" height=\"500\" scrolling=\"yes\" class=\"iframe-class\" frameborder=\"0\"><\/iframe>\n\n<p>Move! -webinaarit (itsen\u00e4inen ei aikaan\/paikkaan sidottu)<\/p>\n<p>Opetushallituksen rahoittaman koulutuksen aineistopaketti on maksutta kaikkien Move!-prosessin kanssa ty\u00f6skentelevien k\u00e4ytett\u00e4viss\u00e4 osoitteessa:<\/p>\n<p><a href=\"https:\/\/www.tervekoululainen.fi\/opetusmateriaalit\/tukea-move-prosessiin\/\" target=\"_blank\" rel=\"noopener\">Materiaalipaketti<\/a><\/p>\n","protected":false},"excerpt":{"rendered":"<p>Move! -webinaarit (itsen\u00e4inen ei aikaan\/paikkaan sidottu) Opetushallituksen rahoittaman koulutuksen aineistopaketti on maksutta kaikkien Move!-prosessin kanssa ty\u00f6skentelevien k\u00e4ytett\u00e4viss\u00e4 osoitteessa: Materiaalipaketti<\/p>\n","protected":false},"author":1520,"featured_media":0,"parent":0,"menu_order":0,"comment_status":"closed","ping_status":"closed","template":"","meta":{"footnotes":""},"class_list":["post-21","page","type-page","status-publish","hentry"],"_links":{"self":[{"href":"https:\/\/blog.edu.turku.fi\/move\/wp-json\/wp\/v2\/pages\/21","targetHints":{"allow":["GET"]}}],"collection":[{"href":"https:\/\/blog.edu.turku.fi\/move\/wp-json\/wp\/v2\/pages"}],"about":[{"href":"https:\/\/blog.edu.turku.fi\/move\/wp-json\/wp\/v2\/types\/page"}],"author":[{"embeddable":true,"href":"https:\/\/blog.edu.turku.fi\/move\/wp-json\/wp\/v2\/users\/1520"}],"replies":[{"embeddable":true,"href":"https:\/\/blog.edu.turku.fi\/move\/wp-json\/wp\/v2\/comments?post=21"}],"version-history":[{"count":21,"href":"https:\/\/blog.edu.turku.fi\/move\/wp-json\/wp\/v2\/pages\/21\/revisions"}],"predecessor-version":[{"id":49,"href":"https:\/\/blog.edu.turku.fi\/move\/wp-json\/wp\/v2\/pages\/21\/revisions\/49"}],"wp:attachment":[{"href":"https:\/\/blog.edu.turku.fi\/move\/wp-json\/wp\/v2\/media?parent=21"}],"curies":[{"name":"wp","href":"https:\/\/api.w.org\/{rel}","templated":true}]}}