{"id":85,"date":"2016-06-09T13:05:36","date_gmt":"2016-06-09T10:05:36","guid":{"rendered":"https:\/\/blog.edu.turku.fi\/monikulttuurinenopetus\/?page_id=85"},"modified":"2024-08-16T09:12:09","modified_gmt":"2024-08-16T06:12:09","slug":"kokoukset-lukuvuonna-2016-2017-2","status":"publish","type":"page","link":"https:\/\/blog.edu.turku.fi\/monikulttuurinenopetus\/kokoukset-lukuvuonna-2016-2017-2\/","title":{"rendered":"Kokoukset ja koulutukset"},"content":{"rendered":"<p>Kokoukset j\u00e4rjestet\u00e4\u00e4n Teamsin v\u00e4lityksell\u00e4 tai l\u00e4hitapaamisina ja niist\u00e4 ilmoitetaan s\u00e4hk\u00f6postitse.<\/p>\n<p>Tervetuloa kaikille MAI-opettajillemme!<\/p>\n<p>Lis\u00e4tietoja suunnittelijoilta.<\/p>\n","protected":false},"excerpt":{"rendered":"<p>Kokoukset j\u00e4rjestet\u00e4\u00e4n Teamsin v\u00e4lityksell\u00e4 tai l\u00e4hitapaamisina ja niist\u00e4 ilmoitetaan s\u00e4hk\u00f6postitse. Tervetuloa kaikille MAI-opettajillemme! Lis\u00e4tietoja suunnittelijoilta.<\/p>\n","protected":false},"author":1827,"featured_media":0,"parent":0,"menu_order":0,"comment_status":"closed","ping_status":"closed","template":"","meta":{"footnotes":""},"class_list":["post-85","page","type-page","status-publish","hentry"],"_links":{"self":[{"href":"https:\/\/blog.edu.turku.fi\/monikulttuurinenopetus\/wp-json\/wp\/v2\/pages\/85","targetHints":{"allow":["GET"]}}],"collection":[{"href":"https:\/\/blog.edu.turku.fi\/monikulttuurinenopetus\/wp-json\/wp\/v2\/pages"}],"about":[{"href":"https:\/\/blog.edu.turku.fi\/monikulttuurinenopetus\/wp-json\/wp\/v2\/types\/page"}],"author":[{"embeddable":true,"href":"https:\/\/blog.edu.turku.fi\/monikulttuurinenopetus\/wp-json\/wp\/v2\/users\/1827"}],"replies":[{"embeddable":true,"href":"https:\/\/blog.edu.turku.fi\/monikulttuurinenopetus\/wp-json\/wp\/v2\/comments?post=85"}],"version-history":[{"count":26,"href":"https:\/\/blog.edu.turku.fi\/monikulttuurinenopetus\/wp-json\/wp\/v2\/pages\/85\/revisions"}],"predecessor-version":[{"id":2110,"href":"https:\/\/blog.edu.turku.fi\/monikulttuurinenopetus\/wp-json\/wp\/v2\/pages\/85\/revisions\/2110"}],"wp:attachment":[{"href":"https:\/\/blog.edu.turku.fi\/monikulttuurinenopetus\/wp-json\/wp\/v2\/media?parent=85"}],"curies":[{"name":"wp","href":"https:\/\/api.w.org\/{rel}","templated":true}]}}