{"id":844,"date":"2019-03-26T10:53:08","date_gmt":"2019-03-26T08:53:08","guid":{"rendered":"https:\/\/blog.edu.turku.fi\/monikulttuurinenopetus\/?page_id=844"},"modified":"2025-07-02T08:47:13","modified_gmt":"2025-07-02T05:47:13","slug":"ilmoittautuminen-oman-aidinkielen-opetukseen","status":"publish","type":"page","link":"https:\/\/blog.edu.turku.fi\/monikulttuurinenopetus\/oppilaan-oman-aidinkielen-opetus-mai-2\/ilmoittautuminen-oman-aidinkielen-opetukseen\/","title":{"rendered":"Ilmoittautuminen oman \u00e4idinkielen opetukseen"},"content":{"rendered":"<p>Uusien oppilaiden ilmoittautuminen oppilaan oman \u00e4idinkielen opetukseen lukuvuodelle 2025-2026 on auki 24.8.2025 asti. Seuraavaksi opetuksessa voi aloittaa kev\u00e4tlukukauden 2026 alussa, kun ilmoittautuu Wilmassa viimeist\u00e4\u00e4n 9.12.2025.<\/p>\n<p>Uudet oppilaat ilmoittautuvat opetukseen <u>Wilman kautta kohdasta \u201dHakemukset ja p\u00e4\u00e4t\u00f6kset\u201d. <\/u><\/p>\n<p>Ohjeen Wilma-ilmoittautumiseen l\u00f6yd\u00e4t t\u00e4\u00e4lt\u00e4 : <a href=\"https:\/\/blog.edu.turku.fi\/monikulttuurinenopetus\/files\/2019\/03\/MAI-lomake-Wilmassa.docx\">MAI lomake Wilmassa<\/a><\/p>\n<p>&nbsp;<\/p>\n","protected":false},"excerpt":{"rendered":"<p>Uusien oppilaiden ilmoittautuminen oppilaan oman \u00e4idinkielen opetukseen lukuvuodelle 2025-2026 on auki 24.8.2025 asti. Seuraavaksi opetuksessa voi aloittaa kev\u00e4tlukukauden 2026 alussa, kun ilmoittautuu Wilmassa viimeist\u00e4\u00e4n 9.12.2025. Uudet oppilaat ilmoittautuvat opetukseen Wilman kautta kohdasta \u201dHakemukset ja p\u00e4\u00e4t\u00f6kset\u201d. Ohjeen Wilma-ilmoittautumiseen l\u00f6yd\u00e4t t\u00e4\u00e4lt\u00e4 : MAI lomake Wilmassa &nbsp;<\/p>\n","protected":false},"author":1827,"featured_media":0,"parent":61,"menu_order":0,"comment_status":"closed","ping_status":"closed","template":"","meta":{"footnotes":""},"class_list":["post-844","page","type-page","status-publish","hentry"],"_links":{"self":[{"href":"https:\/\/blog.edu.turku.fi\/monikulttuurinenopetus\/wp-json\/wp\/v2\/pages\/844","targetHints":{"allow":["GET"]}}],"collection":[{"href":"https:\/\/blog.edu.turku.fi\/monikulttuurinenopetus\/wp-json\/wp\/v2\/pages"}],"about":[{"href":"https:\/\/blog.edu.turku.fi\/monikulttuurinenopetus\/wp-json\/wp\/v2\/types\/page"}],"author":[{"embeddable":true,"href":"https:\/\/blog.edu.turku.fi\/monikulttuurinenopetus\/wp-json\/wp\/v2\/users\/1827"}],"replies":[{"embeddable":true,"href":"https:\/\/blog.edu.turku.fi\/monikulttuurinenopetus\/wp-json\/wp\/v2\/comments?post=844"}],"version-history":[{"count":16,"href":"https:\/\/blog.edu.turku.fi\/monikulttuurinenopetus\/wp-json\/wp\/v2\/pages\/844\/revisions"}],"predecessor-version":[{"id":2206,"href":"https:\/\/blog.edu.turku.fi\/monikulttuurinenopetus\/wp-json\/wp\/v2\/pages\/844\/revisions\/2206"}],"up":[{"embeddable":true,"href":"https:\/\/blog.edu.turku.fi\/monikulttuurinenopetus\/wp-json\/wp\/v2\/pages\/61"}],"wp:attachment":[{"href":"https:\/\/blog.edu.turku.fi\/monikulttuurinenopetus\/wp-json\/wp\/v2\/media?parent=844"}],"curies":[{"name":"wp","href":"https:\/\/api.w.org\/{rel}","templated":true}]}}