{"id":79,"date":"2016-06-08T15:35:10","date_gmt":"2016-06-08T12:35:10","guid":{"rendered":"https:\/\/blog.edu.turku.fi\/monikulttuurinenopetus\/?page_id=79"},"modified":"2024-02-01T10:30:26","modified_gmt":"2024-02-01T08:30:26","slug":"kokoukset-lukuvuonna-2016-2017","status":"publish","type":"page","link":"https:\/\/blog.edu.turku.fi\/monikulttuurinenopetus\/kokoukset-lukuvuonna-2016-2017\/","title":{"rendered":"Kokoukset ja koulutukset"},"content":{"rendered":"<p>Kokoukset j\u00e4rjestet\u00e4\u00e4n Teamsin v\u00e4lityksell\u00e4 tai livetapaamisina ja niist\u00e4 ilmoitetaan s\u00e4hk\u00f6postitse.<\/p>\n<p>Tervetuloa kaikille OMO-opettajille ja omakielisille ohjaajille!<\/p>\n<p>&nbsp;<\/p>\n<p>Lis\u00e4tietoja suunnittelijalta.<\/p>\n<p>&nbsp;<\/p>\n","protected":false},"excerpt":{"rendered":"<p>Kokoukset j\u00e4rjestet\u00e4\u00e4n Teamsin v\u00e4lityksell\u00e4 tai livetapaamisina ja niist\u00e4 ilmoitetaan s\u00e4hk\u00f6postitse. Tervetuloa kaikille OMO-opettajille ja omakielisille ohjaajille! &nbsp; Lis\u00e4tietoja suunnittelijalta. &nbsp;<\/p>\n","protected":false},"author":1827,"featured_media":0,"parent":0,"menu_order":0,"comment_status":"closed","ping_status":"closed","template":"","meta":{"footnotes":""},"class_list":["post-79","page","type-page","status-publish","hentry"],"_links":{"self":[{"href":"https:\/\/blog.edu.turku.fi\/monikulttuurinenopetus\/wp-json\/wp\/v2\/pages\/79","targetHints":{"allow":["GET"]}}],"collection":[{"href":"https:\/\/blog.edu.turku.fi\/monikulttuurinenopetus\/wp-json\/wp\/v2\/pages"}],"about":[{"href":"https:\/\/blog.edu.turku.fi\/monikulttuurinenopetus\/wp-json\/wp\/v2\/types\/page"}],"author":[{"embeddable":true,"href":"https:\/\/blog.edu.turku.fi\/monikulttuurinenopetus\/wp-json\/wp\/v2\/users\/1827"}],"replies":[{"embeddable":true,"href":"https:\/\/blog.edu.turku.fi\/monikulttuurinenopetus\/wp-json\/wp\/v2\/comments?post=79"}],"version-history":[{"count":32,"href":"https:\/\/blog.edu.turku.fi\/monikulttuurinenopetus\/wp-json\/wp\/v2\/pages\/79\/revisions"}],"predecessor-version":[{"id":2036,"href":"https:\/\/blog.edu.turku.fi\/monikulttuurinenopetus\/wp-json\/wp\/v2\/pages\/79\/revisions\/2036"}],"wp:attachment":[{"href":"https:\/\/blog.edu.turku.fi\/monikulttuurinenopetus\/wp-json\/wp\/v2\/media?parent=79"}],"curies":[{"name":"wp","href":"https:\/\/api.w.org\/{rel}","templated":true}]}}