{"id":782,"date":"2017-11-22T15:26:56","date_gmt":"2017-11-22T13:26:56","guid":{"rendered":"https:\/\/blog.edu.turku.fi\/monikulttuurinenopetus\/?page_id=782"},"modified":"2023-06-21T14:56:57","modified_gmt":"2023-06-21T11:56:57","slug":"usein-kysyttya-suomi-toisena-kielena-ja-kirjallisuus-oppimaarasta","status":"publish","type":"page","link":"https:\/\/blog.edu.turku.fi\/monikulttuurinenopetus\/usein-kysyttya-suomi-toisena-kielena-ja-kirjallisuus-oppimaarasta\/","title":{"rendered":"Usein kysytty\u00e4 suomi toisena kielen\u00e4 ja kirjallisuus -oppim\u00e4\u00e4r\u00e4st\u00e4"},"content":{"rendered":"<p>OPH:n julkaisema Suomi toisena kielen\u00e4 ja kirjallisuus -esite (2019) on ladattavissa <a href=\"https:\/\/www.oph.fi\/sites\/default\/files\/documents\/oph_suomi_toisena_kielena_esite_210x210_verkko.pdf\">t\u00e4\u00e4lt\u00e4<\/a><\/p>\n<p>Tutustu Suomi toisena kielen\u00e4 ja kirjallisuus -oppim\u00e4\u00e4r\u00e4n tukimateriaaleihin <a href=\"https:\/\/www.oph.fi\/fi\/koulutus-ja-tutkinnot\/suomi-toisena-kielena-ja-kirjallisuus\">t\u00e4\u00e4lt\u00e4<\/a><\/p>\n<p>Opetushallitus on koonnut listan usein kysytyist\u00e4 kysymyksist\u00e4 perusopetuksen suomi toisena kielen\u00e4 ja kirjallisuus -oppim\u00e4\u00e4r\u00e4st\u00e4. Lista l\u00f6ytyy <a href=\"https:\/\/www.oph.fi\/fi\/usein-kysyttya?keyword=s2&amp;sector%5BPerusopetus%5D=Perusopetus\">t\u00e4\u00e4lt\u00e4<\/a>:<\/p>\n","protected":false},"excerpt":{"rendered":"<p>OPH:n julkaisema Suomi toisena kielen\u00e4 ja kirjallisuus -esite (2019) on ladattavissa t\u00e4\u00e4lt\u00e4 Tutustu Suomi toisena kielen\u00e4 ja kirjallisuus -oppim\u00e4\u00e4r\u00e4n tukimateriaaleihin t\u00e4\u00e4lt\u00e4 Opetushallitus on koonnut listan usein kysytyist\u00e4 kysymyksist\u00e4 perusopetuksen suomi toisena kielen\u00e4 ja kirjallisuus -oppim\u00e4\u00e4r\u00e4st\u00e4. Lista l\u00f6ytyy t\u00e4\u00e4lt\u00e4:<\/p>\n","protected":false},"author":1827,"featured_media":0,"parent":0,"menu_order":0,"comment_status":"closed","ping_status":"closed","template":"","meta":{"footnotes":""},"class_list":["post-782","page","type-page","status-publish","hentry"],"_links":{"self":[{"href":"https:\/\/blog.edu.turku.fi\/monikulttuurinenopetus\/wp-json\/wp\/v2\/pages\/782","targetHints":{"allow":["GET"]}}],"collection":[{"href":"https:\/\/blog.edu.turku.fi\/monikulttuurinenopetus\/wp-json\/wp\/v2\/pages"}],"about":[{"href":"https:\/\/blog.edu.turku.fi\/monikulttuurinenopetus\/wp-json\/wp\/v2\/types\/page"}],"author":[{"embeddable":true,"href":"https:\/\/blog.edu.turku.fi\/monikulttuurinenopetus\/wp-json\/wp\/v2\/users\/1827"}],"replies":[{"embeddable":true,"href":"https:\/\/blog.edu.turku.fi\/monikulttuurinenopetus\/wp-json\/wp\/v2\/comments?post=782"}],"version-history":[{"count":5,"href":"https:\/\/blog.edu.turku.fi\/monikulttuurinenopetus\/wp-json\/wp\/v2\/pages\/782\/revisions"}],"predecessor-version":[{"id":1684,"href":"https:\/\/blog.edu.turku.fi\/monikulttuurinenopetus\/wp-json\/wp\/v2\/pages\/782\/revisions\/1684"}],"wp:attachment":[{"href":"https:\/\/blog.edu.turku.fi\/monikulttuurinenopetus\/wp-json\/wp\/v2\/media?parent=782"}],"curies":[{"name":"wp","href":"https:\/\/api.w.org\/{rel}","templated":true}]}}