{"id":698,"date":"2017-08-04T15:15:23","date_gmt":"2017-08-04T12:15:23","guid":{"rendered":"https:\/\/blog.edu.turku.fi\/monikulttuurinenopetus\/?page_id=698"},"modified":"2023-08-14T12:20:50","modified_gmt":"2023-08-14T09:20:50","slug":"kielitietoisuus","status":"publish","type":"page","link":"https:\/\/blog.edu.turku.fi\/monikulttuurinenopetus\/kielitietoisuus\/","title":{"rendered":"Kielitietoisuus"},"content":{"rendered":"<p>Kielitietoisuus on eri oppiaineiden (tiedonalojen) kielen ja k\u00e4sitteiden hallintaa ja kuuluu jokaisen oppilaitoksen toimintakulttuuriin.<\/p>\n<p><a href=\"https:\/\/youtu.be\/4byNNmgQVls\" target=\"_blank\" rel=\"noopener\">Mit\u00e4 on kielitietoisuus?\u00a0<\/a> Turkulaiset opettajat kertovat videolla arjen kokemuksensa kautta, miten kielitietoista opetustapaa voi helposti l\u00e4hesty\u00e4. Kielitietoisuus on meid\u00e4n kaikkien yhteinen asia. Pidet\u00e4\u00e4n kaikki oppilaat mukana!<\/p>\n<p>Alasivuilta l\u00f6yd\u00e4t lis\u00e4\u00e4 tietoa kielitietoisesta opetuksesta.<\/p>\n","protected":false},"excerpt":{"rendered":"<p>Kielitietoisuus on eri oppiaineiden (tiedonalojen) kielen ja k\u00e4sitteiden hallintaa ja kuuluu jokaisen oppilaitoksen toimintakulttuuriin. Mit\u00e4 on kielitietoisuus?\u00a0 Turkulaiset opettajat kertovat videolla arjen kokemuksensa kautta, miten kielitietoista opetustapaa voi helposti l\u00e4hesty\u00e4. Kielitietoisuus on meid\u00e4n kaikkien yhteinen asia. Pidet\u00e4\u00e4n kaikki oppilaat mukana! Alasivuilta l\u00f6yd\u00e4t lis\u00e4\u00e4 tietoa kielitietoisesta opetuksesta.<\/p>\n","protected":false},"author":1827,"featured_media":0,"parent":0,"menu_order":0,"comment_status":"closed","ping_status":"closed","template":"","meta":{"footnotes":""},"class_list":["post-698","page","type-page","status-publish","hentry"],"_links":{"self":[{"href":"https:\/\/blog.edu.turku.fi\/monikulttuurinenopetus\/wp-json\/wp\/v2\/pages\/698","targetHints":{"allow":["GET"]}}],"collection":[{"href":"https:\/\/blog.edu.turku.fi\/monikulttuurinenopetus\/wp-json\/wp\/v2\/pages"}],"about":[{"href":"https:\/\/blog.edu.turku.fi\/monikulttuurinenopetus\/wp-json\/wp\/v2\/types\/page"}],"author":[{"embeddable":true,"href":"https:\/\/blog.edu.turku.fi\/monikulttuurinenopetus\/wp-json\/wp\/v2\/users\/1827"}],"replies":[{"embeddable":true,"href":"https:\/\/blog.edu.turku.fi\/monikulttuurinenopetus\/wp-json\/wp\/v2\/comments?post=698"}],"version-history":[{"count":19,"href":"https:\/\/blog.edu.turku.fi\/monikulttuurinenopetus\/wp-json\/wp\/v2\/pages\/698\/revisions"}],"predecessor-version":[{"id":1882,"href":"https:\/\/blog.edu.turku.fi\/monikulttuurinenopetus\/wp-json\/wp\/v2\/pages\/698\/revisions\/1882"}],"wp:attachment":[{"href":"https:\/\/blog.edu.turku.fi\/monikulttuurinenopetus\/wp-json\/wp\/v2\/media?parent=698"}],"curies":[{"name":"wp","href":"https:\/\/api.w.org\/{rel}","templated":true}]}}