{"id":69,"date":"2016-06-08T15:29:07","date_gmt":"2016-06-08T12:29:07","guid":{"rendered":"https:\/\/blog.edu.turku.fi\/monikulttuurinenopetus\/?page_id=69"},"modified":"2023-06-22T12:17:45","modified_gmt":"2023-06-22T09:17:45","slug":"vieraskielisten-oppilaiden-tuettu-opetus-matu","status":"publish","type":"page","link":"https:\/\/blog.edu.turku.fi\/monikulttuurinenopetus\/vieraskielisten-oppilaiden-tuettu-opetus-matu\/","title":{"rendered":"Kielellisesti tuettu opetus (KIETU)"},"content":{"rendered":"<p>Kielellisesti tuettu opetus (KIETU) on\u00a0 eri oppiaineiden opetusta niille monikielisille oppilaille, jotka tarvitsevat tukea kehittyv\u00e4\u00e4n opiskelukieleens\u00e4 ja muihin opiskeluvalmiuksiinsa.<\/p>\n","protected":false},"excerpt":{"rendered":"<p>Kielellisesti tuettu opetus (KIETU) on\u00a0 eri oppiaineiden opetusta niille monikielisille oppilaille, jotka tarvitsevat tukea kehittyv\u00e4\u00e4n opiskelukieleens\u00e4 ja muihin opiskeluvalmiuksiinsa.<\/p>\n","protected":false},"author":1827,"featured_media":0,"parent":0,"menu_order":0,"comment_status":"closed","ping_status":"closed","template":"","meta":{"footnotes":""},"class_list":["post-69","page","type-page","status-publish","hentry"],"_links":{"self":[{"href":"https:\/\/blog.edu.turku.fi\/monikulttuurinenopetus\/wp-json\/wp\/v2\/pages\/69","targetHints":{"allow":["GET"]}}],"collection":[{"href":"https:\/\/blog.edu.turku.fi\/monikulttuurinenopetus\/wp-json\/wp\/v2\/pages"}],"about":[{"href":"https:\/\/blog.edu.turku.fi\/monikulttuurinenopetus\/wp-json\/wp\/v2\/types\/page"}],"author":[{"embeddable":true,"href":"https:\/\/blog.edu.turku.fi\/monikulttuurinenopetus\/wp-json\/wp\/v2\/users\/1827"}],"replies":[{"embeddable":true,"href":"https:\/\/blog.edu.turku.fi\/monikulttuurinenopetus\/wp-json\/wp\/v2\/comments?post=69"}],"version-history":[{"count":15,"href":"https:\/\/blog.edu.turku.fi\/monikulttuurinenopetus\/wp-json\/wp\/v2\/pages\/69\/revisions"}],"predecessor-version":[{"id":1874,"href":"https:\/\/blog.edu.turku.fi\/monikulttuurinenopetus\/wp-json\/wp\/v2\/pages\/69\/revisions\/1874"}],"wp:attachment":[{"href":"https:\/\/blog.edu.turku.fi\/monikulttuurinenopetus\/wp-json\/wp\/v2\/media?parent=69"}],"curies":[{"name":"wp","href":"https:\/\/api.w.org\/{rel}","templated":true}]}}