{"id":67,"date":"2016-06-08T15:28:51","date_gmt":"2016-06-08T12:28:51","guid":{"rendered":"https:\/\/blog.edu.turku.fi\/monikulttuurinenopetus\/?page_id=67"},"modified":"2024-06-10T10:54:31","modified_gmt":"2024-06-10T07:54:31","slug":"perusopetukseen-valmistava-opetus-valmo","status":"publish","type":"page","link":"https:\/\/blog.edu.turku.fi\/monikulttuurinenopetus\/perusopetukseen-valmistava-opetus-valmo\/","title":{"rendered":"Perusopetukseen valmistava opetus (VALMO)"},"content":{"rendered":"<p>Perusopetukseen valmistava opetus on tarkoitettu juuri Suomeen muuttaneille vieraskielisille oppilaille. VALMO antaa valmiuksia perusopetukseen siirtymiseen. Oppilas opiskelee suomea sek\u00e4 muita koulussa tarvittavia taitoja.<\/p>\n<p>Opetus on ensisijaisesti ryhm\u00e4muotoista opetusta. Ryhmi\u00e4 on eri kouluissa ja niiss\u00e4 opiskellaan keskim\u00e4\u00e4rin vuoden ajan ennen l\u00e4hikouluun siirtymist\u00e4.<\/p>\n<p>Monikulttuurisen opetuksen suunnittelija Tenna Kapyla ottaa vastaan uusien oppilaiden oppilasilmoitukset ja sijoittaa oppilaat ryhmiin. Yhteystiedot: etunimi.sukunimi@turku.fi, 044 907 4816<\/p>\n<p>VALMOn ohjaavana opettajana toimii oman opetusty\u00f6ns\u00e4 ohessa Pia Hiltunen, joka tarjoaa pedagogista ohjausta ja perehdytyst\u00e4 valmo-henkil\u00f6st\u00f6lle. Yhteystiedot: etunimi.sukunimi@edu.turku.fi, p. 044 907 5431)<\/p>\n","protected":false},"excerpt":{"rendered":"<p>Perusopetukseen valmistava opetus on tarkoitettu juuri Suomeen muuttaneille vieraskielisille oppilaille. VALMO antaa valmiuksia perusopetukseen siirtymiseen. Oppilas opiskelee suomea sek\u00e4 muita koulussa tarvittavia taitoja. Opetus on ensisijaisesti ryhm\u00e4muotoista opetusta. Ryhmi\u00e4 on eri kouluissa ja niiss\u00e4 opiskellaan keskim\u00e4\u00e4rin vuoden ajan ennen l\u00e4hikouluun siirtymist\u00e4. Monikulttuurisen opetuksen suunnittelija Tenna Kapyla ottaa vastaan uusien oppilaiden oppilasilmoitukset ja sijoittaa oppilaat ryhmiin. &hellip; <a href=\"https:\/\/blog.edu.turku.fi\/monikulttuurinenopetus\/perusopetukseen-valmistava-opetus-valmo\/\" class=\"more-link\">Jatka lukemista<span class=\"screen-reader-text\"> &#8221;Perusopetukseen valmistava opetus (VALMO)&#8221;<\/span><\/a><\/p>\n","protected":false},"author":1827,"featured_media":0,"parent":0,"menu_order":0,"comment_status":"closed","ping_status":"closed","template":"","meta":{"footnotes":""},"class_list":["post-67","page","type-page","status-publish","hentry"],"_links":{"self":[{"href":"https:\/\/blog.edu.turku.fi\/monikulttuurinenopetus\/wp-json\/wp\/v2\/pages\/67","targetHints":{"allow":["GET"]}}],"collection":[{"href":"https:\/\/blog.edu.turku.fi\/monikulttuurinenopetus\/wp-json\/wp\/v2\/pages"}],"about":[{"href":"https:\/\/blog.edu.turku.fi\/monikulttuurinenopetus\/wp-json\/wp\/v2\/types\/page"}],"author":[{"embeddable":true,"href":"https:\/\/blog.edu.turku.fi\/monikulttuurinenopetus\/wp-json\/wp\/v2\/users\/1827"}],"replies":[{"embeddable":true,"href":"https:\/\/blog.edu.turku.fi\/monikulttuurinenopetus\/wp-json\/wp\/v2\/comments?post=67"}],"version-history":[{"count":6,"href":"https:\/\/blog.edu.turku.fi\/monikulttuurinenopetus\/wp-json\/wp\/v2\/pages\/67\/revisions"}],"predecessor-version":[{"id":2084,"href":"https:\/\/blog.edu.turku.fi\/monikulttuurinenopetus\/wp-json\/wp\/v2\/pages\/67\/revisions\/2084"}],"wp:attachment":[{"href":"https:\/\/blog.edu.turku.fi\/monikulttuurinenopetus\/wp-json\/wp\/v2\/media?parent=67"}],"curies":[{"name":"wp","href":"https:\/\/api.w.org\/{rel}","templated":true}]}}