{"id":65,"date":"2016-06-08T15:28:28","date_gmt":"2016-06-08T12:28:28","guid":{"rendered":"https:\/\/blog.edu.turku.fi\/monikulttuurinenopetus\/?page_id=65"},"modified":"2024-06-05T16:13:54","modified_gmt":"2024-06-05T13:13:54","slug":"suomi-toisena-kielena-ja-kirjallisuus-s2-2","status":"publish","type":"page","link":"https:\/\/blog.edu.turku.fi\/monikulttuurinenopetus\/suomi-toisena-kielena-ja-kirjallisuus-s2-2\/","title":{"rendered":"Suomi toisena kielen\u00e4 ja kirjallisuus (S2)"},"content":{"rendered":"<p>Kun oppilas, jonka \u00e4idinkieli ei ole suomi tai ruotsi, aloittaa perusopetuksen, h\u00e4nelle voidaan valita suomi toisena kielen\u00e4 ja kirjallisuus &#8211; tai ruotsi toisena kielen\u00e4 ja kirjallisuus -oppim\u00e4\u00e4r\u00e4.\u00a0 Suomi\/ruotsi toisena kielen\u00e4 ja kirjallisuus -oppim\u00e4\u00e4r\u00e4n erityisen\u00e4 teht\u00e4v\u00e4n\u00e4 on tukea oppilaan monikielisyyden kehittymist\u00e4 sek\u00e4 her\u00e4tt\u00e4\u00e4 kiinnostus ja tarjota v\u00e4lineit\u00e4 kielitaidon elinik\u00e4iseen kehitt\u00e4miseen.<\/p>\n<p>Opetusta voidaan antaa my\u00f6s yhdess\u00e4 \u00e4idinkielen\u00e4\u00e4n suomea tai ruotsia opiskelevien kanssa.<\/p>\n","protected":false},"excerpt":{"rendered":"<p>Kun oppilas, jonka \u00e4idinkieli ei ole suomi tai ruotsi, aloittaa perusopetuksen, h\u00e4nelle voidaan valita suomi toisena kielen\u00e4 ja kirjallisuus &#8211; tai ruotsi toisena kielen\u00e4 ja kirjallisuus -oppim\u00e4\u00e4r\u00e4.\u00a0 Suomi\/ruotsi toisena kielen\u00e4 ja kirjallisuus -oppim\u00e4\u00e4r\u00e4n erityisen\u00e4 teht\u00e4v\u00e4n\u00e4 on tukea oppilaan monikielisyyden kehittymist\u00e4 sek\u00e4 her\u00e4tt\u00e4\u00e4 kiinnostus ja tarjota v\u00e4lineit\u00e4 kielitaidon elinik\u00e4iseen kehitt\u00e4miseen. Opetusta voidaan antaa my\u00f6s yhdess\u00e4 \u00e4idinkielen\u00e4\u00e4n &hellip; <a href=\"https:\/\/blog.edu.turku.fi\/monikulttuurinenopetus\/suomi-toisena-kielena-ja-kirjallisuus-s2-2\/\" class=\"more-link\">Jatka lukemista<span class=\"screen-reader-text\"> &#8221;Suomi toisena kielen\u00e4 ja kirjallisuus (S2)&#8221;<\/span><\/a><\/p>\n","protected":false},"author":1827,"featured_media":0,"parent":0,"menu_order":0,"comment_status":"closed","ping_status":"closed","template":"","meta":{"footnotes":""},"class_list":["post-65","page","type-page","status-publish","hentry"],"_links":{"self":[{"href":"https:\/\/blog.edu.turku.fi\/monikulttuurinenopetus\/wp-json\/wp\/v2\/pages\/65","targetHints":{"allow":["GET"]}}],"collection":[{"href":"https:\/\/blog.edu.turku.fi\/monikulttuurinenopetus\/wp-json\/wp\/v2\/pages"}],"about":[{"href":"https:\/\/blog.edu.turku.fi\/monikulttuurinenopetus\/wp-json\/wp\/v2\/types\/page"}],"author":[{"embeddable":true,"href":"https:\/\/blog.edu.turku.fi\/monikulttuurinenopetus\/wp-json\/wp\/v2\/users\/1827"}],"replies":[{"embeddable":true,"href":"https:\/\/blog.edu.turku.fi\/monikulttuurinenopetus\/wp-json\/wp\/v2\/comments?post=65"}],"version-history":[{"count":12,"href":"https:\/\/blog.edu.turku.fi\/monikulttuurinenopetus\/wp-json\/wp\/v2\/pages\/65\/revisions"}],"predecessor-version":[{"id":2082,"href":"https:\/\/blog.edu.turku.fi\/monikulttuurinenopetus\/wp-json\/wp\/v2\/pages\/65\/revisions\/2082"}],"wp:attachment":[{"href":"https:\/\/blog.edu.turku.fi\/monikulttuurinenopetus\/wp-json\/wp\/v2\/media?parent=65"}],"curies":[{"name":"wp","href":"https:\/\/api.w.org\/{rel}","templated":true}]}}