{"id":63,"date":"2016-06-08T15:26:35","date_gmt":"2016-06-08T12:26:35","guid":{"rendered":"https:\/\/blog.edu.turku.fi\/monikulttuurinenopetus\/?page_id=63"},"modified":"2022-07-11T15:51:42","modified_gmt":"2022-07-11T12:51:42","slug":"omakielinen-opetus-omo-2","status":"publish","type":"page","link":"https:\/\/blog.edu.turku.fi\/monikulttuurinenopetus\/omakielinen-opetus-omo-2\/","title":{"rendered":"Omakielinen opetus (OMO) ja omakielinen koulunk\u00e4ynninohjaus (OMA)"},"content":{"rendered":"<p>Omakielinen opetus on perusopetuksen oppiaineiden opetusta oppilaan omalla \u00e4idinkielell\u00e4. OMO\u00a0tukee\u00a0oppilaan oppimisvalmiuksia. Opetuksen suunnittelu, toteutus ja arviointi toteutetaan yhteisty\u00f6ss\u00e4 OMO-opettajan ja luokan- tai aineenopettajan kesken.<\/p>\n<p>Omakielinen koulunk\u00e4ynninohjaus on monikielisen oppilaan tukemista h\u00e4nen omalla \u00e4idinkielell\u00e4\u00e4n.<\/p>\n","protected":false},"excerpt":{"rendered":"<p>Omakielinen opetus on perusopetuksen oppiaineiden opetusta oppilaan omalla \u00e4idinkielell\u00e4. OMO\u00a0tukee\u00a0oppilaan oppimisvalmiuksia. Opetuksen suunnittelu, toteutus ja arviointi toteutetaan yhteisty\u00f6ss\u00e4 OMO-opettajan ja luokan- tai aineenopettajan kesken. Omakielinen koulunk\u00e4ynninohjaus on monikielisen oppilaan tukemista h\u00e4nen omalla \u00e4idinkielell\u00e4\u00e4n.<\/p>\n","protected":false},"author":1827,"featured_media":0,"parent":0,"menu_order":0,"comment_status":"closed","ping_status":"closed","template":"","meta":{"footnotes":""},"class_list":["post-63","page","type-page","status-publish","hentry"],"_links":{"self":[{"href":"https:\/\/blog.edu.turku.fi\/monikulttuurinenopetus\/wp-json\/wp\/v2\/pages\/63","targetHints":{"allow":["GET"]}}],"collection":[{"href":"https:\/\/blog.edu.turku.fi\/monikulttuurinenopetus\/wp-json\/wp\/v2\/pages"}],"about":[{"href":"https:\/\/blog.edu.turku.fi\/monikulttuurinenopetus\/wp-json\/wp\/v2\/types\/page"}],"author":[{"embeddable":true,"href":"https:\/\/blog.edu.turku.fi\/monikulttuurinenopetus\/wp-json\/wp\/v2\/users\/1827"}],"replies":[{"embeddable":true,"href":"https:\/\/blog.edu.turku.fi\/monikulttuurinenopetus\/wp-json\/wp\/v2\/comments?post=63"}],"version-history":[{"count":6,"href":"https:\/\/blog.edu.turku.fi\/monikulttuurinenopetus\/wp-json\/wp\/v2\/pages\/63\/revisions"}],"predecessor-version":[{"id":1433,"href":"https:\/\/blog.edu.turku.fi\/monikulttuurinenopetus\/wp-json\/wp\/v2\/pages\/63\/revisions\/1433"}],"wp:attachment":[{"href":"https:\/\/blog.edu.turku.fi\/monikulttuurinenopetus\/wp-json\/wp\/v2\/media?parent=63"}],"curies":[{"name":"wp","href":"https:\/\/api.w.org\/{rel}","templated":true}]}}