{"id":625,"date":"2017-05-08T14:28:51","date_gmt":"2017-05-08T11:28:51","guid":{"rendered":"https:\/\/blog.edu.turku.fi\/monikulttuurinenopetus\/?page_id=625"},"modified":"2025-07-02T09:44:16","modified_gmt":"2025-07-02T06:44:16","slug":"arviointi","status":"publish","type":"page","link":"https:\/\/blog.edu.turku.fi\/monikulttuurinenopetus\/arviointi\/","title":{"rendered":"Wilma ja arviointi"},"content":{"rendered":"<p><strong>WILMA:<\/strong><\/p>\n<p>Kaikkien MAI-opettajien tulee k\u00e4ytt\u00e4\u00e4 Wilmaa s\u00e4\u00e4nn\u00f6llisesti. Oppilaiden poissaolot merkit\u00e4\u00e4n aina Wilmaan ja sen lis\u00e4ksi Wilmassa voi k\u00e4ytt\u00e4\u00e4 positiivisia merkint\u00f6j\u00e4 ja unohdusmerkint\u00f6j\u00e4.<\/p>\n<p>Ohjeet tuntimerkint\u00f6jen tekemiseen\u00a0n\u00e4et t\u00e4\u00e4lt\u00e4: <a href=\"https:\/\/blog.edu.turku.fi\/monikulttuurinenopetus\/files\/2017\/05\/Wilman-k\u00e4ytt\u00f6-MAI_ohjeet.pdf\">Wilman k\u00e4ytt\u00f6 MAI_ohjeet<\/a><\/p>\n<p><strong>ARVIOINTI:<\/strong><\/p>\n<p>Kaikkien Turun kaupungin koulujen oppilaiden arviointi tehd\u00e4\u00e4n Wilmassa. Opettajat ovat saaneet arviointiin ohjeet suunnittelijalta.<\/p>\n<p><strong>Wilma-arvioinnit tehd\u00e4\u00e4n lukuvuoden lopussa, noin toukokuun puoliv\u00e4liss\u00e4. Aikataulusta ilmoitetaan tarkemmin kev\u00e4isin.<\/strong><\/p>\n<p>Kun MAI-opettaja on tehnyt ja toimeenpannut arvioinnin, koulusihteeri tulostaa MAI-todistuksen ja oppilas saa MAI-todistuksen lukuvuositodistuksensa liitteen\u00e4 lukuvuoden viimeisen\u00e4 p\u00e4iv\u00e4n\u00e4.<\/p>\n<p>&nbsp;<\/p>\n<p><strong>Jos sinulla on oppilas, joka ei ole Wilmassa eli ei opiskele Turun kaupungin kouluissa vaan Norssissa, Steiner-koulussa, muiden kuntien kouluissa, esikoulussa tai toisella asteella:<\/strong><\/p>\n<ol>\n<li>Oppilaalle annetaan arviointi erillisell\u00e4 todistuksella. Todistuspohjat ovat alla.<\/li>\n<li>Valitse oppilaalle oikea todistuspohja: 2., 6., ja 9. luokan oppilaille sanallinen todistuspohja. Kaikille muille osallistumistodistuspohja. Jos oppilas on ruotsinkielisess\u00e4 koulussa valitse h\u00e4nelle ruotsinkielinen todistuspohja.<\/li>\n<li>Tallenna todistuspohja koneellesi ja t\u00e4yt\u00e4 arviointi.<\/li>\n<li>Tulosta todistus kahtena kappaleena ja allekirjoita ne.<\/li>\n<li>Anna oppilaalle kev\u00e4\u00e4n viimeisen\u00e4 MAI-kertana todistus. S\u00e4ilyt\u00e4 toinen kappale itsell\u00e4si.<\/li>\n<\/ol>\n<p><strong>Todistuspohjat:<\/strong><\/p>\n<p>2. vuosiluokan oppilaan todistus:<a href=\"https:\/\/blog.edu.turku.fi\/monikulttuurinenopetus\/files\/2024\/04\/LIITE-TODISTUKSEEN-2.lk-2024.pdf\">LIITE TODISTUKSEEN 2.lk<\/a><\/p>\n<p>6. vuosiluokan oppilaan todistus: <a href=\"https:\/\/blog.edu.turku.fi\/monikulttuurinenopetus\/files\/2024\/04\/LIITE-TODISTUKSEEN-6.lk-2024.pdf\">LIITE TODISTUKSEEN 6.lk<\/a><\/p>\n<p>9. vuosiluokan oppilaan todistus:<a href=\"https:\/\/blog.edu.turku.fi\/monikulttuurinenopetus\/files\/2024\/04\/LIITE-TODISTUKSEEN-9.lk-2024.pdf\">LIITE TODISTUKSEEN 9.lk<\/a><\/p>\n<p>Osallistusmistodistus (muiden luokkien oppilaat): <a href=\"https:\/\/blog.edu.turku.fi\/monikulttuurinenopetus\/files\/2024\/04\/LIITE-TODISTUKSEEN-2024.pdf\">LIITE TODISTUKSEEN<\/a><\/p>\n<p>2. vuosiluokan oppilaan todistus, ruotsinkieliset oppilaat: <a href=\"https:\/\/blog.edu.turku.fi\/monikulttuurinenopetus\/files\/2017\/05\/bilaga-verbal-2.\u00e5k.pdf\">bilaga verbal 2.\u00e5k<\/a><\/p>\n<p>6. vuosiluokan oppilaan todistus, ruotsinkieliset oppilaat: <a href=\"https:\/\/blog.edu.turku.fi\/monikulttuurinenopetus\/files\/2017\/05\/bilaga-verbal-6.\u00e5k.pdf\">bilaga verbal 6.\u00e5k<\/a><\/p>\n<p>9. vuosiluokan oppilaan todistus, ruotsinkieliset oppilaat: <a href=\"https:\/\/blog.edu.turku.fi\/monikulttuurinenopetus\/files\/2017\/05\/bilaga-verbal-9.\u00e5k.pdf\">bilaga verbal 9.\u00e5k<\/a><\/p>\n<p>Osallistusmistodistus, ruotsinkieliset oppilaat\u00a0(muiden luokkien oppilaat):<a href=\"https:\/\/blog.edu.turku.fi\/monikulttuurinenopetus\/files\/2019\/05\/INTYG-\u00d6VER-DELTAGANDE.pdf\" target=\"_blank\" rel=\"noopener noreferrer\">intyg \u00f6ver deltagande<\/a><\/p>\n<p>&nbsp;<\/p>\n<p><strong>HUOM! Ennen arviointia lue huolellisesti l\u00e4pi arviointiohjeet opetussuunnitelmasta:<\/strong><\/p>\n<ul>\n<li>Yleist\u00e4 arvioinnista Turun kaupungin perusopetuksen opetussuunnitelma, luku 6 (s. 61 alk.): <a href=\"https:\/\/blog.edu.turku.fi\/ops2016\">https:\/\/blog.edu.turku.fi\/ops2016<\/a><\/li>\n<li>MAI-opetuksen arviointi: <a href=\"https:\/\/blog.edu.turku.fi\/monikulttuurinenopetus\/oman-aidinkielen-opetuksen-opetussuunnitelma-perusopetuksen-opetussuunnitelman-perusteissa\/\">https:\/\/blog.edu.turku.fi\/monikulttuurinenopetus\/oman-aidinkielen-opetuksen-opetussuunnitelma-perusopetuksen-opetussuunnitelman-perusteissa\/<\/a><\/li>\n<\/ul>\n","protected":false},"excerpt":{"rendered":"<p>WILMA: Kaikkien MAI-opettajien tulee k\u00e4ytt\u00e4\u00e4 Wilmaa s\u00e4\u00e4nn\u00f6llisesti. Oppilaiden poissaolot merkit\u00e4\u00e4n aina Wilmaan ja sen lis\u00e4ksi Wilmassa voi k\u00e4ytt\u00e4\u00e4 positiivisia merkint\u00f6j\u00e4 ja unohdusmerkint\u00f6j\u00e4. Ohjeet tuntimerkint\u00f6jen tekemiseen\u00a0n\u00e4et t\u00e4\u00e4lt\u00e4: Wilman k\u00e4ytt\u00f6 MAI_ohjeet ARVIOINTI: Kaikkien Turun kaupungin koulujen oppilaiden arviointi tehd\u00e4\u00e4n Wilmassa. Opettajat ovat saaneet arviointiin ohjeet suunnittelijalta. Wilma-arvioinnit tehd\u00e4\u00e4n lukuvuoden lopussa, noin toukokuun puoliv\u00e4liss\u00e4. Aikataulusta ilmoitetaan tarkemmin kev\u00e4isin. &hellip; <a href=\"https:\/\/blog.edu.turku.fi\/monikulttuurinenopetus\/arviointi\/\" class=\"more-link\">Jatka lukemista<span class=\"screen-reader-text\"> &#8221;Wilma ja arviointi&#8221;<\/span><\/a><\/p>\n","protected":false},"author":1827,"featured_media":0,"parent":0,"menu_order":0,"comment_status":"closed","ping_status":"closed","template":"","meta":{"footnotes":""},"class_list":["post-625","page","type-page","status-publish","hentry"],"_links":{"self":[{"href":"https:\/\/blog.edu.turku.fi\/monikulttuurinenopetus\/wp-json\/wp\/v2\/pages\/625","targetHints":{"allow":["GET"]}}],"collection":[{"href":"https:\/\/blog.edu.turku.fi\/monikulttuurinenopetus\/wp-json\/wp\/v2\/pages"}],"about":[{"href":"https:\/\/blog.edu.turku.fi\/monikulttuurinenopetus\/wp-json\/wp\/v2\/types\/page"}],"author":[{"embeddable":true,"href":"https:\/\/blog.edu.turku.fi\/monikulttuurinenopetus\/wp-json\/wp\/v2\/users\/1827"}],"replies":[{"embeddable":true,"href":"https:\/\/blog.edu.turku.fi\/monikulttuurinenopetus\/wp-json\/wp\/v2\/comments?post=625"}],"version-history":[{"count":17,"href":"https:\/\/blog.edu.turku.fi\/monikulttuurinenopetus\/wp-json\/wp\/v2\/pages\/625\/revisions"}],"predecessor-version":[{"id":2212,"href":"https:\/\/blog.edu.turku.fi\/monikulttuurinenopetus\/wp-json\/wp\/v2\/pages\/625\/revisions\/2212"}],"wp:attachment":[{"href":"https:\/\/blog.edu.turku.fi\/monikulttuurinenopetus\/wp-json\/wp\/v2\/media?parent=625"}],"curies":[{"name":"wp","href":"https:\/\/api.w.org\/{rel}","templated":true}]}}