{"id":595,"date":"2017-03-13T13:39:10","date_gmt":"2017-03-13T11:39:10","guid":{"rendered":"https:\/\/blog.edu.turku.fi\/monikulttuurinenopetus\/?page_id=595"},"modified":"2023-06-22T11:01:03","modified_gmt":"2023-06-22T08:01:03","slug":"erikieliset-posterit-koulujen-kayttoon","status":"publish","type":"page","link":"https:\/\/blog.edu.turku.fi\/monikulttuurinenopetus\/erikieliset-posterit-koulujen-kayttoon\/","title":{"rendered":"Tietoa eri kielist\u00e4 ja kulttuureista postereina"},"content":{"rendered":"<p>T\u00e4lt\u00e4 sivulta l\u00f6yd\u00e4t 16 eri kielist\u00e4 posteria sek\u00e4 suomenkielisen &#8221;Tervetuloa&#8221;-posterin. Postereihin on koottu joitakin kyseisen kielen tai kulttuurin keskeisimpi\u00e4 piirteit\u00e4. Posterit ovat Turun kaupungin peruskoulujen vapaassa k\u00e4yt\u00f6ss\u00e4.<\/p>\n<p>Postereita voi my\u00f6s lainata monikulttuurisen opetuksen\u00a0suunnittelijalta.<\/p>\n<p><a href=\"https:\/\/blog.edu.turku.fi\/monikulttuurinenopetus\/files\/2017\/03\/albania.pdf\">Albania<\/a><\/p>\n<p><a href=\"https:\/\/blog.edu.turku.fi\/monikulttuurinenopetus\/files\/2017\/03\/arabia.pdf\">Arabia<\/a><\/p>\n<p><a href=\"https:\/\/blog.edu.turku.fi\/monikulttuurinenopetus\/files\/2017\/03\/bosnia.pdf\">Bosnia<\/a><\/p>\n<p><a href=\"https:\/\/blog.edu.turku.fi\/monikulttuurinenopetus\/files\/2017\/03\/Bulgaria.pdf\">Bulgaria<\/a><\/p>\n<p><a href=\"https:\/\/blog.edu.turku.fi\/monikulttuurinenopetus\/files\/2017\/03\/english_poster.pdf\">Englanti<\/a><\/p>\n<p><a href=\"https:\/\/blog.edu.turku.fi\/monikulttuurinenopetus\/files\/2017\/03\/kurdi.pdf\">Kurdi<\/a><\/p>\n<p><a href=\"https:\/\/blog.edu.turku.fi\/monikulttuurinenopetus\/files\/2017\/03\/Liettua.pdf\">Liettua<\/a><\/p>\n<p><a href=\"https:\/\/blog.edu.turku.fi\/monikulttuurinenopetus\/files\/2017\/03\/poster_farsi.pdf\">Persia\/farsi<\/a><\/p>\n<p><a href=\"https:\/\/blog.edu.turku.fi\/monikulttuurinenopetus\/files\/2017\/03\/deutsch.pdf\">Saksa<\/a><\/p>\n<p><a href=\"https:\/\/blog.edu.turku.fi\/monikulttuurinenopetus\/files\/2017\/03\/somali.pdf\">Somali<\/a><\/p>\n<p><a href=\"https:\/\/blog.edu.turku.fi\/monikulttuurinenopetus\/files\/2017\/03\/turkey.pdf\">Turkki<\/a><\/p>\n<p><a href=\"https:\/\/blog.edu.turku.fi\/monikulttuurinenopetus\/files\/2017\/03\/unkari.pdf\">Unkari<\/a><\/p>\n<p><a href=\"https:\/\/blog.edu.turku.fi\/monikulttuurinenopetus\/files\/2017\/03\/POSTERI_ven\u00e4j\u00e4.pdf\">Ven\u00e4j\u00e4<\/a><\/p>\n<p><a href=\"https:\/\/blog.edu.turku.fi\/monikulttuurinenopetus\/files\/2017\/03\/vietnam.pdf\">Vietnam<\/a><\/p>\n<p><a href=\"https:\/\/blog.edu.turku.fi\/monikulttuurinenopetus\/files\/2017\/03\/viron_posteri.pdf\">Viro<\/a><\/p>\n<p>Espanjan posteri on tiedostokooltaan liian suuri, joten sit\u00e4 ei voitu liitt\u00e4\u00e4 t\u00e4nne. Sen voi ladata <a href=\"http:\/\/mai.moped.fi\/posterit\/espanol.pdf\">t\u00e4\u00e4lt\u00e4<\/a>.<\/p>\n<p><a href=\"https:\/\/blog.edu.turku.fi\/monikulttuurinenopetus\/files\/2017\/03\/mai-posteri_17.2.2017.pdf\">Tervetuloa-posteri<\/a>\u00a0(yleisposteri)<\/p>\n<p>&nbsp;<\/p>\n<p>&nbsp;<\/p>\n","protected":false},"excerpt":{"rendered":"<p>T\u00e4lt\u00e4 sivulta l\u00f6yd\u00e4t 16 eri kielist\u00e4 posteria sek\u00e4 suomenkielisen &#8221;Tervetuloa&#8221;-posterin. Postereihin on koottu joitakin kyseisen kielen tai kulttuurin keskeisimpi\u00e4 piirteit\u00e4. Posterit ovat Turun kaupungin peruskoulujen vapaassa k\u00e4yt\u00f6ss\u00e4. Postereita voi my\u00f6s lainata monikulttuurisen opetuksen\u00a0suunnittelijalta. Albania Arabia Bosnia Bulgaria Englanti Kurdi Liettua Persia\/farsi Saksa Somali Turkki Unkari Ven\u00e4j\u00e4 Vietnam Viro Espanjan posteri on tiedostokooltaan liian suuri, joten &hellip; <a href=\"https:\/\/blog.edu.turku.fi\/monikulttuurinenopetus\/erikieliset-posterit-koulujen-kayttoon\/\" class=\"more-link\">Jatka lukemista<span class=\"screen-reader-text\"> &#8221;Tietoa eri kielist\u00e4 ja kulttuureista postereina&#8221;<\/span><\/a><\/p>\n","protected":false},"author":1827,"featured_media":0,"parent":0,"menu_order":0,"comment_status":"closed","ping_status":"closed","template":"","meta":{"footnotes":""},"class_list":["post-595","page","type-page","status-publish","hentry"],"_links":{"self":[{"href":"https:\/\/blog.edu.turku.fi\/monikulttuurinenopetus\/wp-json\/wp\/v2\/pages\/595","targetHints":{"allow":["GET"]}}],"collection":[{"href":"https:\/\/blog.edu.turku.fi\/monikulttuurinenopetus\/wp-json\/wp\/v2\/pages"}],"about":[{"href":"https:\/\/blog.edu.turku.fi\/monikulttuurinenopetus\/wp-json\/wp\/v2\/types\/page"}],"author":[{"embeddable":true,"href":"https:\/\/blog.edu.turku.fi\/monikulttuurinenopetus\/wp-json\/wp\/v2\/users\/1827"}],"replies":[{"embeddable":true,"href":"https:\/\/blog.edu.turku.fi\/monikulttuurinenopetus\/wp-json\/wp\/v2\/comments?post=595"}],"version-history":[{"count":11,"href":"https:\/\/blog.edu.turku.fi\/monikulttuurinenopetus\/wp-json\/wp\/v2\/pages\/595\/revisions"}],"predecessor-version":[{"id":1796,"href":"https:\/\/blog.edu.turku.fi\/monikulttuurinenopetus\/wp-json\/wp\/v2\/pages\/595\/revisions\/1796"}],"wp:attachment":[{"href":"https:\/\/blog.edu.turku.fi\/monikulttuurinenopetus\/wp-json\/wp\/v2\/media?parent=595"}],"curies":[{"name":"wp","href":"https:\/\/api.w.org\/{rel}","templated":true}]}}