{"id":425,"date":"2016-08-19T15:38:38","date_gmt":"2016-08-19T12:38:38","guid":{"rendered":"https:\/\/blog.edu.turku.fi\/monikulttuurinenopetus\/?page_id=425"},"modified":"2016-10-24T13:06:26","modified_gmt":"2016-10-24T10:06:26","slug":"oman-aidinkielen-opetuksen-opetussuunnitelma-perusopetuksen-opetussuunnitelman-perusteissa","status":"publish","type":"page","link":"https:\/\/blog.edu.turku.fi\/monikulttuurinenopetus\/oman-aidinkielen-opetuksen-opetussuunnitelma-perusopetuksen-opetussuunnitelman-perusteissa\/","title":{"rendered":"Oman \u00e4idinkielen opetuksen opetussuunnitelma Perusopetuksen opetussuunnitelman perusteissa"},"content":{"rendered":"<p>1.8.2016 voimaan tulleissa perusopetuksen opetusuunnitelman perusteissa on liitteess\u00e4 3 m\u00e4\u00e4ritelty perusopetusta t\u00e4ydent\u00e4v\u00e4n oppilaan oman \u00e4idinkielen opetuksen tavoitteet, sis\u00e4ll\u00f6t ja oppilaan oppimisen arviointi. Turun paikallisessa opetussuunnitelmassa on lis\u00e4ksi\u00a0tehty joitakin tarkennuksia.\u00a0Jokaisen opettajan tulee noudattaa n\u00e4it\u00e4 ohjeita omassa opetuksessaan.<\/p>\n<p><a href=\"https:\/\/blog.edu.turku.fi\/monikulttuurinenopetus\/files\/2016\/08\/Turun-perusopetuksen-opetussuunnitelma-LIITE-3_Perusopetusta-t\u00e4ydent\u00e4v\u00e4n-oppilaan-oman-\u00e4idinkielen-opetuksen-tavoitteet-sis\u00e4ll\u00f6t-ja-oppilaan-oppimisen-arviointi.docx\">Turun perusopetuksen opetussuunnitelma, liite 3: Perusopetusta t\u00e4ydent\u00e4v\u00e4n oppilaan oman \u00e4idinkielen opetuksen tavoitteet sis\u00e4ll\u00f6t ja oppilaan oppimisen arviointi<\/a><\/p>\n","protected":false},"excerpt":{"rendered":"<p>1.8.2016 voimaan tulleissa perusopetuksen opetusuunnitelman perusteissa on liitteess\u00e4 3 m\u00e4\u00e4ritelty perusopetusta t\u00e4ydent\u00e4v\u00e4n oppilaan oman \u00e4idinkielen opetuksen tavoitteet, sis\u00e4ll\u00f6t ja oppilaan oppimisen arviointi. Turun paikallisessa opetussuunnitelmassa on lis\u00e4ksi\u00a0tehty joitakin tarkennuksia.\u00a0Jokaisen opettajan tulee noudattaa n\u00e4it\u00e4 ohjeita omassa opetuksessaan. Turun perusopetuksen opetussuunnitelma, liite 3: Perusopetusta t\u00e4ydent\u00e4v\u00e4n oppilaan oman \u00e4idinkielen opetuksen tavoitteet sis\u00e4ll\u00f6t ja oppilaan oppimisen arviointi<\/p>\n","protected":false},"author":1827,"featured_media":0,"parent":0,"menu_order":0,"comment_status":"closed","ping_status":"closed","template":"","meta":{"footnotes":""},"class_list":["post-425","page","type-page","status-publish","hentry"],"_links":{"self":[{"href":"https:\/\/blog.edu.turku.fi\/monikulttuurinenopetus\/wp-json\/wp\/v2\/pages\/425","targetHints":{"allow":["GET"]}}],"collection":[{"href":"https:\/\/blog.edu.turku.fi\/monikulttuurinenopetus\/wp-json\/wp\/v2\/pages"}],"about":[{"href":"https:\/\/blog.edu.turku.fi\/monikulttuurinenopetus\/wp-json\/wp\/v2\/types\/page"}],"author":[{"embeddable":true,"href":"https:\/\/blog.edu.turku.fi\/monikulttuurinenopetus\/wp-json\/wp\/v2\/users\/1827"}],"replies":[{"embeddable":true,"href":"https:\/\/blog.edu.turku.fi\/monikulttuurinenopetus\/wp-json\/wp\/v2\/comments?post=425"}],"version-history":[{"count":4,"href":"https:\/\/blog.edu.turku.fi\/monikulttuurinenopetus\/wp-json\/wp\/v2\/pages\/425\/revisions"}],"predecessor-version":[{"id":478,"href":"https:\/\/blog.edu.turku.fi\/monikulttuurinenopetus\/wp-json\/wp\/v2\/pages\/425\/revisions\/478"}],"wp:attachment":[{"href":"https:\/\/blog.edu.turku.fi\/monikulttuurinenopetus\/wp-json\/wp\/v2\/media?parent=425"}],"curies":[{"name":"wp","href":"https:\/\/api.w.org\/{rel}","templated":true}]}}