{"id":305,"date":"2016-06-16T10:02:42","date_gmt":"2016-06-16T07:02:42","guid":{"rendered":"https:\/\/blog.edu.turku.fi\/monikulttuurinenopetus\/?page_id=305"},"modified":"2026-03-25T19:50:40","modified_gmt":"2026-03-25T17:50:40","slug":"koulutusmateriaaleja-3","status":"publish","type":"page","link":"https:\/\/blog.edu.turku.fi\/monikulttuurinenopetus\/koulutusmateriaaleja-3\/","title":{"rendered":"Hy\u00f6dyllisi\u00e4 linkkej\u00e4 arkeen"},"content":{"rendered":"<p><strong>Kirjasto<\/strong> eri kielill\u00e4 -sivusto sis\u00e4lt\u00e4\u00e4 paljon vinkkej\u00e4 ja materiaalia: <a href=\"https:\/\/vaski.finna.fi\/Content\/kirjastoerikielilla\">Kirjasto eri kielill\u00e4 | Vaski-kirjastot (finna.fi). <\/a>Hyppy tarinoihin \u2013kirjanen on opas perheille yhteisi\u00e4 lukuhetki\u00e4 varten. Se tarjoaa vanhemmille ideoita siihen, miten voi tukea lasten kielellist\u00e4 kehittymist\u00e4. Kirjanen on saatavilla suomeksi, ruotsiksi, englanniksi, arabiaksi, ven\u00e4j\u00e4ksi ja kurdiksi. Linkki kirjaseen l\u00f6ytyy sivun alaosasta.<\/p>\n<p><strong>Turku tutuksi-opaskartat:\u00a0\u00a0<\/strong> Selkokieliset reitit l\u00f6ytyv\u00e4t t\u00e4m\u00e4n sivun alaosasta: <a href=\"https:\/\/www.turku.fi\/ulkoilu-ja-retkeily\/kulttuurikuntoilu\">Kulttuurikuntoilu | Turku.fi<\/a> Ne sopivat erityisen hyvin suomen kielt\u00e4 opetteleville, koska teksti on kirjoitettu selkokielell\u00e4<\/p>\n<p><strong>Kouluruokailu:<\/strong>\u00a0Maistuva koulun sivulta l\u00f6yd\u00e4t kuvallisia ohjeita kouluruokailusta ja koulun ruokarytmist\u00e4 eri \u00e4idinkielill\u00e4:\u00a0<a href=\"https:\/\/maistuvakoulu.fi\/maistuva-koulu-materiaalit\/muut-kielet\/\">Muut kielet &#8211; Maistuva koulu<\/a><\/p>\n<p><strong>Monikielisyys voimavarana<\/strong> <a href=\"https:\/\/www.oph.fi\/fi\/koulutus-ja-tutkinnot\/monikielisyydesta-ja-koulukielen-tukemisesta\">OPH:n sivulle<\/a><\/p>\n<p><a href=\"https:\/\/www.oph.fi\/fi\/teemat-ja-kehittaminen\/monikieliset-lukijat\">\u00a0Monikieliset lukijat | Opetushallitus <\/a>\u00a0Sivulle kootaan menetelmi\u00e4, materiaalia ja ideoita monikielisten lukijoiden tukemiseen Lukevassa koulussa.<\/p>\n<p><a href=\"https:\/\/www.oph.fi\/fi\/tilastot-ja-julkaisut\/julkaisut\/tasa-arvotyo-taitolaji\" target=\"_blank\" rel=\"noopener noreferrer\">Tasa-arvoty\u00f6 on taitolaji- Opas sukupuolten tasa-arvon edist\u00e4miseen perusopetuksessa <\/a>(Sis\u00e4lt\u00e4\u00e4 my\u00f6s osion valmistavasta opetuksesta)<\/p>\n<p><a href=\"https:\/\/sites.utu.fi\/minasta-ja-kielesta-kiinni\/hanke\/kielesta-koppi\/\">Kielest\u00e4 koppi<\/a> &#8211; Oppimateriaali kielitietoiseen perusopetukseen<\/p>\n<p><a href=\"https:\/\/sites.utu.fi\/minasta-ja-kielesta-kiinni\/hanke\/minasta-kiinni\/\">Min\u00e4st\u00e4 kiinni<\/a> &#8211; Perusopetuksen oppimateriaali moninaisista identiteeteist\u00e4<\/p>\n<p><a href=\"https:\/\/uskot.fi\/wp-content\/uploads\/2022\/04\/Uskontolukutaito-opas-VERKKO.pdf\">USKONTOLUKUTAITO<\/a> &#8211; Opas arjen kohtaamisiin (Tekij\u00e4: Uskontojen yhteisty\u00f6 Suomessa \u2013 USKOT-foorumi ry, 2022)<\/p>\n<p>Opetushallituksen verkkosivuilta l\u00f6ytyy monipuolisesti tukimateriaalia rasismin vastaiseen ty\u00f6h\u00f6n varhaiskasvatuksessa, kouluissa ja oppilaitoksissa: <a href=\"https:\/\/www.oph.fi\/fi\/uutiset\/2023\/opetushallituksen-verkkosivuilla-tukimateriaalia-rasismin-vastaiseen-tyohon\">Opetushallituksen verkkosivuilla tukimateriaalia rasismin vastaiseen ty\u00f6h\u00f6n | Opetushallitus<\/a><\/p>\n<p><a href=\"https:\/\/julkaisut.valtioneuvosto.fi\/bitstream\/handle\/10024\/165318\/OM_2023_34_SO.pdf?sequence=1&amp;isAllowed=y\">&#8221;Kukaan ei synny vihaamaan&#8221;<\/a> &#8211; Nuorten dialogit rasismista ja syrjinn\u00e4st\u00e4: Oikeusministeri\u00f6n vuonna 2023 julkaisema raportti, joka sis\u00e4lt\u00e4\u00e4 my\u00f6s toimenpide-ehdotuksia rasismin kitkemiseksi arjesta<\/p>\n<p>Turun yliopiston tuottamat KieliVertailu-paketit: <a href=\"https:\/\/sites.utu.fi\/kielivertailu\/tyovaline\/\">KieliVertailu-ty\u00f6v\u00e4line | KieliVertailu<\/a><\/p>\n<ul>\n<li style=\"list-style-type: none\">\n<ul>\n<li><strong>KieliVertailu-opas<\/strong>\u00a0sis\u00e4lt\u00e4\u00e4 yleistajuisen johdatuksen fonetiikkaan sek\u00e4 tietoa Suomessa yleisimmin puhuttavien kielten \u00e4\u00e4nnej\u00e4rjestelmist\u00e4. Oppaan avulla voit verrata kahden kielen, esimerkiksi suomen ja arabian, \u00e4\u00e4nnej\u00e4rjestelmi\u00e4 toisiinsa ja tarkastella, miten ne eroavat toisistaan. Oppaan \u00e4\u00e4nnekarttoihin tutustumalla voit ennakoida, mitk\u00e4 \u00e4\u00e4nteet tai \u00e4\u00e4nneyhdistelm\u00e4t ovat suomen kielen oppimisen kannalta monikieliselle lapselle hankalimpia. Oppaassa esitellyt 11 kielt\u00e4 ovat albania, arabia, kurdi (sorani), somali, mandariinikiina, thai, turkki, ven\u00e4j\u00e4, vietnam, viro ja ukraina.<\/li>\n<li><strong>Kielivertailu-harjoituspaketti\u00a0<\/strong>sis\u00e4lt\u00e4\u00e4 leikkej\u00e4 ja pelej\u00e4 suomen kielen \u00e4\u00e4nteiden harjoitteluun. Harjoitukset keskittyv\u00e4t niihin suomen kielen \u00e4\u00e4nteisiin ja \u00e4\u00e4nteellisiin piirteisiin, jotka todenn\u00e4k\u00f6isimmin vaativat eri kielten puhujilta harjoitusta. Harjoituspaketti sis\u00e4lt\u00e4\u00e4 ohjeet ja kaikki tarvittavat materiaalit sek\u00e4 kuvauksen kunkin harjoituksen tavoitteista. Harjoituskokonaisuuksia on yhteens\u00e4 12 kappaletta.<\/li>\n<li>Opetuskielen tukiopetus kielitietoisuuden jatkumolla, OPH:n tuottama videomateriaali: <a href=\"https:\/\/www.youtube.com\/watch?v=V0SPW6FuwMc\">Opetuskielen tukiopetus kielitietoisuuden jatkumolla<\/a><\/li>\n<\/ul>\n<\/li>\n<\/ul>\n<p align=\"LEFT\">\n","protected":false},"excerpt":{"rendered":"<p>Kirjasto eri kielill\u00e4 -sivusto sis\u00e4lt\u00e4\u00e4 paljon vinkkej\u00e4 ja materiaalia: Kirjasto eri kielill\u00e4 | Vaski-kirjastot (finna.fi). Hyppy tarinoihin \u2013kirjanen on opas perheille yhteisi\u00e4 lukuhetki\u00e4 varten. Se tarjoaa vanhemmille ideoita siihen, miten voi tukea lasten kielellist\u00e4 kehittymist\u00e4. Kirjanen on saatavilla suomeksi, ruotsiksi, englanniksi, arabiaksi, ven\u00e4j\u00e4ksi ja kurdiksi. Linkki kirjaseen l\u00f6ytyy sivun alaosasta. Turku tutuksi-opaskartat:\u00a0\u00a0 Selkokieliset reitit l\u00f6ytyv\u00e4t &hellip; <a href=\"https:\/\/blog.edu.turku.fi\/monikulttuurinenopetus\/koulutusmateriaaleja-3\/\" class=\"more-link\">Jatka lukemista<span class=\"screen-reader-text\"> &#8221;Hy\u00f6dyllisi\u00e4 linkkej\u00e4 arkeen&#8221;<\/span><\/a><\/p>\n","protected":false},"author":1827,"featured_media":0,"parent":0,"menu_order":0,"comment_status":"closed","ping_status":"closed","template":"","meta":{"footnotes":""},"class_list":["post-305","page","type-page","status-publish","hentry"],"_links":{"self":[{"href":"https:\/\/blog.edu.turku.fi\/monikulttuurinenopetus\/wp-json\/wp\/v2\/pages\/305","targetHints":{"allow":["GET"]}}],"collection":[{"href":"https:\/\/blog.edu.turku.fi\/monikulttuurinenopetus\/wp-json\/wp\/v2\/pages"}],"about":[{"href":"https:\/\/blog.edu.turku.fi\/monikulttuurinenopetus\/wp-json\/wp\/v2\/types\/page"}],"author":[{"embeddable":true,"href":"https:\/\/blog.edu.turku.fi\/monikulttuurinenopetus\/wp-json\/wp\/v2\/users\/1827"}],"replies":[{"embeddable":true,"href":"https:\/\/blog.edu.turku.fi\/monikulttuurinenopetus\/wp-json\/wp\/v2\/comments?post=305"}],"version-history":[{"count":106,"href":"https:\/\/blog.edu.turku.fi\/monikulttuurinenopetus\/wp-json\/wp\/v2\/pages\/305\/revisions"}],"predecessor-version":[{"id":2336,"href":"https:\/\/blog.edu.turku.fi\/monikulttuurinenopetus\/wp-json\/wp\/v2\/pages\/305\/revisions\/2336"}],"wp:attachment":[{"href":"https:\/\/blog.edu.turku.fi\/monikulttuurinenopetus\/wp-json\/wp\/v2\/media?parent=305"}],"curies":[{"name":"wp","href":"https:\/\/api.w.org\/{rel}","templated":true}]}}