{"id":271,"date":"2016-06-14T15:35:52","date_gmt":"2016-06-14T12:35:52","guid":{"rendered":"https:\/\/blog.edu.turku.fi\/monikulttuurinenopetus\/?page_id=271"},"modified":"2025-08-22T14:31:37","modified_gmt":"2025-08-22T11:31:37","slug":"yhteystiedot-ja-vastuut","status":"publish","type":"page","link":"https:\/\/blog.edu.turku.fi\/monikulttuurinenopetus\/yhteystiedot-ja-vastuut\/","title":{"rendered":"Vastuuhenkil\u00f6t ja toimenkuvat"},"content":{"rendered":"<p><strong>Monikulttuurisen opetuksen suunnittelija Tenna K\u00e4pyl\u00e4 ja erityispalvelup\u00e4\u00e4llikk\u00f6 Annika Rae<\/strong><\/p>\n<ul>\n<li>etunimi.sukunimi@turku.fi, p. 0449074816 \/ 040 196 4874<\/li>\n<li>Erityispalvelup\u00e4\u00e4llikk\u00f6 vastaa monikielisten lasten ja nuorten palveluiden koordinoinnista ja kehitt\u00e4misest\u00e4. Toimii osana lasten ja nuorten yhteisten palveluiden palvelualueen johtoryhm\u00e4\u00e4. P\u00e4\u00e4tt\u00e4\u00e4 valmistavan opetuksen oppilaiden oppilaaksiotosta, jatkoajoista, vieraskuntalaisten oppilaiden oppilaaksiotosta ja oman \u00e4idinkielen opetuksen oppilaiden oppilaaksiotosta.<\/li>\n<li>Suunnittelija ottaa vastaan valmistavan opetuksen ilmoittautumiset ja sijoittaa oppilaat ryhmiin tarkoituksenmukaisesti sek\u00e4 osallistuu muihin monikielisten lasten ja nuorten palveluiden koordinointiin liittyviin teht\u00e4viin, erityisesti oman \u00e4idinkielen opetuksen hallinnointiin liittyviin monipuolisiin teht\u00e4viin.<\/li>\n<\/ul>\n<p><strong>Kehitt\u00e4j\u00e4rehtorit Johanna J\u00e4rvinen ja Marjaana Yl\u00f6nen 2024-2026<\/strong><\/p>\n<ul>\n<li>Osallistuu monikulttuurisen opetuksen suunnittelu- ja kehitt\u00e4misteht\u00e4viin koulujen edustajana yhteisty\u00f6ss\u00e4 suunnittelijoiden kanssa.<\/li>\n<li>Tukee koulujen ty\u00f6k\u00e4yt\u00e4nteiden kehitt\u00e4mist\u00e4 monikielisten oppilaiden kielellisen ja muun tukemisen osalta.<\/li>\n<li>Vahvistaa nykyisen resurssin kohdentamista entist\u00e4 tehokkaammin niin koulujen kuin koko kaupunginkin tasolla tavoitellen ehjempi\u00e4 teht\u00e4v\u00e4kokonaisuuksia monikulttuurisen tuen osalta.<\/li>\n<\/ul>\n<p><strong>Monikulttuurisen opetuksen konsultoiva erityisopettaja (KERO):<\/strong><\/p>\n<ul>\n<li>Suzan Khoshnau: <u><a href=\"mailto:suzan.khoshnau@edu.turku.fi\">suzan.khoshnau@edu.turku.fi<\/a><\/u>, 040 196 3662<\/li>\n<li>Toimii osana tuen tiimi\u00e4 ja konsultoi kouluja monikielisen oppilaan tukeen ja pedagogisiin asiakirjoihin liittyviss\u00e4 kysymyksiss\u00e4, tukee kouluja vieraskielisen kodin ja koulun yhteisty\u00f6ss\u00e4 sek\u00e4 tiedottaa monikielisen oppilaan tukeen liittyviss\u00e4 asioissa.<\/li>\n<\/ul>\n<p><strong>Perusopetukseen valmistavan opetuksen ohjaava opettaja Pia Hiltunen:<\/strong><\/p>\n<ul>\n<li>VALMO-opettajien ja -koulunk\u00e4ynninohjaajien pedagoginen ohjaus sek\u00e4 kokousten ja koulutusten j\u00e4rjest\u00e4minen<\/li>\n<li><a href=\"mailto:pia.hiltunen@edu.turku.fi\">pia.hiltunen@edu.turku.fi<\/a>, 044907 5431<\/li>\n<\/ul>\n<p><strong>Konsultoivat kietu-opettajat Katja Hakala ja Katri Toimela:<\/strong><\/p>\n<ul>\n<li>\u00a0 Konsultoivat opettajia osana tuen tiimi\u00e4 mm. kielellisesti tuettuun opetukseen ja kielitietoiseen pedagogiikkaan liittyviss\u00e4 asioissa sek\u00e4 inklusiivisen valmistavan opetuksen ja erityisten tutkintojen asioissa: <a href=\"mailto:katja.hakala@edu.turku.fi\">katja.hakala@edu.turku.fi<\/a> ja <u><a href=\"mailto:katri.toimela@edu.turku.fi\">katri.toimela@edu.turku.fi<\/a><\/u>.<\/li>\n<\/ul>\n","protected":false},"excerpt":{"rendered":"<p>Monikulttuurisen opetuksen suunnittelija Tenna K\u00e4pyl\u00e4 ja erityispalvelup\u00e4\u00e4llikk\u00f6 Annika Rae etunimi.sukunimi@turku.fi, p. 0449074816 \/ 040 196 4874 Erityispalvelup\u00e4\u00e4llikk\u00f6 vastaa monikielisten lasten ja nuorten palveluiden koordinoinnista ja kehitt\u00e4misest\u00e4. Toimii osana lasten ja nuorten yhteisten palveluiden palvelualueen johtoryhm\u00e4\u00e4. P\u00e4\u00e4tt\u00e4\u00e4 valmistavan opetuksen oppilaiden oppilaaksiotosta, jatkoajoista, vieraskuntalaisten oppilaiden oppilaaksiotosta ja oman \u00e4idinkielen opetuksen oppilaiden oppilaaksiotosta. Suunnittelija ottaa vastaan valmistavan opetuksen &hellip; <a href=\"https:\/\/blog.edu.turku.fi\/monikulttuurinenopetus\/yhteystiedot-ja-vastuut\/\" class=\"more-link\">Jatka lukemista<span class=\"screen-reader-text\"> &#8221;Vastuuhenkil\u00f6t ja toimenkuvat&#8221;<\/span><\/a><\/p>\n","protected":false},"author":1827,"featured_media":0,"parent":0,"menu_order":0,"comment_status":"closed","ping_status":"closed","template":"","meta":{"footnotes":""},"class_list":["post-271","page","type-page","status-publish","hentry"],"_links":{"self":[{"href":"https:\/\/blog.edu.turku.fi\/monikulttuurinenopetus\/wp-json\/wp\/v2\/pages\/271","targetHints":{"allow":["GET"]}}],"collection":[{"href":"https:\/\/blog.edu.turku.fi\/monikulttuurinenopetus\/wp-json\/wp\/v2\/pages"}],"about":[{"href":"https:\/\/blog.edu.turku.fi\/monikulttuurinenopetus\/wp-json\/wp\/v2\/types\/page"}],"author":[{"embeddable":true,"href":"https:\/\/blog.edu.turku.fi\/monikulttuurinenopetus\/wp-json\/wp\/v2\/users\/1827"}],"replies":[{"embeddable":true,"href":"https:\/\/blog.edu.turku.fi\/monikulttuurinenopetus\/wp-json\/wp\/v2\/comments?post=271"}],"version-history":[{"count":45,"href":"https:\/\/blog.edu.turku.fi\/monikulttuurinenopetus\/wp-json\/wp\/v2\/pages\/271\/revisions"}],"predecessor-version":[{"id":2225,"href":"https:\/\/blog.edu.turku.fi\/monikulttuurinenopetus\/wp-json\/wp\/v2\/pages\/271\/revisions\/2225"}],"wp:attachment":[{"href":"https:\/\/blog.edu.turku.fi\/monikulttuurinenopetus\/wp-json\/wp\/v2\/media?parent=271"}],"curies":[{"name":"wp","href":"https:\/\/api.w.org\/{rel}","templated":true}]}}