{"id":2308,"date":"2025-12-23T12:06:55","date_gmt":"2025-12-23T10:06:55","guid":{"rendered":"https:\/\/blog.edu.turku.fi\/monikulttuurinenopetus\/?page_id=2308"},"modified":"2025-12-23T12:06:55","modified_gmt":"2025-12-23T10:06:55","slug":"lukustrategiaopetus-oman-aidinkielen-opetuksessa","status":"publish","type":"page","link":"https:\/\/blog.edu.turku.fi\/monikulttuurinenopetus\/lukustrategiaopetus-oman-aidinkielen-opetuksessa\/","title":{"rendered":"Lukustrategiaopetus oman \u00e4idinkielen opetuksessa"},"content":{"rendered":"<p>Turun perusopetuksen lukustrategiasuunnitelmassa lukustrategioiden opetus on esitetty vuosiluokittain etenev\u00e4n\u00e4, mik\u00e4 mahdollistaa oppilaiden taitojen suunnitelmallisen kehitt\u00e4misen. Strategioita sovelletaan joustavasti eri oppiaineiden teksteihin ja opetusmenetelmiin. Suunnitelman tavoitteena on antaa konkreettista tukea sek\u00e4 luokanopettajille ett\u00e4 aineenopettajille lukustrategioiden opettamiseen osana omaa opetusta.<\/p>\n<p>Oman \u00e4idinkielen opetuksen lukustrategiat l\u00f6ytyv\u00e4t luvusta 4.<\/p>\n<p>Linkki suunnitelmaan: <a href=\"https:\/\/blog.edu.turku.fi\/potkuri\/files\/2025\/08\/TURUN-PERUSOPETUKSEN-LUKUSTRATEGIASUUNNITELMA.pdf\">TURUN-PERUSOPETUKSEN-LUKUSTRATEGIASUUNNITELMA.pdf<\/a><\/p>\n","protected":false},"excerpt":{"rendered":"<p>Turun perusopetuksen lukustrategiasuunnitelmassa lukustrategioiden opetus on esitetty vuosiluokittain etenev\u00e4n\u00e4, mik\u00e4 mahdollistaa oppilaiden taitojen suunnitelmallisen kehitt\u00e4misen. Strategioita sovelletaan joustavasti eri oppiaineiden teksteihin ja opetusmenetelmiin. Suunnitelman tavoitteena on antaa konkreettista tukea sek\u00e4 luokanopettajille ett\u00e4 aineenopettajille lukustrategioiden opettamiseen osana omaa opetusta. Oman \u00e4idinkielen opetuksen lukustrategiat l\u00f6ytyv\u00e4t luvusta 4. Linkki suunnitelmaan: TURUN-PERUSOPETUKSEN-LUKUSTRATEGIASUUNNITELMA.pdf<\/p>\n","protected":false},"author":1827,"featured_media":0,"parent":0,"menu_order":0,"comment_status":"closed","ping_status":"closed","template":"","meta":{"footnotes":""},"class_list":["post-2308","page","type-page","status-publish","hentry"],"_links":{"self":[{"href":"https:\/\/blog.edu.turku.fi\/monikulttuurinenopetus\/wp-json\/wp\/v2\/pages\/2308","targetHints":{"allow":["GET"]}}],"collection":[{"href":"https:\/\/blog.edu.turku.fi\/monikulttuurinenopetus\/wp-json\/wp\/v2\/pages"}],"about":[{"href":"https:\/\/blog.edu.turku.fi\/monikulttuurinenopetus\/wp-json\/wp\/v2\/types\/page"}],"author":[{"embeddable":true,"href":"https:\/\/blog.edu.turku.fi\/monikulttuurinenopetus\/wp-json\/wp\/v2\/users\/1827"}],"replies":[{"embeddable":true,"href":"https:\/\/blog.edu.turku.fi\/monikulttuurinenopetus\/wp-json\/wp\/v2\/comments?post=2308"}],"version-history":[{"count":1,"href":"https:\/\/blog.edu.turku.fi\/monikulttuurinenopetus\/wp-json\/wp\/v2\/pages\/2308\/revisions"}],"predecessor-version":[{"id":2310,"href":"https:\/\/blog.edu.turku.fi\/monikulttuurinenopetus\/wp-json\/wp\/v2\/pages\/2308\/revisions\/2310"}],"wp:attachment":[{"href":"https:\/\/blog.edu.turku.fi\/monikulttuurinenopetus\/wp-json\/wp\/v2\/media?parent=2308"}],"curies":[{"name":"wp","href":"https:\/\/api.w.org\/{rel}","templated":true}]}}