{"id":2303,"date":"2025-12-23T12:05:04","date_gmt":"2025-12-23T10:05:04","guid":{"rendered":"https:\/\/blog.edu.turku.fi\/monikulttuurinenopetus\/?page_id=2303"},"modified":"2025-12-23T12:05:04","modified_gmt":"2025-12-23T10:05:04","slug":"turun-perusopetuksen-lukustrategiasuunnitelma","status":"publish","type":"page","link":"https:\/\/blog.edu.turku.fi\/monikulttuurinenopetus\/turun-perusopetuksen-lukustrategiasuunnitelma\/","title":{"rendered":"Turun perusopetuksen lukustrategiasuunnitelma"},"content":{"rendered":"<p>Lukutaidon kehitt\u00e4minen on koko koulun teht\u00e4v\u00e4. Oppilaiden tekstinymm\u00e4rrys, ajattelun taidot ja k\u00e4sitteiden sis\u00e4ist\u00e4minen tukevat oppimista kaikissa aineissa. Kun strategiat tehd\u00e4\u00e4n n\u00e4kyviksi eri oppiaineiden tunneilla ja niit\u00e4 harjoitellaan monipuolisesti osana opetusta, oppilaat oppivat siirt\u00e4m\u00e4\u00e4n taitojaan eri tilanteisiin ja tekstityyppeihin.<\/p>\n<p>Lukustrategioiden opettaminen kuuluu jokaiselle opettajalle ja jokaiseen oppiaineeseen.<br \/>\nLukustrategioiden opettamisen tavoitteena on kehitt\u00e4\u00e4 oppilaiden kyky\u00e4 k\u00e4ytt\u00e4\u00e4 lukustrategioita itsen\u00e4isesti. Kaikille oppilaille, erityisesti heikommin lukeville, on t\u00e4rke\u00e4\u00e4 oppia hahmottamaan tekstien rakennetta ja l\u00f6yt\u00e4m\u00e4\u00e4n niist\u00e4 olennaista tietoa. Lukustrategioita harjoitellaan systemaattisesti l\u00e4pi lukuvuoden kaikessa lukemisessa, jotta lukustrategiat vakiintuvat osaksi oppilaan oppimisvalmiuksia.<\/p>\n<p>Turun perusopetuksen lukustrategiasuunnitelmassa lukustrategioiden opetus on esitetty vuosiluokittain etenev\u00e4n\u00e4, mik\u00e4 mahdollistaa oppilaiden taitojen suunnitelmallisen kehitt\u00e4misen. Strategioita sovelletaan joustavasti eri oppiaineiden teksteihin ja opetusmenetelmiin. Suunnitelman tavoitteena on antaa konkreettista tukea sek\u00e4 luokanopettajille ett\u00e4 aineenopettajille lukustrategioiden opettamiseen osana omaa opetusta. Oman \u00e4idinkielen opetus ja valmistava opetus on huomioitu omina lukuinaan suunnitelmassa.<\/p>\n<p>Linkki suunnitelmaan: <a href=\"https:\/\/blog.edu.turku.fi\/potkuri\/files\/2025\/08\/TURUN-PERUSOPETUKSEN-LUKUSTRATEGIASUUNNITELMA.pdf\">TURUN-PERUSOPETUKSEN-LUKUSTRATEGIASUUNNITELMA.pdf<\/a><\/p>\n","protected":false},"excerpt":{"rendered":"<p>Lukutaidon kehitt\u00e4minen on koko koulun teht\u00e4v\u00e4. Oppilaiden tekstinymm\u00e4rrys, ajattelun taidot ja k\u00e4sitteiden sis\u00e4ist\u00e4minen tukevat oppimista kaikissa aineissa. Kun strategiat tehd\u00e4\u00e4n n\u00e4kyviksi eri oppiaineiden tunneilla ja niit\u00e4 harjoitellaan monipuolisesti osana opetusta, oppilaat oppivat siirt\u00e4m\u00e4\u00e4n taitojaan eri tilanteisiin ja tekstityyppeihin. Lukustrategioiden opettaminen kuuluu jokaiselle opettajalle ja jokaiseen oppiaineeseen. Lukustrategioiden opettamisen tavoitteena on kehitt\u00e4\u00e4 oppilaiden kyky\u00e4 k\u00e4ytt\u00e4\u00e4 lukustrategioita &hellip; <a href=\"https:\/\/blog.edu.turku.fi\/monikulttuurinenopetus\/turun-perusopetuksen-lukustrategiasuunnitelma\/\" class=\"more-link\">Jatka lukemista<span class=\"screen-reader-text\"> &#8221;Turun perusopetuksen lukustrategiasuunnitelma&#8221;<\/span><\/a><\/p>\n","protected":false},"author":1827,"featured_media":0,"parent":0,"menu_order":0,"comment_status":"closed","ping_status":"closed","template":"","meta":{"footnotes":""},"class_list":["post-2303","page","type-page","status-publish","hentry"],"_links":{"self":[{"href":"https:\/\/blog.edu.turku.fi\/monikulttuurinenopetus\/wp-json\/wp\/v2\/pages\/2303","targetHints":{"allow":["GET"]}}],"collection":[{"href":"https:\/\/blog.edu.turku.fi\/monikulttuurinenopetus\/wp-json\/wp\/v2\/pages"}],"about":[{"href":"https:\/\/blog.edu.turku.fi\/monikulttuurinenopetus\/wp-json\/wp\/v2\/types\/page"}],"author":[{"embeddable":true,"href":"https:\/\/blog.edu.turku.fi\/monikulttuurinenopetus\/wp-json\/wp\/v2\/users\/1827"}],"replies":[{"embeddable":true,"href":"https:\/\/blog.edu.turku.fi\/monikulttuurinenopetus\/wp-json\/wp\/v2\/comments?post=2303"}],"version-history":[{"count":1,"href":"https:\/\/blog.edu.turku.fi\/monikulttuurinenopetus\/wp-json\/wp\/v2\/pages\/2303\/revisions"}],"predecessor-version":[{"id":2305,"href":"https:\/\/blog.edu.turku.fi\/monikulttuurinenopetus\/wp-json\/wp\/v2\/pages\/2303\/revisions\/2305"}],"wp:attachment":[{"href":"https:\/\/blog.edu.turku.fi\/monikulttuurinenopetus\/wp-json\/wp\/v2\/media?parent=2303"}],"curies":[{"name":"wp","href":"https:\/\/api.w.org\/{rel}","templated":true}]}}