{"id":2261,"date":"2025-09-01T10:41:12","date_gmt":"2025-09-01T07:41:12","guid":{"rendered":"https:\/\/blog.edu.turku.fi\/monikulttuurinenopetus\/?page_id=2261"},"modified":"2025-10-31T14:15:26","modified_gmt":"2025-10-31T12:15:26","slug":"turvallisuus","status":"publish","type":"page","link":"https:\/\/blog.edu.turku.fi\/monikulttuurinenopetus\/turvallisuus\/","title":{"rendered":"Turvallisuus"},"content":{"rendered":"<p>Kasvatuksen ja koulutuksen turvallisuus -sivusto (OPH):<br \/>\n<a href=\"https:\/\/www.oph.fi\/fi\/teemat-ja-kehittaminen\/kasvatuksen-ja-koulutuksen-turvallisuus\">Kasvatuksen ja koulutuksen turvallisuus | Opetushallitus<\/a><\/p>\n<p>Vanhempien kanssa teht\u00e4v\u00e4\u00e4n yhteisty\u00f6h\u00f6n turvallisuuteen liittyen l\u00f6ytyy eri kielisi\u00e4 videoita t\u00e4\u00e4lt\u00e4: <a href=\"https:\/\/blog.edu.turku.fi\/monikulttuurinenopetus\/videomateriaali-vanhempien-kanssa-tehtavaan-yhteistyohon\/\">Videomateriaali vanhempien kanssa teht\u00e4v\u00e4\u00e4n yhteisty\u00f6h\u00f6n \u2013 Monikulttuurinen opetus<\/a><\/p>\n<p>&nbsp;<\/p>\n","protected":false},"excerpt":{"rendered":"<p>Kasvatuksen ja koulutuksen turvallisuus -sivusto (OPH): Kasvatuksen ja koulutuksen turvallisuus | Opetushallitus Vanhempien kanssa teht\u00e4v\u00e4\u00e4n yhteisty\u00f6h\u00f6n turvallisuuteen liittyen l\u00f6ytyy eri kielisi\u00e4 videoita t\u00e4\u00e4lt\u00e4: Videomateriaali vanhempien kanssa teht\u00e4v\u00e4\u00e4n yhteisty\u00f6h\u00f6n \u2013 Monikulttuurinen opetus &nbsp;<\/p>\n","protected":false},"author":1827,"featured_media":0,"parent":0,"menu_order":0,"comment_status":"closed","ping_status":"closed","template":"","meta":{"footnotes":""},"class_list":["post-2261","page","type-page","status-publish","hentry"],"_links":{"self":[{"href":"https:\/\/blog.edu.turku.fi\/monikulttuurinenopetus\/wp-json\/wp\/v2\/pages\/2261","targetHints":{"allow":["GET"]}}],"collection":[{"href":"https:\/\/blog.edu.turku.fi\/monikulttuurinenopetus\/wp-json\/wp\/v2\/pages"}],"about":[{"href":"https:\/\/blog.edu.turku.fi\/monikulttuurinenopetus\/wp-json\/wp\/v2\/types\/page"}],"author":[{"embeddable":true,"href":"https:\/\/blog.edu.turku.fi\/monikulttuurinenopetus\/wp-json\/wp\/v2\/users\/1827"}],"replies":[{"embeddable":true,"href":"https:\/\/blog.edu.turku.fi\/monikulttuurinenopetus\/wp-json\/wp\/v2\/comments?post=2261"}],"version-history":[{"count":2,"href":"https:\/\/blog.edu.turku.fi\/monikulttuurinenopetus\/wp-json\/wp\/v2\/pages\/2261\/revisions"}],"predecessor-version":[{"id":2294,"href":"https:\/\/blog.edu.turku.fi\/monikulttuurinenopetus\/wp-json\/wp\/v2\/pages\/2261\/revisions\/2294"}],"wp:attachment":[{"href":"https:\/\/blog.edu.turku.fi\/monikulttuurinenopetus\/wp-json\/wp\/v2\/media?parent=2261"}],"curies":[{"name":"wp","href":"https:\/\/api.w.org\/{rel}","templated":true}]}}