{"id":2245,"date":"2025-08-27T11:45:01","date_gmt":"2025-08-27T08:45:01","guid":{"rendered":"https:\/\/blog.edu.turku.fi\/monikulttuurinenopetus\/?page_id=2245"},"modified":"2025-08-27T11:50:28","modified_gmt":"2025-08-27T08:50:28","slug":"kielitaidon-kehityksen-seuranta","status":"publish","type":"page","link":"https:\/\/blog.edu.turku.fi\/monikulttuurinenopetus\/kielitaidon-kehityksen-seuranta\/","title":{"rendered":"Kielitaidon kehityksen seuranta"},"content":{"rendered":"<p><a href=\"https:\/\/blog.edu.turku.fi\/monikulttuurinenopetus\/files\/2025\/08\/Turun-kaupunki-perusopetukseen-valmistava-opetus-kielitaidon-kehityksen-seuranta.pdf\">Turun kaupunki perusopetukseen valmistava opetus kielitaidon kehityksen seuranta<\/a><\/p>\n<p>&nbsp;<\/p>\n<p>Lomake pohjautuu Turun perusopetukseen valmistavan opetuksen opetussuunnitelmaan, jossa valmistavan opetuksen suomi toisena kielen\u00e4 ja kirjallisuus -oppiaineen tavoitteeksi on m\u00e4\u00e4riteltykehittyv\u00e4n alkeiskielitaidon (taitotaso A1) saavuttaminen. Lis\u00e4ksi lomakkeen lopussa on suomen perusrakenteiden hallintaa kartoittava osio. Lomake on opettajan ty\u00f6v\u00e4line, jonka avulla opettaja voi kirjata havaintojaan oppilaan suomen kielen taidosta ja dokumentoida oppilaan kielitaidon kehityst\u00e4 valmistavan opetuksen aikana.<\/p>\n<p>Lomakkeelle kirjatut tiedot siirtyv\u00e4t oppilaan mukana perusopetukseen, jossa oppilaan suomen kielen kielitaidon kehittymist\u00e4 seurataan edelleen. T\u00e4m\u00e4n suomen kielen kielitaidon kehityksen seurannan lis\u00e4ksi oppilaalle laaditaan valmistavan opetuksen opinto-ohjelma.<\/p>\n","protected":false},"excerpt":{"rendered":"<p>Turun kaupunki perusopetukseen valmistava opetus kielitaidon kehityksen seuranta &nbsp; Lomake pohjautuu Turun perusopetukseen valmistavan opetuksen opetussuunnitelmaan, jossa valmistavan opetuksen suomi toisena kielen\u00e4 ja kirjallisuus -oppiaineen tavoitteeksi on m\u00e4\u00e4riteltykehittyv\u00e4n alkeiskielitaidon (taitotaso A1) saavuttaminen. Lis\u00e4ksi lomakkeen lopussa on suomen perusrakenteiden hallintaa kartoittava osio. Lomake on opettajan ty\u00f6v\u00e4line, jonka avulla opettaja voi kirjata havaintojaan oppilaan suomen kielen taidosta &hellip; <a href=\"https:\/\/blog.edu.turku.fi\/monikulttuurinenopetus\/kielitaidon-kehityksen-seuranta\/\" class=\"more-link\">Jatka lukemista<span class=\"screen-reader-text\"> &#8221;Kielitaidon kehityksen seuranta&#8221;<\/span><\/a><\/p>\n","protected":false},"author":1827,"featured_media":0,"parent":0,"menu_order":0,"comment_status":"closed","ping_status":"closed","template":"","meta":{"footnotes":""},"class_list":["post-2245","page","type-page","status-publish","hentry"],"_links":{"self":[{"href":"https:\/\/blog.edu.turku.fi\/monikulttuurinenopetus\/wp-json\/wp\/v2\/pages\/2245","targetHints":{"allow":["GET"]}}],"collection":[{"href":"https:\/\/blog.edu.turku.fi\/monikulttuurinenopetus\/wp-json\/wp\/v2\/pages"}],"about":[{"href":"https:\/\/blog.edu.turku.fi\/monikulttuurinenopetus\/wp-json\/wp\/v2\/types\/page"}],"author":[{"embeddable":true,"href":"https:\/\/blog.edu.turku.fi\/monikulttuurinenopetus\/wp-json\/wp\/v2\/users\/1827"}],"replies":[{"embeddable":true,"href":"https:\/\/blog.edu.turku.fi\/monikulttuurinenopetus\/wp-json\/wp\/v2\/comments?post=2245"}],"version-history":[{"count":2,"href":"https:\/\/blog.edu.turku.fi\/monikulttuurinenopetus\/wp-json\/wp\/v2\/pages\/2245\/revisions"}],"predecessor-version":[{"id":2253,"href":"https:\/\/blog.edu.turku.fi\/monikulttuurinenopetus\/wp-json\/wp\/v2\/pages\/2245\/revisions\/2253"}],"wp:attachment":[{"href":"https:\/\/blog.edu.turku.fi\/monikulttuurinenopetus\/wp-json\/wp\/v2\/media?parent=2245"}],"curies":[{"name":"wp","href":"https:\/\/api.w.org\/{rel}","templated":true}]}}