{"id":2240,"date":"2025-08-22T14:45:10","date_gmt":"2025-08-22T11:45:10","guid":{"rendered":"https:\/\/blog.edu.turku.fi\/monikulttuurinenopetus\/?page_id=2240"},"modified":"2025-08-22T14:45:10","modified_gmt":"2025-08-22T11:45:10","slug":"videomateriaali-vanhempien-kanssa-tehtavaan-yhteistyohon","status":"publish","type":"page","link":"https:\/\/blog.edu.turku.fi\/monikulttuurinenopetus\/videomateriaali-vanhempien-kanssa-tehtavaan-yhteistyohon\/","title":{"rendered":"Videomateriaali vanhempien kanssa teht\u00e4v\u00e4\u00e4n yhteisty\u00f6h\u00f6n"},"content":{"rendered":"<p><b>Turvallisuus on yhteisi\u00e4 ratkaisuja-videomateriaalit:<\/b><\/p>\n<p>Aiheina ovat mm. lapsen ja nuoren tunnes\u00e4\u00e4tely, rutiinit, digipelaaminen, p\u00e4ihteet, sovittelu, seurusteluv\u00e4kivalta ja palveluohjaus.<\/p>\n<p><a href=\"https:\/\/www.youtube.com\/playlist?list=PLdu7-xz5TORQ1UHD4o6eR-XPHwGSV0mvD\">Turvallisuus on yhteisi\u00e4 ratkaisuja &#8211; YouTube<\/a><\/p>\n<p>Saatavilla olevat kielet: albania, arabia, bosnia, englanti, kurdi, persia, ruotsi, somali, suomi, ven\u00e4j\u00e4, ja viro.<\/p>\n<p>Kiitos kaikille monikielisille opettajille ja ohjaajille k\u00e4\u00e4nn\u00f6ksist\u00e4!<\/p>\n<p>Videoita voi k\u00e4ytt\u00e4\u00e4 esimerkiksi keskustelevan vanhempainillan alkuun, linkitt\u00e4\u00e4 niit\u00e4 Wilman kautta katsottavaksi kaikille huoltajille koulun hyvinvointivuosikellon tai teemakuukausien mukaan. Tai ihan omaksi lis\u00e4tiedoksi jonkun tietyn aiheen osalta: sovittelun lyhyen videon avulla saa esimerkiksi hyv\u00e4n kokonaiskuvan aiheeseen.<\/p>\n","protected":false},"excerpt":{"rendered":"<p>Turvallisuus on yhteisi\u00e4 ratkaisuja-videomateriaalit: Aiheina ovat mm. lapsen ja nuoren tunnes\u00e4\u00e4tely, rutiinit, digipelaaminen, p\u00e4ihteet, sovittelu, seurusteluv\u00e4kivalta ja palveluohjaus. Turvallisuus on yhteisi\u00e4 ratkaisuja &#8211; YouTube Saatavilla olevat kielet: albania, arabia, bosnia, englanti, kurdi, persia, ruotsi, somali, suomi, ven\u00e4j\u00e4, ja viro. Kiitos kaikille monikielisille opettajille ja ohjaajille k\u00e4\u00e4nn\u00f6ksist\u00e4! Videoita voi k\u00e4ytt\u00e4\u00e4 esimerkiksi keskustelevan vanhempainillan alkuun, linkitt\u00e4\u00e4 niit\u00e4 &hellip; <a href=\"https:\/\/blog.edu.turku.fi\/monikulttuurinenopetus\/videomateriaali-vanhempien-kanssa-tehtavaan-yhteistyohon\/\" class=\"more-link\">Jatka lukemista<span class=\"screen-reader-text\"> &#8221;Videomateriaali vanhempien kanssa teht\u00e4v\u00e4\u00e4n yhteisty\u00f6h\u00f6n&#8221;<\/span><\/a><\/p>\n","protected":false},"author":1827,"featured_media":0,"parent":0,"menu_order":0,"comment_status":"closed","ping_status":"closed","template":"","meta":{"footnotes":""},"class_list":["post-2240","page","type-page","status-publish","hentry"],"_links":{"self":[{"href":"https:\/\/blog.edu.turku.fi\/monikulttuurinenopetus\/wp-json\/wp\/v2\/pages\/2240","targetHints":{"allow":["GET"]}}],"collection":[{"href":"https:\/\/blog.edu.turku.fi\/monikulttuurinenopetus\/wp-json\/wp\/v2\/pages"}],"about":[{"href":"https:\/\/blog.edu.turku.fi\/monikulttuurinenopetus\/wp-json\/wp\/v2\/types\/page"}],"author":[{"embeddable":true,"href":"https:\/\/blog.edu.turku.fi\/monikulttuurinenopetus\/wp-json\/wp\/v2\/users\/1827"}],"replies":[{"embeddable":true,"href":"https:\/\/blog.edu.turku.fi\/monikulttuurinenopetus\/wp-json\/wp\/v2\/comments?post=2240"}],"version-history":[{"count":1,"href":"https:\/\/blog.edu.turku.fi\/monikulttuurinenopetus\/wp-json\/wp\/v2\/pages\/2240\/revisions"}],"predecessor-version":[{"id":2242,"href":"https:\/\/blog.edu.turku.fi\/monikulttuurinenopetus\/wp-json\/wp\/v2\/pages\/2240\/revisions\/2242"}],"wp:attachment":[{"href":"https:\/\/blog.edu.turku.fi\/monikulttuurinenopetus\/wp-json\/wp\/v2\/media?parent=2240"}],"curies":[{"name":"wp","href":"https:\/\/api.w.org\/{rel}","templated":true}]}}