{"id":2237,"date":"2025-08-22T14:39:11","date_gmt":"2025-08-22T11:39:11","guid":{"rendered":"https:\/\/blog.edu.turku.fi\/monikulttuurinenopetus\/?page_id=2237"},"modified":"2025-08-22T14:39:11","modified_gmt":"2025-08-22T11:39:11","slug":"opas-suomeen-ja-turkuun-muuttavalle-perheelle-2","status":"publish","type":"page","link":"https:\/\/blog.edu.turku.fi\/monikulttuurinenopetus\/opas-suomeen-ja-turkuun-muuttavalle-perheelle-2\/","title":{"rendered":"Opas Suomeen ja Turkuun muuttavalle perheelle"},"content":{"rendered":"<p>Uusi opas, jaettavaksi perheille jotka ovat hiljattain muuttaneet Suomeen.<\/p>\n<p>Sis\u00e4lt\u00e4\u00e4 hy\u00f6dyllist\u00e4 tietoa koulunk\u00e4ynnist\u00e4 Suomessa.<\/p>\n<p><a href=\"https:\/\/blog.edu.turku.fi\/monikulttuurinenopetus\/files\/2025\/08\/Opas-Suomeen-ja-Turkuun-muuttavalle-perheelle.pdf\">Opas Suomeen ja Turkuun muuttavalle perheelle<\/a><\/p>\n","protected":false},"excerpt":{"rendered":"<p>Uusi opas, jaettavaksi perheille jotka ovat hiljattain muuttaneet Suomeen. Sis\u00e4lt\u00e4\u00e4 hy\u00f6dyllist\u00e4 tietoa koulunk\u00e4ynnist\u00e4 Suomessa. Opas Suomeen ja Turkuun muuttavalle perheelle<\/p>\n","protected":false},"author":1827,"featured_media":0,"parent":0,"menu_order":0,"comment_status":"closed","ping_status":"closed","template":"","meta":{"footnotes":""},"class_list":["post-2237","page","type-page","status-publish","hentry"],"_links":{"self":[{"href":"https:\/\/blog.edu.turku.fi\/monikulttuurinenopetus\/wp-json\/wp\/v2\/pages\/2237","targetHints":{"allow":["GET"]}}],"collection":[{"href":"https:\/\/blog.edu.turku.fi\/monikulttuurinenopetus\/wp-json\/wp\/v2\/pages"}],"about":[{"href":"https:\/\/blog.edu.turku.fi\/monikulttuurinenopetus\/wp-json\/wp\/v2\/types\/page"}],"author":[{"embeddable":true,"href":"https:\/\/blog.edu.turku.fi\/monikulttuurinenopetus\/wp-json\/wp\/v2\/users\/1827"}],"replies":[{"embeddable":true,"href":"https:\/\/blog.edu.turku.fi\/monikulttuurinenopetus\/wp-json\/wp\/v2\/comments?post=2237"}],"version-history":[{"count":1,"href":"https:\/\/blog.edu.turku.fi\/monikulttuurinenopetus\/wp-json\/wp\/v2\/pages\/2237\/revisions"}],"predecessor-version":[{"id":2239,"href":"https:\/\/blog.edu.turku.fi\/monikulttuurinenopetus\/wp-json\/wp\/v2\/pages\/2237\/revisions\/2239"}],"wp:attachment":[{"href":"https:\/\/blog.edu.turku.fi\/monikulttuurinenopetus\/wp-json\/wp\/v2\/media?parent=2237"}],"curies":[{"name":"wp","href":"https:\/\/api.w.org\/{rel}","templated":true}]}}