{"id":2234,"date":"2025-08-22T14:37:48","date_gmt":"2025-08-22T11:37:48","guid":{"rendered":"https:\/\/blog.edu.turku.fi\/monikulttuurinenopetus\/?page_id=2234"},"modified":"2025-09-12T09:24:06","modified_gmt":"2025-09-12T06:24:06","slug":"monikielisen-oppilaan-oppilaanohjaus","status":"publish","type":"page","link":"https:\/\/blog.edu.turku.fi\/monikulttuurinenopetus\/monikielisen-oppilaan-oppilaanohjaus\/","title":{"rendered":"Monikielisen oppilaan oppilaanohjaus"},"content":{"rendered":"<p>Valmistavan opetuksen oppilaanohjausta <img loading=\"lazy\" decoding=\"async\" class=\"wp-image-2269 alignright\" src=\"https:\/\/blog.edu.turku.fi\/monikulttuurinenopetus\/files\/2025\/09\/FI-Euroopan-unionin-osarahoittama_PANTONE-300x63.jpg\" alt=\"\" width=\"343\" height=\"72\" srcset=\"https:\/\/blog.edu.turku.fi\/monikulttuurinenopetus\/files\/2025\/09\/FI-Euroopan-unionin-osarahoittama_PANTONE-300x63.jpg 300w, https:\/\/blog.edu.turku.fi\/monikulttuurinenopetus\/files\/2025\/09\/FI-Euroopan-unionin-osarahoittama_PANTONE.jpg 1024w\" sizes=\"auto, (max-width: 343px) 85vw, 343px\" \/>toteutetaan ja kehitet\u00e4\u00e4n EU:n osarahoittamassa hankkeessa:<\/p>\n<p>Yl\u00e4koului\u00e4ss\u00e4 maahansaapuneiden nuorten ohjauksen ja perheiden tuen kehitt\u00e4minen<br \/>\n4\/2025-7\/2027<\/p>\n<p>Hankkeen tavoitteet:<\/p>\n<ul>\n<li>Vasta maahan saapuneiden oppilaiden koulupolku vahvistuu nivelvaiheen yli<\/li>\n<li>Koulujen oppilaanohjaajien ja valmistavan opetuksen opettajien osaaminen 3. maista peruskoulun loppuvaiheessa saapuvien nuorten ohjauksen erityispiirteist\u00e4 kasvaa<\/li>\n<li>Vasta saapuneiden oppilaiden perheiden tuki vahvistuu<\/li>\n<li>Perheiden kotoutuminen vahvistuu<\/li>\n<li>Nuorten kotoutuminen nopeutuu vertaistuella<\/li>\n<\/ul>\n<p>Yhteystiedot:<br \/>\nJuudit Hurtig, oppilaanohjaaja, 040 626 3685, etunimi.sukunimi@turku.fi<br \/>\nHatice K\u00fct\u00fck, koordinaattori, 040 681 8457, etunimi.sukunimi@mvkk.fi<br \/>\nMika Salonen, projektip\u00e4\u00e4llikk\u00f6, etunimi.sukunimi@turku.fi<\/p>\n<p><img loading=\"lazy\" decoding=\"async\" class=\"size-medium wp-image-2266 alignleft\" src=\"https:\/\/blog.edu.turku.fi\/monikulttuurinenopetus\/files\/2025\/09\/Turku-800-155x70.png\" alt=\"\" width=\"155\" height=\"70\" \/><\/p>\n<p><img loading=\"lazy\" decoding=\"async\" class=\"wp-image-2268 alignleft\" src=\"https:\/\/blog.edu.turku.fi\/monikulttuurinenopetus\/files\/2025\/09\/Mvkk-logo-web-300x90.png\" alt=\"\" width=\"233\" height=\"70\" srcset=\"https:\/\/blog.edu.turku.fi\/monikulttuurinenopetus\/files\/2025\/09\/Mvkk-logo-web-300x90.png 300w, https:\/\/blog.edu.turku.fi\/monikulttuurinenopetus\/files\/2025\/09\/Mvkk-logo-web.png 542w\" sizes=\"auto, (max-width: 233px) 85vw, 233px\" \/><\/p>\n","protected":false},"excerpt":{"rendered":"<p>Valmistavan opetuksen oppilaanohjausta toteutetaan ja kehitet\u00e4\u00e4n EU:n osarahoittamassa hankkeessa: Yl\u00e4koului\u00e4ss\u00e4 maahansaapuneiden nuorten ohjauksen ja perheiden tuen kehitt\u00e4minen 4\/2025-7\/2027 Hankkeen tavoitteet: Vasta maahan saapuneiden oppilaiden koulupolku vahvistuu nivelvaiheen yli Koulujen oppilaanohjaajien ja valmistavan opetuksen opettajien osaaminen 3. maista peruskoulun loppuvaiheessa saapuvien nuorten ohjauksen erityispiirteist\u00e4 kasvaa Vasta saapuneiden oppilaiden perheiden tuki vahvistuu Perheiden kotoutuminen vahvistuu Nuorten kotoutuminen &hellip; <a href=\"https:\/\/blog.edu.turku.fi\/monikulttuurinenopetus\/monikielisen-oppilaan-oppilaanohjaus\/\" class=\"more-link\">Jatka lukemista<span class=\"screen-reader-text\"> &#8221;Monikielisen oppilaan oppilaanohjaus&#8221;<\/span><\/a><\/p>\n","protected":false},"author":1827,"featured_media":0,"parent":0,"menu_order":0,"comment_status":"closed","ping_status":"closed","template":"","meta":{"footnotes":""},"class_list":["post-2234","page","type-page","status-publish","hentry"],"_links":{"self":[{"href":"https:\/\/blog.edu.turku.fi\/monikulttuurinenopetus\/wp-json\/wp\/v2\/pages\/2234","targetHints":{"allow":["GET"]}}],"collection":[{"href":"https:\/\/blog.edu.turku.fi\/monikulttuurinenopetus\/wp-json\/wp\/v2\/pages"}],"about":[{"href":"https:\/\/blog.edu.turku.fi\/monikulttuurinenopetus\/wp-json\/wp\/v2\/types\/page"}],"author":[{"embeddable":true,"href":"https:\/\/blog.edu.turku.fi\/monikulttuurinenopetus\/wp-json\/wp\/v2\/users\/1827"}],"replies":[{"embeddable":true,"href":"https:\/\/blog.edu.turku.fi\/monikulttuurinenopetus\/wp-json\/wp\/v2\/comments?post=2234"}],"version-history":[{"count":5,"href":"https:\/\/blog.edu.turku.fi\/monikulttuurinenopetus\/wp-json\/wp\/v2\/pages\/2234\/revisions"}],"predecessor-version":[{"id":2273,"href":"https:\/\/blog.edu.turku.fi\/monikulttuurinenopetus\/wp-json\/wp\/v2\/pages\/2234\/revisions\/2273"}],"wp:attachment":[{"href":"https:\/\/blog.edu.turku.fi\/monikulttuurinenopetus\/wp-json\/wp\/v2\/media?parent=2234"}],"curies":[{"name":"wp","href":"https:\/\/api.w.org\/{rel}","templated":true}]}}