{"id":2228,"date":"2025-08-22T14:37:12","date_gmt":"2025-08-22T11:37:12","guid":{"rendered":"https:\/\/blog.edu.turku.fi\/monikulttuurinenopetus\/?page_id=2228"},"modified":"2026-05-13T13:37:11","modified_gmt":"2026-05-13T10:37:11","slug":"opas-suomeen-ja-turkuun-muuttavalle-perheelle","status":"publish","type":"page","link":"https:\/\/blog.edu.turku.fi\/monikulttuurinenopetus\/opas-suomeen-ja-turkuun-muuttavalle-perheelle\/","title":{"rendered":"Oppaita Suomeen ja Turkuun muuttavalle"},"content":{"rendered":"<p id=\"anchor-newcomer's-guide\" class=\"heading h2\"><strong>Newcomer\u2019s Guide<\/strong><\/p>\n<div class=\"general\">\n<div class=\"wysiwyg text-long\">\n<p>This guidebook provides answers to many questions related to moving to Turku, living in Turku, and working in Turku.<\/p>\n<\/div>\n<\/div>\n<p><a href=\"https:\/\/blog.edu.turku.fi\/monikulttuurinenopetus\/files\/2025\/09\/iht-newcomer-s-guide-final-2025.pdf\">Newcomer&#8217;s Guide (in English)<\/a><\/p>\n<p><strong>Opas Suomeen ja Turkuun muuttavalle perheelle<\/strong><\/p>\n<p>Opas perheille jotka ovat hiljattain muuttaneet Suomeen.<br \/>\nSis\u00e4lt\u00e4\u00e4 hy\u00f6dyllist\u00e4 tietoa koulunk\u00e4ynnist\u00e4 Suomessa.<\/p>\n<p><a href=\"https:\/\/blog.edu.turku.fi\/monikulttuurinenopetus\/files\/2025\/08\/Opas-Suomeen-ja-Turkuun-muuttavalle-perheelle.pdf\">Opas Suomeen ja Turkuun muuttavalle perheelle<\/a><\/p>\n<p><strong>K\u00e4\u00e4nn\u00f6kset<\/strong><\/p>\n<ul>\n<li style=\"list-style-type: none\">\n<ul>\n<li style=\"list-style-type: none\">\n<ul>\n<li>Vietnam <a href=\"https:\/\/turku-my.sharepoint.com\/personal\/juudit_hurtig_turku_fi\/Documents\/VALMO\/Opas%20ja%20k%C3%A4%C3%A4nn%C3%B6kset\/pdf-versiot%20blogiin\/Opas%20Suomeen%20ja%20Turkuun%20muuttavalle%20perheelle_vietnampdf.pdf?CT=1776941473415&amp;OR=ItemsView\">H\u01b0\u1edbng d\u1eabn d\u00e0nh cho c\u00e1c gia \u0111\u00ecnh chuy\u1ec3n \u0111\u1ebfn s\u1ed1ng t\u1ea1i Ph\u1ea7n Lan v\u00e0 Turku VIET<\/a><\/li>\n<li>Ven\u00e4j\u00e4 <a href=\"https:\/\/turku-my.sharepoint.com\/personal\/juudit_hurtig_turku_fi\/Documents\/VALMO\/Opas%20ja%20k%C3%A4%C3%A4nn%C3%B6kset\/pdf-versiot%20blogiin\/Opas%20Suomeen%20ja%20Turkuun%20muuttavalle%20perheelle_ven%C3%A4j%C3%A4pdf.pdf?CT=1776941468761&amp;OR=ItemsView\">\u0420\u0443\u043a\u043e\u0432\u043e\u0434\u0441\u0442\u0432\u043e \u0434\u043b\u044f \u0441\u0435\u043c\u0435\u0439, \u043f\u0435\u0440\u0435\u0435\u0437\u0436\u0430\u044e\u0449\u0438\u0445 \u0432 \u0424\u0438\u043d\u043b\u044f\u043d\u0434\u0438\u044e \u0438 \u0422\u0443\u0440\u043a\u0443 RU<\/a><\/li>\n<li>Ukraina <a href=\"https:\/\/turku-my.sharepoint.com\/personal\/juudit_hurtig_turku_fi\/Documents\/VALMO\/Opas%20ja%20k%C3%A4%C3%A4nn%C3%B6kset\/pdf-versiot%20blogiin\/Opas%20Suomeen%20ja%20Turkuun%20muuttavalle%20perheelle_ukrainapdf.pdf?CT=1776941464066&amp;OR=ItemsView\">\u041f\u043e\u0441\u0456\u0431\u043d\u0438\u043a \u0434\u043b\u044f \u0441\u0456\u043c\u0435\u0439, \u044f\u043a\u0456 \u043f\u0435\u0440\u0435\u0457\u0436\u0434\u0436\u0430\u044e\u0442\u044c \u0434\u043e \u0424\u0456\u043d\u043b\u044f\u043d\u0434\u0456\u0457 \u0442\u0430 \u0422\u0443\u0440\u043a\u0443 UKR<\/a><\/li>\n<li>Somali <a href=\"https:\/\/turku-my.sharepoint.com\/personal\/juudit_hurtig_turku_fi\/Documents\/VALMO\/Opas%20ja%20k%C3%A4%C3%A4nn%C3%B6kset\/pdf-versiot%20blogiin\/Opas%20Suomeen%20ja%20Turkuun%20muuttavalle%20perheelle_somalipdf.pdf?CT=1776941459532&amp;OR=ItemsView\">Hagaha loogu tala galay qoysaska Finland iyo Turku u soo guuraya SO<\/a><\/li>\n<li>Englanti <a href=\"https:\/\/turku-my.sharepoint.com\/personal\/juudit_hurtig_turku_fi\/Documents\/VALMO\/Opas%20ja%20k%C3%A4%C3%A4nn%C3%B6kset\/pdf-versiot%20blogiin\/Opas%20Suomeen%20ja%20Turkuun%20muuttavalle%20perheelle_englantipdf.pdf?CT=1776941454439&amp;OR=ItemsView\">Guide for a family moving to Turku in Finland ENG<\/a><\/li>\n<li>Arabia <a href=\"https:\/\/turku-my.sharepoint.com\/personal\/juudit_hurtig_turku_fi\/Documents\/VALMO\/Opas%20ja%20k%C3%A4%C3%A4nn%C3%B6kset\/pdf-versiot%20blogiin\/Opas%20Suomeen%20ja%20Turkuun%20muuttavalle%20perheelle_arabiapdf.pdf?CT=1776941448327&amp;OR=ItemsView\">AR \u062f\u0644\u064a\u0644 \u0644\u0623\u0644\u0631\u0633\u0629 \u0627\u0644\u0645\u0646\u062a\u0650\u0642\u0644\u0629 \u0625\u0649\u0644 \u0641\u0646\u0644\u0646\u062f\u0627 \u0648\u0625\u0649\u0644 \u062a\u0648\u0631\u0643\u0648<\/a><\/li>\n<li>Albania <a href=\"https:\/\/turku-my.sharepoint.com\/personal\/juudit_hurtig_turku_fi\/Documents\/VALMO\/Opas%20ja%20k%C3%A4%C3%A4nn%C3%B6kset\/pdf-versiot%20blogiin\/Opas%20Suomeen%20ja%20Turkuun%20muuttavalle%20perheelle_albaniapdf.pdf?CT=1776941441020&amp;OR=ItemsView\">Udh\u00ebzues p\u00ebr familjet q\u00eb shp\u00ebrngulen n\u00eb Finland\u00eb dhe n\u00eb Turku ALB<\/a><\/li>\n<\/ul>\n<\/li>\n<\/ul>\n<\/li>\n<\/ul>\n<p><img loading=\"lazy\" decoding=\"async\" class=\"alignnone size-medium wp-image-2344\" src=\"https:\/\/blog.edu.turku.fi\/monikulttuurinenopetus\/files\/2026\/04\/FI_Co-fundedbytheEU_RGB_Monochrome-scaled-300x71.png\" alt=\"\" width=\"300\" height=\"71\" srcset=\"https:\/\/blog.edu.turku.fi\/monikulttuurinenopetus\/files\/2026\/04\/FI_Co-fundedbytheEU_RGB_Monochrome-scaled-300x71.png 300w, https:\/\/blog.edu.turku.fi\/monikulttuurinenopetus\/files\/2026\/04\/FI_Co-fundedbytheEU_RGB_Monochrome-scaled-1024x244.png 1024w\" sizes=\"auto, (max-width: 300px) 85vw, 300px\" \/><\/p>\n<p>&nbsp;<\/p>\n","protected":false},"excerpt":{"rendered":"<p>Newcomer\u2019s Guide This guidebook provides answers to many questions related to moving to Turku, living in Turku, and working in Turku. Newcomer&#8217;s Guide (in English) Opas Suomeen ja Turkuun muuttavalle perheelle Opas perheille jotka ovat hiljattain muuttaneet Suomeen. Sis\u00e4lt\u00e4\u00e4 hy\u00f6dyllist\u00e4 tietoa koulunk\u00e4ynnist\u00e4 Suomessa. Opas Suomeen ja Turkuun muuttavalle perheelle K\u00e4\u00e4nn\u00f6kset Vietnam H\u01b0\u1edbng d\u1eabn d\u00e0nh cho &hellip; <a href=\"https:\/\/blog.edu.turku.fi\/monikulttuurinenopetus\/opas-suomeen-ja-turkuun-muuttavalle-perheelle\/\" class=\"more-link\">Jatka lukemista<span class=\"screen-reader-text\"> &#8221;Oppaita Suomeen ja Turkuun muuttavalle&#8221;<\/span><\/a><\/p>\n","protected":false},"author":1827,"featured_media":0,"parent":0,"menu_order":0,"comment_status":"closed","ping_status":"closed","template":"","meta":{"footnotes":""},"class_list":["post-2228","page","type-page","status-publish","hentry"],"_links":{"self":[{"href":"https:\/\/blog.edu.turku.fi\/monikulttuurinenopetus\/wp-json\/wp\/v2\/pages\/2228","targetHints":{"allow":["GET"]}}],"collection":[{"href":"https:\/\/blog.edu.turku.fi\/monikulttuurinenopetus\/wp-json\/wp\/v2\/pages"}],"about":[{"href":"https:\/\/blog.edu.turku.fi\/monikulttuurinenopetus\/wp-json\/wp\/v2\/types\/page"}],"author":[{"embeddable":true,"href":"https:\/\/blog.edu.turku.fi\/monikulttuurinenopetus\/wp-json\/wp\/v2\/users\/1827"}],"replies":[{"embeddable":true,"href":"https:\/\/blog.edu.turku.fi\/monikulttuurinenopetus\/wp-json\/wp\/v2\/comments?post=2228"}],"version-history":[{"count":7,"href":"https:\/\/blog.edu.turku.fi\/monikulttuurinenopetus\/wp-json\/wp\/v2\/pages\/2228\/revisions"}],"predecessor-version":[{"id":2351,"href":"https:\/\/blog.edu.turku.fi\/monikulttuurinenopetus\/wp-json\/wp\/v2\/pages\/2228\/revisions\/2351"}],"wp:attachment":[{"href":"https:\/\/blog.edu.turku.fi\/monikulttuurinenopetus\/wp-json\/wp\/v2\/media?parent=2228"}],"curies":[{"name":"wp","href":"https:\/\/api.w.org\/{rel}","templated":true}]}}