{"id":2179,"date":"2025-03-14T10:14:46","date_gmt":"2025-03-14T08:14:46","guid":{"rendered":"https:\/\/blog.edu.turku.fi\/monikulttuurinenopetus\/?page_id=2179"},"modified":"2026-03-25T19:52:23","modified_gmt":"2026-03-25T17:52:23","slug":"materiaalia-s2-opetuksen-tueksi","status":"publish","type":"page","link":"https:\/\/blog.edu.turku.fi\/monikulttuurinenopetus\/materiaalia-s2-opetuksen-tueksi\/","title":{"rendered":"Materiaalia S2-opetuksen tueksi"},"content":{"rendered":"<p>Suomi toisena kielen\u00e4 ja kirjallisuus (S2)sivulla kerrotaan suomi toisena kielen\u00e4 ja kirjallisuus -opetuksesta. Sivulla k\u00e4sitell\u00e4\u00e4n mm. suomen oppim\u00e4\u00e4r\u00e4n valintaa ja vaihtamista perusopetuksessa: <a href=\"https:\/\/www.oph.fi\/fi\/koulutus-ja-tutkinnot\/suomi-toisena-kielena-ja-kirjallisuus-opetus\">Suomi toisena kielen\u00e4 ja kirjallisuus -opetus | Opetushallitus<\/a><\/p>\n<p>Svenska som andraspr\u00e5k och litteratur: <a href=\"https:\/\/www.oph.fi\/sv\/utbildning-och-examina\/svenska-som-andrasprak-och-litteratur\">Svenska som andraspr\u00e5k och litteratur | Utbildningsstyrelsen<\/a><\/p>\n<p>Uusitut opetussuunnitelman perusteet l\u00f6ytyv\u00e4t t\u00e4\u00e4lt\u00e4: <a href=\"https:\/\/eperusteet.opintopolku.fi\/#\/fi\/perusopetus\/419550\/oppiaineet\/466340\">https:\/\/eperusteet.opintopolku.fi\/#\/fi\/perusopetus\/419550\/oppiaineet\/466340<\/a>, oppim\u00e4\u00e4r\u00e4 suomi toisena kielen\u00e4 ja kirjallisuus<\/p>\n<p>T\u00e4lt\u00e4 sivustolta l\u00f6yd\u00e4t monenlaista sis\u00e4lt\u00f6\u00e4 s2-kielenopiskelun tueksi: <a href=\"https:\/\/yle.fi\/oppiminen\/suomen-kieli\">Yle.fi | Oppiminen<\/a><\/p>\n<p>Suomi toisena kielen\u00e4 ja kirjallisuus -oppim\u00e4\u00e4r\u00e4n n\u00e4k\u00f6kulmia vuosiluokkien 1\u20136 opetukseen (OPH): <a href=\"https:\/\/www.oph.fi\/fi\/koulutus-ja-tutkinnot\/suomi-toisena-kielena-ja-kirjallisuus-oppimaaran-nakokulmia-vuosiluokkien-1-6\">Suomi toisena kielen\u00e4 ja kirjallisuus -oppim\u00e4\u00e4r\u00e4n n\u00e4k\u00f6kulmia vuosiluokkien 1\u20136 opetukseen | Opetushallitus<\/a><\/p>\n<p>Yhteisopettajuus ja joustava ryhmittely \u00e4idinkieli ja kirjallisuus -oppiaineen opetuksessa vuosiluokilla 1-6: <a href=\"https:\/\/www.oph.fi\/fi\/koulutus-ja-tutkinnot\/yhteisopettajuus-ja-joustava-ryhmittely-aidinkieli-ja-kirjallisuus-oppiaineen\">Yhteisopettajuus ja joustava ryhmittely \u00e4idinkieli ja kirjallisuus -oppiaineen opetuksessa vuosiluokilla 1-6 | Opetushallitus<\/a><\/p>\n<p>Materiaalit \u00e4idinkieli ja kirjallisuus lis\u00e4tuntien webinaarista 11.3.2025 &#8221;Lis\u00e4\u00e4 luku- ja kirjoitustaitoa&#8221;:\u00a0<a href=\"https:\/\/www.oph.fi\/sites\/default\/files\/documents\/11.3.2025%20%C3%84idinkieli%20ja%20kirjallisuus%20-%20lis%C3%A4tuntien%20webinaari.pdf\">https:\/\/www.oph.fi\/sites\/default\/files\/documents\/11.3.2025%20%C3%84idinkieli%20ja%20kirjallisuus%20-%20lis%C3%A4tuntien%20webinaari.pdf<\/a><\/p>\n","protected":false},"excerpt":{"rendered":"<p>Suomi toisena kielen\u00e4 ja kirjallisuus (S2)sivulla kerrotaan suomi toisena kielen\u00e4 ja kirjallisuus -opetuksesta. Sivulla k\u00e4sitell\u00e4\u00e4n mm. suomen oppim\u00e4\u00e4r\u00e4n valintaa ja vaihtamista perusopetuksessa: Suomi toisena kielen\u00e4 ja kirjallisuus -opetus | Opetushallitus Svenska som andraspr\u00e5k och litteratur: Svenska som andraspr\u00e5k och litteratur | Utbildningsstyrelsen Uusitut opetussuunnitelman perusteet l\u00f6ytyv\u00e4t t\u00e4\u00e4lt\u00e4: https:\/\/eperusteet.opintopolku.fi\/#\/fi\/perusopetus\/419550\/oppiaineet\/466340, oppim\u00e4\u00e4r\u00e4 suomi toisena kielen\u00e4 ja kirjallisuus T\u00e4lt\u00e4 &hellip; <a href=\"https:\/\/blog.edu.turku.fi\/monikulttuurinenopetus\/materiaalia-s2-opetuksen-tueksi\/\" class=\"more-link\">Jatka lukemista<span class=\"screen-reader-text\"> &#8221;Materiaalia S2-opetuksen tueksi&#8221;<\/span><\/a><\/p>\n","protected":false},"author":1827,"featured_media":0,"parent":0,"menu_order":0,"comment_status":"closed","ping_status":"closed","template":"","meta":{"footnotes":""},"class_list":["post-2179","page","type-page","status-publish","hentry"],"_links":{"self":[{"href":"https:\/\/blog.edu.turku.fi\/monikulttuurinenopetus\/wp-json\/wp\/v2\/pages\/2179","targetHints":{"allow":["GET"]}}],"collection":[{"href":"https:\/\/blog.edu.turku.fi\/monikulttuurinenopetus\/wp-json\/wp\/v2\/pages"}],"about":[{"href":"https:\/\/blog.edu.turku.fi\/monikulttuurinenopetus\/wp-json\/wp\/v2\/types\/page"}],"author":[{"embeddable":true,"href":"https:\/\/blog.edu.turku.fi\/monikulttuurinenopetus\/wp-json\/wp\/v2\/users\/1827"}],"replies":[{"embeddable":true,"href":"https:\/\/blog.edu.turku.fi\/monikulttuurinenopetus\/wp-json\/wp\/v2\/comments?post=2179"}],"version-history":[{"count":7,"href":"https:\/\/blog.edu.turku.fi\/monikulttuurinenopetus\/wp-json\/wp\/v2\/pages\/2179\/revisions"}],"predecessor-version":[{"id":2337,"href":"https:\/\/blog.edu.turku.fi\/monikulttuurinenopetus\/wp-json\/wp\/v2\/pages\/2179\/revisions\/2337"}],"wp:attachment":[{"href":"https:\/\/blog.edu.turku.fi\/monikulttuurinenopetus\/wp-json\/wp\/v2\/media?parent=2179"}],"curies":[{"name":"wp","href":"https:\/\/api.w.org\/{rel}","templated":true}]}}