{"id":2137,"date":"2024-11-19T11:16:23","date_gmt":"2024-11-19T09:16:23","guid":{"rendered":"https:\/\/blog.edu.turku.fi\/monikulttuurinenopetus\/?page_id=2137"},"modified":"2024-11-19T11:18:44","modified_gmt":"2024-11-19T09:18:44","slug":"mita-on-tiedonalojen-kieli","status":"publish","type":"page","link":"https:\/\/blog.edu.turku.fi\/monikulttuurinenopetus\/mita-on-tiedonalojen-kieli\/","title":{"rendered":"Mit\u00e4 on tiedonalojen kieli?"},"content":{"rendered":"<p>Tiedonalojen kielell\u00e4 tarkoitetaan jokaisen oppiaineen omaa k\u00e4sitteist\u00f6\u00e4 sek\u00e4 tapoja ja perinteist\u00f6\u00e4 tuottaa teksti\u00e4.<\/p>\n<p>Tiedonalojen kieli on oppimisen ja opetuksen kielimuoto. Sill\u00e4 on toki yhteisi\u00e4 piirteit\u00e4 arkisen puhekielen kanssa, jota koulussa my\u00f6s k\u00e4ytet\u00e4\u00e4n, mutta tiettyjen ominaisuuksien perusteella voidaan puhua akateemisesta kielest\u00e4, tiedonalojen kielest\u00e4. \u00a0Tiedonalojen kieleen kuuluu erityinen sanasto, joka tulee harvoin esille arkikieless\u00e4.\u00a0 Eri tiedonaloilla on tietoon kiinnittyvi\u00e4 tapoja ja perinteit\u00e4 tuottaa tekstej\u00e4. Arkikielt\u00e4\u00a0<strong>vaativammat kielen rakenteet<\/strong>\u00a0ovat ominaisia tiedonalojen kielelle.\u00a0Tiedonalojen kielell\u00e4 tuotetuissa teksteiss\u00e4 on piirteit\u00e4, jotka poikkeavat arkikielest\u00e4.<\/p>\n<p>Lis\u00e4tietoa: <a href=\"https:\/\/eur04.safelinks.protection.outlook.com\/?url=https%3A%2F%2Fwww.oph.fi%2Ffi%2Foppimateriaali%2Fmonilukutaitoa-kielitietoisesti-eri-oppiaineissa-tietoa-ja-tyotapoja-4&amp;data=05%7C02%7C%7C640a397984a04107e36f08dd08781097%7C6c5e2c8ad3f04a0b965842502c73e17b%7C0%7C0%7C638676034290096174%7CUnknown%7CTWFpbGZsb3d8eyJFbXB0eU1hcGkiOnRydWUsIlYiOiIwLjAuMDAwMCIsIlAiOiJXaW4zMiIsIkFOIjoiTWFpbCIsIldUIjoyfQ%3D%3D%7C0%7C%7C%7C&amp;sdata=Co2o1Ej7o%2FRh6aGSyYLjOR2WZoZUfBcDOlTBOVUkzo0%3D&amp;reserved=0\" data-auth=\"NotApplicable\">https:\/\/www.oph.fi\/fi\/oppimateriaali\/monilukutaitoa-kielitietoisesti-eri-oppiaineissa-tietoa-ja-tyotapoja-4<\/a><\/p>\n<p>Ilona Kuukan luomia tekstiteht\u00e4vi\u00e4 eri tiedonaloilta l\u00f6ytyy t\u00e4\u00e4lt\u00e4: <a href=\"https:\/\/www.oph.fi\/sites\/default\/files\/documents\/Tekstiteht%C3%A4vi%C3%A4%20eri%20tiedonaloilta.pdf\">Tekstiteht\u00e4vi\u00e4 eri tiedonaloilta.pdf<\/a><\/p>\n<p>T\u00e4lt\u00e4 sivulta l\u00f6yd\u00e4t monipuolista materiaalia kielitietoisen opetuksen tueksi: <a href=\"https:\/\/www.oph.fi\/fi\/opettajille\/kielitietoisuus\">Kielitietoisuus | Opetushallitus<\/a><\/p>\n","protected":false},"excerpt":{"rendered":"<p>Tiedonalojen kielell\u00e4 tarkoitetaan jokaisen oppiaineen omaa k\u00e4sitteist\u00f6\u00e4 sek\u00e4 tapoja ja perinteist\u00f6\u00e4 tuottaa teksti\u00e4. Tiedonalojen kieli on oppimisen ja opetuksen kielimuoto. Sill\u00e4 on toki yhteisi\u00e4 piirteit\u00e4 arkisen puhekielen kanssa, jota koulussa my\u00f6s k\u00e4ytet\u00e4\u00e4n, mutta tiettyjen ominaisuuksien perusteella voidaan puhua akateemisesta kielest\u00e4, tiedonalojen kielest\u00e4. \u00a0Tiedonalojen kieleen kuuluu erityinen sanasto, joka tulee harvoin esille arkikieless\u00e4.\u00a0 Eri tiedonaloilla on &hellip; <a href=\"https:\/\/blog.edu.turku.fi\/monikulttuurinenopetus\/mita-on-tiedonalojen-kieli\/\" class=\"more-link\">Jatka lukemista<span class=\"screen-reader-text\"> &#8221;Mit\u00e4 on tiedonalojen kieli?&#8221;<\/span><\/a><\/p>\n","protected":false},"author":1827,"featured_media":0,"parent":0,"menu_order":0,"comment_status":"closed","ping_status":"closed","template":"","meta":{"footnotes":""},"class_list":["post-2137","page","type-page","status-publish","hentry"],"_links":{"self":[{"href":"https:\/\/blog.edu.turku.fi\/monikulttuurinenopetus\/wp-json\/wp\/v2\/pages\/2137","targetHints":{"allow":["GET"]}}],"collection":[{"href":"https:\/\/blog.edu.turku.fi\/monikulttuurinenopetus\/wp-json\/wp\/v2\/pages"}],"about":[{"href":"https:\/\/blog.edu.turku.fi\/monikulttuurinenopetus\/wp-json\/wp\/v2\/types\/page"}],"author":[{"embeddable":true,"href":"https:\/\/blog.edu.turku.fi\/monikulttuurinenopetus\/wp-json\/wp\/v2\/users\/1827"}],"replies":[{"embeddable":true,"href":"https:\/\/blog.edu.turku.fi\/monikulttuurinenopetus\/wp-json\/wp\/v2\/comments?post=2137"}],"version-history":[{"count":2,"href":"https:\/\/blog.edu.turku.fi\/monikulttuurinenopetus\/wp-json\/wp\/v2\/pages\/2137\/revisions"}],"predecessor-version":[{"id":2140,"href":"https:\/\/blog.edu.turku.fi\/monikulttuurinenopetus\/wp-json\/wp\/v2\/pages\/2137\/revisions\/2140"}],"wp:attachment":[{"href":"https:\/\/blog.edu.turku.fi\/monikulttuurinenopetus\/wp-json\/wp\/v2\/media?parent=2137"}],"curies":[{"name":"wp","href":"https:\/\/api.w.org\/{rel}","templated":true}]}}