{"id":2132,"date":"2024-11-19T10:50:25","date_gmt":"2024-11-19T08:50:25","guid":{"rendered":"https:\/\/blog.edu.turku.fi\/monikulttuurinenopetus\/?page_id=2132"},"modified":"2024-11-19T10:50:25","modified_gmt":"2024-11-19T08:50:25","slug":"monikielisen-oppilaan-paattoarviointi","status":"publish","type":"page","link":"https:\/\/blog.edu.turku.fi\/monikulttuurinenopetus\/monikielisen-oppilaan-paattoarviointi\/","title":{"rendered":"Monikielisen oppilaan p\u00e4\u00e4tt\u00f6arviointi"},"content":{"rendered":"<p>Perusopetuksen k\u00e4ytt\u00f6\u00f6n on tehty ohje monikielisen oppilaan p\u00e4\u00e4tt\u00f6arviointiin. Ohjeessa huomioidaan erityisesti opetuskielen osaaminen ja sen vaikutus p\u00e4\u00e4tt\u00f6arviointiin.<\/p>\n<p>Tiivistetysti:<\/p>\n<p>&#8221;P\u00e4\u00e4tt\u00f6arvioinnissa on huomioitava monikielisen oppilaan kielitaito sek\u00e4 opetuskieless\u00e4 ett\u00e4 arvioitavan oppiaineen tiedonalan kieless\u00e4. Oppilaalle tulee tarjota mahdollisuuksia osoittaa osaamistaan eri tavoin, ja arvioinnin tulee olla monipuolista ja yhdenvertaista. Tekstitaitojen hallinta on keskeist\u00e4, ja oppilaan kielelliset ja sis\u00e4ll\u00f6lliset resurssit arvioidaan aina tekstitaidoissa.&#8221;<\/p>\n<p>Tiedonalojen kielell\u00e4 tarkoitetaan jokaisen oppiaineen omaa k\u00e4sitteist\u00f6\u00e4 sek\u00e4 tapoja ja perinteist\u00f6\u00e4 tuottaa teksti\u00e4. Lis\u00e4tietoa: <a href=\"https:\/\/eur04.safelinks.protection.outlook.com\/?url=https%3A%2F%2Fwww.oph.fi%2Ffi%2Foppimateriaali%2Fmonilukutaitoa-kielitietoisesti-eri-oppiaineissa-tietoa-ja-tyotapoja-4&amp;data=05%7C02%7C%7C0e866b64d9084dbf2f2a08dd0875b4a1%7C6c5e2c8ad3f04a0b965842502c73e17b%7C0%7C0%7C638676024053234388%7CUnknown%7CTWFpbGZsb3d8eyJFbXB0eU1hcGkiOnRydWUsIlYiOiIwLjAuMDAwMCIsIlAiOiJXaW4zMiIsIkFOIjoiTWFpbCIsIldUIjoyfQ%3D%3D%7C0%7C%7C%7C&amp;sdata=%2FLFfSPDuUM4qIyWWXo1cd87PEKDFskIGAbaqV6RkEs4%3D&amp;reserved=0\">https:\/\/www.oph.fi\/fi\/oppimateriaali\/monilukutaitoa-kielitietoisesti-eri-oppiaineissa-tietoa-ja-tyotapoja-4<\/a><\/p>\n<p><a href=\"https:\/\/blog.edu.turku.fi\/monikulttuurinenopetus\/files\/2024\/11\/Ohje-monikielisen-oppilaan-paattoarviointiin.pdf\">Ohje monikielisen oppilaan p\u00e4\u00e4tt\u00f6arviointiin<\/a><\/p>\n","protected":false},"excerpt":{"rendered":"<p>Perusopetuksen k\u00e4ytt\u00f6\u00f6n on tehty ohje monikielisen oppilaan p\u00e4\u00e4tt\u00f6arviointiin. Ohjeessa huomioidaan erityisesti opetuskielen osaaminen ja sen vaikutus p\u00e4\u00e4tt\u00f6arviointiin. Tiivistetysti: &#8221;P\u00e4\u00e4tt\u00f6arvioinnissa on huomioitava monikielisen oppilaan kielitaito sek\u00e4 opetuskieless\u00e4 ett\u00e4 arvioitavan oppiaineen tiedonalan kieless\u00e4. Oppilaalle tulee tarjota mahdollisuuksia osoittaa osaamistaan eri tavoin, ja arvioinnin tulee olla monipuolista ja yhdenvertaista. Tekstitaitojen hallinta on keskeist\u00e4, ja oppilaan kielelliset ja sis\u00e4ll\u00f6lliset &hellip; <a href=\"https:\/\/blog.edu.turku.fi\/monikulttuurinenopetus\/monikielisen-oppilaan-paattoarviointi\/\" class=\"more-link\">Jatka lukemista<span class=\"screen-reader-text\"> &#8221;Monikielisen oppilaan p\u00e4\u00e4tt\u00f6arviointi&#8221;<\/span><\/a><\/p>\n","protected":false},"author":1827,"featured_media":0,"parent":0,"menu_order":0,"comment_status":"closed","ping_status":"closed","template":"","meta":{"footnotes":""},"class_list":["post-2132","page","type-page","status-publish","hentry"],"_links":{"self":[{"href":"https:\/\/blog.edu.turku.fi\/monikulttuurinenopetus\/wp-json\/wp\/v2\/pages\/2132","targetHints":{"allow":["GET"]}}],"collection":[{"href":"https:\/\/blog.edu.turku.fi\/monikulttuurinenopetus\/wp-json\/wp\/v2\/pages"}],"about":[{"href":"https:\/\/blog.edu.turku.fi\/monikulttuurinenopetus\/wp-json\/wp\/v2\/types\/page"}],"author":[{"embeddable":true,"href":"https:\/\/blog.edu.turku.fi\/monikulttuurinenopetus\/wp-json\/wp\/v2\/users\/1827"}],"replies":[{"embeddable":true,"href":"https:\/\/blog.edu.turku.fi\/monikulttuurinenopetus\/wp-json\/wp\/v2\/comments?post=2132"}],"version-history":[{"count":1,"href":"https:\/\/blog.edu.turku.fi\/monikulttuurinenopetus\/wp-json\/wp\/v2\/pages\/2132\/revisions"}],"predecessor-version":[{"id":2135,"href":"https:\/\/blog.edu.turku.fi\/monikulttuurinenopetus\/wp-json\/wp\/v2\/pages\/2132\/revisions\/2135"}],"wp:attachment":[{"href":"https:\/\/blog.edu.turku.fi\/monikulttuurinenopetus\/wp-json\/wp\/v2\/media?parent=2132"}],"curies":[{"name":"wp","href":"https:\/\/api.w.org\/{rel}","templated":true}]}}