{"id":2123,"date":"2024-09-24T17:50:31","date_gmt":"2024-09-24T14:50:31","guid":{"rendered":"https:\/\/blog.edu.turku.fi\/monikulttuurinenopetus\/?page_id=2123"},"modified":"2024-09-24T18:12:10","modified_gmt":"2024-09-24T15:12:10","slug":"vinkkeja-lukutaidon-kehittamiseen","status":"publish","type":"page","link":"https:\/\/blog.edu.turku.fi\/monikulttuurinenopetus\/vinkkeja-lukutaidon-kehittamiseen\/","title":{"rendered":"Vinkkej\u00e4 lukutaidon kehitt\u00e4miseen"},"content":{"rendered":"<p>Lukukeskuksen sivuilla on 19 eri kielell\u00e4 tietoa lukemisesta vanhemmille: <a href=\"https:\/\/eur04.safelinks.protection.outlook.com\/?url=https%3A%2F%2Fluelapselle.fi%2Fesitteet-eri-kielilla%2F&amp;data=05%7C02%7C%7Cebc7ed82097a4910e3e408dcd2f00aa4%7C6c5e2c8ad3f04a0b965842502c73e17b%7C0%7C0%7C638617175637545591%7CUnknown%7CTWFpbGZsb3d8eyJWIjoiMC4wLjAwMDAiLCJQIjoiV2luMzIiLCJBTiI6Ik1haWwiLCJXVCI6Mn0%3D%7C0%7C%7C%7C&amp;sdata=1A1ffTOgRkwPt0AXtIln5peFgM8b3TVDQIMvy%2BbzZxs%3D&amp;reserved=0\" target=\"_blank\" rel=\"noopener noreferrer\" data-auth=\"Verified\">Esitteet eri kielill\u00e4 &#8211; Lue Lapselle<\/a><\/p>\n<p>T\u00e4ss\u00e4 my\u00f6s teksti, jonka vanhemmille voi asiasta halutessaan jakaa suomeksi tai lapsen ensikielell\u00e4:<\/p>\n<p><em>Vanhemmat voivat auttaa lasta oppimaan lukemaan. Lukeminen on t\u00e4rke\u00e4\u00e4 kaikessa opiskelussa. Lukutaito on t\u00e4rke\u00e4 lapsen tulevaisuudelle. Linkiss\u00e4 on esitteit\u00e4 19 eri kielell\u00e4. Esite kertoo, miten voit tukea lapsen lukutaitoa ja \u00e4idinkielt\u00e4 kotona. <a href=\"https:\/\/eur04.safelinks.protection.outlook.com\/?url=https%3A%2F%2Fluelapselle.fi%2Fesitteet-eri-kielilla%2F&amp;data=05%7C02%7C%7Cebc7ed82097a4910e3e408dcd2f00aa4%7C6c5e2c8ad3f04a0b965842502c73e17b%7C0%7C0%7C638617175637534084%7CUnknown%7CTWFpbGZsb3d8eyJWIjoiMC4wLjAwMDAiLCJQIjoiV2luMzIiLCJBTiI6Ik1haWwiLCJXVCI6Mn0%3D%7C0%7C%7C%7C&amp;sdata=wkfOxIwGRKpH314h7921fOtAeh8Jgw3lPhPFMw5DzUo%3D&amp;reserved=0\">Esitteet eri kielill\u00e4 &#8211; Lue Lapselle<\/a><\/em><\/p>\n","protected":false},"excerpt":{"rendered":"<p>Lukukeskuksen sivuilla on 19 eri kielell\u00e4 tietoa lukemisesta vanhemmille: Esitteet eri kielill\u00e4 &#8211; Lue Lapselle T\u00e4ss\u00e4 my\u00f6s teksti, jonka vanhemmille voi asiasta halutessaan jakaa suomeksi tai lapsen ensikielell\u00e4: Vanhemmat voivat auttaa lasta oppimaan lukemaan. Lukeminen on t\u00e4rke\u00e4\u00e4 kaikessa opiskelussa. Lukutaito on t\u00e4rke\u00e4 lapsen tulevaisuudelle. Linkiss\u00e4 on esitteit\u00e4 19 eri kielell\u00e4. Esite kertoo, miten voit tukea &hellip; <a href=\"https:\/\/blog.edu.turku.fi\/monikulttuurinenopetus\/vinkkeja-lukutaidon-kehittamiseen\/\" class=\"more-link\">Jatka lukemista<span class=\"screen-reader-text\"> &#8221;Vinkkej\u00e4 lukutaidon kehitt\u00e4miseen&#8221;<\/span><\/a><\/p>\n","protected":false},"author":1827,"featured_media":0,"parent":0,"menu_order":0,"comment_status":"closed","ping_status":"closed","template":"","meta":{"footnotes":""},"class_list":["post-2123","page","type-page","status-publish","hentry"],"_links":{"self":[{"href":"https:\/\/blog.edu.turku.fi\/monikulttuurinenopetus\/wp-json\/wp\/v2\/pages\/2123","targetHints":{"allow":["GET"]}}],"collection":[{"href":"https:\/\/blog.edu.turku.fi\/monikulttuurinenopetus\/wp-json\/wp\/v2\/pages"}],"about":[{"href":"https:\/\/blog.edu.turku.fi\/monikulttuurinenopetus\/wp-json\/wp\/v2\/types\/page"}],"author":[{"embeddable":true,"href":"https:\/\/blog.edu.turku.fi\/monikulttuurinenopetus\/wp-json\/wp\/v2\/users\/1827"}],"replies":[{"embeddable":true,"href":"https:\/\/blog.edu.turku.fi\/monikulttuurinenopetus\/wp-json\/wp\/v2\/comments?post=2123"}],"version-history":[{"count":4,"href":"https:\/\/blog.edu.turku.fi\/monikulttuurinenopetus\/wp-json\/wp\/v2\/pages\/2123\/revisions"}],"predecessor-version":[{"id":2128,"href":"https:\/\/blog.edu.turku.fi\/monikulttuurinenopetus\/wp-json\/wp\/v2\/pages\/2123\/revisions\/2128"}],"wp:attachment":[{"href":"https:\/\/blog.edu.turku.fi\/monikulttuurinenopetus\/wp-json\/wp\/v2\/media?parent=2123"}],"curies":[{"name":"wp","href":"https:\/\/api.w.org\/{rel}","templated":true}]}}