{"id":2090,"date":"2024-06-10T11:13:54","date_gmt":"2024-06-10T08:13:54","guid":{"rendered":"https:\/\/blog.edu.turku.fi\/monikulttuurinenopetus\/?page_id=2090"},"modified":"2025-12-01T12:17:05","modified_gmt":"2025-12-01T10:17:05","slug":"materiaaleja","status":"publish","type":"page","link":"https:\/\/blog.edu.turku.fi\/monikulttuurinenopetus\/materiaaleja\/","title":{"rendered":"Materiaaleja"},"content":{"rendered":"<p>T\u00e4lle sivustolle kootaan VALMO-OPON tuottamia oppituntipohjia sek\u00e4 muuta materiaalia:<\/p>\n<p><a href=\"https:\/\/blog.edu.turku.fi\/monikulttuurinenopetus\/files\/2024\/06\/Oppituntipohja-vahvuuksista.docx\">Oppituntipohja vahvuuksista<\/a><\/p>\n<p><a href=\"https:\/\/blog.edu.turku.fi\/monikulttuurinenopetus\/files\/2024\/06\/Ohjeet-CVn-tekoon.docx\">Ohjeet CVn tekoon<\/a><\/p>\n<p><a href=\"https:\/\/blog.edu.turku.fi\/monikulttuurinenopetus\/files\/2024\/06\/Oppitunti-suomalaisesta-koulutusjarjestelmasta.docx\">Oppitunti suomalaisesta koulutusj\u00e4rjestelm\u00e4st\u00e4<\/a><\/p>\n<p><a href=\"https:\/\/blog.edu.turku.fi\/monikulttuurinenopetus\/files\/2024\/06\/Valmosta-jatko-opintoihin-Koulumuotojen-esittely-selkeasti.pptx\">Valmosta jatko-opintoihin: Koulumuotojen esittely selke\u00e4sti-diaesitys<\/a><\/p>\n<p>&nbsp;<\/p>\n<p>Usein kysyttyj\u00e4 kysymyksi\u00e4:<\/p>\n<p>Erityisten tutkintojen suorittaminen- hy\u00f6ty oppilaan kannalta ja oppilaan motivointi: <a href=\"https:\/\/blog.edu.turku.fi\/monikulttuurinenopetus\/files\/2024\/06\/Erityinen-tutkinto-UKK.docx\">Erityinen tutkinto UKK<\/a> (p\u00e4ivitetty 1.12.2025)<\/p>\n<p>Kooste VALMO-opon saamista suosituimmista kysymyksist\u00e4 ja niiden vastauksista:<\/p>\n<p><a href=\"https:\/\/blog.edu.turku.fi\/monikulttuurinenopetus\/files\/2024\/06\/VALMO-opon-UKK-2024.docx\">VALMO-opon UKK 2024 \u00a0<\/a>(p\u00e4ivitetty 1.12.2025)<\/p>\n<p><a href=\"https:\/\/edumailturku-my.sharepoint.com\/:w:\/g\/personal\/juudit_hurtig_edu_turku_fi\/IQDCh0VX_ddNRp8Gz1T5CShNATTEq7-Oya3296RLcjbuT9U?e=jRf1ZF\">AIPE UKK 2025-2026<\/a> (p\u00e4ivitetty 1.12.2025)<\/p>\n<p>&nbsp;<\/p>\n","protected":false},"excerpt":{"rendered":"<p>T\u00e4lle sivustolle kootaan VALMO-OPON tuottamia oppituntipohjia sek\u00e4 muuta materiaalia: Oppituntipohja vahvuuksista Ohjeet CVn tekoon Oppitunti suomalaisesta koulutusj\u00e4rjestelm\u00e4st\u00e4 Valmosta jatko-opintoihin: Koulumuotojen esittely selke\u00e4sti-diaesitys &nbsp; Usein kysyttyj\u00e4 kysymyksi\u00e4: Erityisten tutkintojen suorittaminen- hy\u00f6ty oppilaan kannalta ja oppilaan motivointi: Erityinen tutkinto UKK (p\u00e4ivitetty 1.12.2025) Kooste VALMO-opon saamista suosituimmista kysymyksist\u00e4 ja niiden vastauksista: VALMO-opon UKK 2024 \u00a0(p\u00e4ivitetty 1.12.2025) AIPE UKK &hellip; <a href=\"https:\/\/blog.edu.turku.fi\/monikulttuurinenopetus\/materiaaleja\/\" class=\"more-link\">Jatka lukemista<span class=\"screen-reader-text\"> &#8221;Materiaaleja&#8221;<\/span><\/a><\/p>\n","protected":false},"author":1827,"featured_media":0,"parent":0,"menu_order":0,"comment_status":"closed","ping_status":"closed","template":"","meta":{"footnotes":""},"class_list":["post-2090","page","type-page","status-publish","hentry"],"_links":{"self":[{"href":"https:\/\/blog.edu.turku.fi\/monikulttuurinenopetus\/wp-json\/wp\/v2\/pages\/2090","targetHints":{"allow":["GET"]}}],"collection":[{"href":"https:\/\/blog.edu.turku.fi\/monikulttuurinenopetus\/wp-json\/wp\/v2\/pages"}],"about":[{"href":"https:\/\/blog.edu.turku.fi\/monikulttuurinenopetus\/wp-json\/wp\/v2\/types\/page"}],"author":[{"embeddable":true,"href":"https:\/\/blog.edu.turku.fi\/monikulttuurinenopetus\/wp-json\/wp\/v2\/users\/1827"}],"replies":[{"embeddable":true,"href":"https:\/\/blog.edu.turku.fi\/monikulttuurinenopetus\/wp-json\/wp\/v2\/comments?post=2090"}],"version-history":[{"count":8,"href":"https:\/\/blog.edu.turku.fi\/monikulttuurinenopetus\/wp-json\/wp\/v2\/pages\/2090\/revisions"}],"predecessor-version":[{"id":2298,"href":"https:\/\/blog.edu.turku.fi\/monikulttuurinenopetus\/wp-json\/wp\/v2\/pages\/2090\/revisions\/2298"}],"wp:attachment":[{"href":"https:\/\/blog.edu.turku.fi\/monikulttuurinenopetus\/wp-json\/wp\/v2\/media?parent=2090"}],"curies":[{"name":"wp","href":"https:\/\/api.w.org\/{rel}","templated":true}]}}